{"id":8355,"date":"2025-06-24T18:57:45","date_gmt":"2025-06-24T16:57:45","guid":{"rendered":"https:\/\/oushi.upol.cz\/?page_id=8355"},"modified":"2025-06-24T18:58:13","modified_gmt":"2025-06-24T16:58:13","slug":"mgr-jana-furstova-ph-d","status":"publish","type":"page","link":"https:\/\/oushi.upol.cz\/en\/vyzkum\/vyzkumni-pracovnici\/mgr-jana-furstova-ph-d\/","title":{"rendered":"Mgr. Jana F\u00fcrstov\u00e1, Ph.D."},"content":{"rendered":"<div data-elementor-type=\"wp-page\" data-elementor-id=\"8355\" class=\"elementor elementor-8355\" data-elementor-post-type=\"page\">\n\t\t\t\t\t\t<section class=\"elementor-section elementor-top-section elementor-element elementor-element-8baccfe elementor-section-boxed elementor-section-height-default elementor-section-height-default\" data-id=\"8baccfe\" data-element_type=\"section\" data-e-type=\"section\">\n\t\t\t\t\t\t<div class=\"elementor-container elementor-column-gap-default\">\n\t\t\t\t\t<div class=\"elementor-column elementor-col-100 elementor-top-column elementor-element elementor-element-3d172d9\" data-id=\"3d172d9\" data-element_type=\"column\" data-e-type=\"column\" data-settings=\"{&quot;background_background&quot;:&quot;classic&quot;}\">\n\t\t\t<div class=\"elementor-widget-wrap elementor-element-populated\">\n\t\t\t\t\t\t<section class=\"elementor-section elementor-inner-section elementor-element elementor-element-be09b21 elementor-section-boxed elementor-section-height-default elementor-section-height-default\" data-id=\"be09b21\" data-element_type=\"section\" data-e-type=\"section\">\n\t\t\t\t\t\t<div class=\"elementor-container elementor-column-gap-default\">\n\t\t\t\t\t<div class=\"elementor-column elementor-col-50 elementor-inner-column elementor-element elementor-element-f676d4e\" data-id=\"f676d4e\" data-element_type=\"column\" data-e-type=\"column\">\n\t\t\t<div class=\"elementor-widget-wrap elementor-element-populated\">\n\t\t\t\t\t\t<div class=\"elementor-element elementor-element-b109e7f elementor-widget elementor-widget-image\" data-id=\"b109e7f\" data-element_type=\"widget\" data-e-type=\"widget\" data-widget_type=\"image.default\">\n\t\t\t\t<div class=\"elementor-widget-container\">\n\t\t\t\t\t\t\t\t\t\t\t\t\t\t\t<img fetchpriority=\"high\" decoding=\"async\" width=\"2560\" height=\"1707\" src=\"https:\/\/oushi.upol.cz\/wp-content\/uploads\/2025\/05\/Jana-Furstova-1-scaled.jpg\" class=\"attachment-full size-full wp-image-8311\" alt=\"\" srcset=\"https:\/\/oushi.upol.cz\/wp-content\/uploads\/2025\/05\/Jana-Furstova-1-scaled.jpg 2560w, https:\/\/oushi.upol.cz\/wp-content\/uploads\/2025\/05\/Jana-Furstova-1-300x200.jpg 300w, https:\/\/oushi.upol.cz\/wp-content\/uploads\/2025\/05\/Jana-Furstova-1-1024x683.jpg 1024w, https:\/\/oushi.upol.cz\/wp-content\/uploads\/2025\/05\/Jana-Furstova-1-768x512.jpg 768w, https:\/\/oushi.upol.cz\/wp-content\/uploads\/2025\/05\/Jana-Furstova-1-1536x1024.jpg 1536w, https:\/\/oushi.upol.cz\/wp-content\/uploads\/2025\/05\/Jana-Furstova-1-2048x1365.jpg 2048w, https:\/\/oushi.upol.cz\/wp-content\/uploads\/2025\/05\/Jana-Furstova-1-18x12.jpg 18w\" sizes=\"(max-width: 2560px) 100vw, 2560px\" \/>\t\t\t\t\t\t\t\t\t\t\t\t\t\t\t<\/div>\n\t\t\t\t<\/div>\n\t\t\t\t\t<\/div>\n\t\t<\/div>\n\t\t\t\t<div class=\"elementor-column elementor-col-50 elementor-inner-column elementor-element elementor-element-e1fd214\" data-id=\"e1fd214\" data-element_type=\"column\" data-e-type=\"column\">\n\t\t\t<div class=\"elementor-widget-wrap elementor-element-populated\">\n\t\t\t\t\t\t<div class=\"elementor-element elementor-element-e03ca16 elementor-widget elementor-widget-heading\" data-id=\"e03ca16\" data-element_type=\"widget\" data-e-type=\"widget\" data-widget_type=\"heading.default\">\n\t\t\t\t<div class=\"elementor-widget-container\">\n\t\t\t\t\t<h3 class=\"elementor-heading-title elementor-size-default\">Mgr. Jana F\u00fcrstov\u00e1, Ph.D.\n<\/h3>\t\t\t\t<\/div>\n\t\t\t\t<\/div>\n\t\t\t\t<div class=\"elementor-element elementor-element-cbc1d79 elementor-align-start elementor-icon-list--layout-traditional elementor-list-item-link-full_width elementor-widget elementor-widget-icon-list\" data-id=\"cbc1d79\" data-element_type=\"widget\" data-e-type=\"widget\" data-widget_type=\"icon-list.default\">\n\t\t\t\t<div class=\"elementor-widget-container\">\n\t\t\t\t\t\t\t<ul class=\"elementor-icon-list-items\">\n\t\t\t\t\t\t\t<li class=\"elementor-icon-list-item\">\n\t\t\t\t\t\t\t\t\t\t\t<a href=\"mailto:%20jana.furstova@oushi.upol.cz\">\n\n\t\t\t\t\t\t\t\t\t\t\t\t<span class=\"elementor-icon-list-icon\">\n\t\t\t\t\t\t\t<i aria-hidden=\"true\" class=\"fas fa-envelope\"><\/i>\t\t\t\t\t\t<\/span>\n\t\t\t\t\t\t\t\t\t\t<span class=\"elementor-icon-list-text\">jana.furstova@oushi.upol.cz<\/span>\n\t\t\t\t\t\t\t\t\t\t\t<\/a>\n\t\t\t\t\t\t\t\t\t<\/li>\n\t\t\t\t\t\t\t\t<li class=\"elementor-icon-list-item\">\n\t\t\t\t\t\t\t\t\t\t\t<span class=\"elementor-icon-list-icon\">\n\t\t\t\t\t\t\t<i aria-hidden=\"true\" class=\"far fa-id-card\"><\/i>\t\t\t\t\t\t<\/span>\n\t\t\t\t\t\t\t\t\t\t<span class=\"elementor-icon-list-text\">ORCID: 0000-0003-4057-2540<\/span>\n\t\t\t\t\t\t\t\t\t<\/li>\n\t\t\t\t\t\t<\/ul>\n\t\t\t\t\t\t<\/div>\n\t\t\t\t<\/div>\n\t\t\t\t<div class=\"elementor-element elementor-element-efd27e4 elementor-widget elementor-widget-heading\" data-id=\"efd27e4\" data-element_type=\"widget\" data-e-type=\"widget\" data-widget_type=\"heading.default\">\n\t\t\t\t<div class=\"elementor-widget-container\">\n\t\t\t\t\t<h5 class=\"elementor-heading-title elementor-size-default\">Section:<\/h5>\t\t\t\t<\/div>\n\t\t\t\t<\/div>\n\t\t\t\t<div class=\"elementor-element elementor-element-47312a4 elementor-icon-list--layout-traditional elementor-list-item-link-full_width elementor-widget elementor-widget-icon-list\" data-id=\"47312a4\" data-element_type=\"widget\" data-e-type=\"widget\" data-widget_type=\"icon-list.default\">\n\t\t\t\t<div class=\"elementor-widget-container\">\n\t\t\t\t\t\t\t<ul class=\"elementor-icon-list-items\">\n\t\t\t\t\t\t\t<li class=\"elementor-icon-list-item\">\n\t\t\t\t\t\t\t\t\t\t\t<a href=\"#vyzkum\">\n\n\t\t\t\t\t\t\t\t\t\t\t\t<span class=\"elementor-icon-list-icon\">\n\t\t\t\t\t\t\t<i aria-hidden=\"true\" class=\"fas fa-plus\"><\/i>\t\t\t\t\t\t<\/span>\n\t\t\t\t\t\t\t\t\t\t<span class=\"elementor-icon-list-text\">TBD<\/span>\n\t\t\t\t\t\t\t\t\t\t\t<\/a>\n\t\t\t\t\t\t\t\t\t<\/li>\n\t\t\t\t\t\t<\/ul>\n\t\t\t\t\t\t<\/div>\n\t\t\t\t<\/div>\n\t\t\t\t\t<\/div>\n\t\t<\/div>\n\t\t\t\t\t<\/div>\n\t\t<\/section>\n\t\t\t\t\t<\/div>\n\t\t<\/div>\n\t\t\t\t\t<\/div>\n\t\t<\/section>\n\t\t\t\t<section class=\"elementor-section elementor-top-section elementor-element elementor-element-a1947f4 elementor-section-boxed elementor-section-height-default elementor-section-height-default\" data-id=\"a1947f4\" data-element_type=\"section\" data-e-type=\"section\">\n\t\t\t\t\t\t<div class=\"elementor-container elementor-column-gap-default\">\n\t\t\t\t\t<div class=\"elementor-column elementor-col-100 elementor-top-column elementor-element elementor-element-c789fa4\" data-id=\"c789fa4\" data-element_type=\"column\" data-e-type=\"column\" data-settings=\"{&quot;background_background&quot;:&quot;classic&quot;}\">\n\t\t\t<div class=\"elementor-widget-wrap elementor-element-populated\">\n\t\t\t\t\t\t<div class=\"elementor-element elementor-element-c438941 elementor-widget elementor-widget-menu-anchor\" data-id=\"c438941\" data-element_type=\"widget\" data-e-type=\"widget\" data-widget_type=\"menu-anchor.default\">\n\t\t\t\t<div class=\"elementor-widget-container\">\n\t\t\t\t\t\t\t<div class=\"elementor-menu-anchor\" id=\"vyzkum\"><\/div>\n\t\t\t\t\t\t<\/div>\n\t\t\t\t<\/div>\n\t\t\t\t<section class=\"elementor-section elementor-inner-section elementor-element elementor-element-a8c8244 elementor-section-boxed elementor-section-height-default elementor-section-height-default\" data-id=\"a8c8244\" data-element_type=\"section\" data-e-type=\"section\">\n\t\t\t\t\t\t<div class=\"elementor-container elementor-column-gap-default\">\n\t\t\t\t\t<div class=\"elementor-column elementor-col-100 elementor-inner-column elementor-element elementor-element-32c8278\" data-id=\"32c8278\" data-element_type=\"column\" data-e-type=\"column\">\n\t\t\t<div class=\"elementor-widget-wrap elementor-element-populated\">\n\t\t\t\t\t\t<div class=\"elementor-element elementor-element-5e264b8 elementor-widget elementor-widget-heading\" data-id=\"5e264b8\" data-element_type=\"widget\" data-e-type=\"widget\" data-widget_type=\"heading.default\">\n\t\t\t\t<div class=\"elementor-widget-container\">\n\t\t\t\t\t<h4 class=\"elementor-heading-title elementor-size-default\">Major research areas<\/h4>\t\t\t\t<\/div>\n\t\t\t\t<\/div>\n\t\t\t\t<div class=\"elementor-element elementor-element-3800b0a elementor-icon-list--layout-traditional elementor-list-item-link-full_width elementor-widget elementor-widget-icon-list\" data-id=\"3800b0a\" data-element_type=\"widget\" data-e-type=\"widget\" data-widget_type=\"icon-list.default\">\n\t\t\t\t<div class=\"elementor-widget-container\">\n\t\t\t\t\t\t\t<ul class=\"elementor-icon-list-items\">\n\t\t\t\t\t\t\t<li class=\"elementor-icon-list-item\">\n\t\t\t\t\t\t\t\t\t\t\t<span class=\"elementor-icon-list-icon\">\n\t\t\t\t\t\t\t<i aria-hidden=\"true\" class=\"fas fa-caret-right\"><\/i>\t\t\t\t\t\t<\/span>\n\t\t\t\t\t\t\t\t\t\t<span class=\"elementor-icon-list-text\">Statistick\u00e1 anal\u00fdza dat<\/span>\n\t\t\t\t\t\t\t\t\t<\/li>\n\t\t\t\t\t\t\t\t<li class=\"elementor-icon-list-item\">\n\t\t\t\t\t\t\t\t\t\t\t<span class=\"elementor-icon-list-icon\">\n\t\t\t\t\t\t\t<i aria-hidden=\"true\" class=\"fas fa-caret-right\"><\/i>\t\t\t\t\t\t<\/span>\n\t\t\t\t\t\t\t\t\t\t<span class=\"elementor-icon-list-text\">Bayesovsk\u00e9 metody<\/span>\n\t\t\t\t\t\t\t\t\t<\/li>\n\t\t\t\t\t\t\t\t<li class=\"elementor-icon-list-item\">\n\t\t\t\t\t\t\t\t\t\t\t<span class=\"elementor-icon-list-icon\">\n\t\t\t\t\t\t\t<i aria-hidden=\"true\" class=\"fas fa-caret-right\"><\/i>\t\t\t\t\t\t<\/span>\n\t\t\t\t\t\t\t\t\t\t<span class=\"elementor-icon-list-text\">Public health<\/span>\n\t\t\t\t\t\t\t\t\t<\/li>\n\t\t\t\t\t\t\t\t<li class=\"elementor-icon-list-item\">\n\t\t\t\t\t\t\t\t\t\t\t<span class=\"elementor-icon-list-icon\">\n\t\t\t\t\t\t\t<i aria-hidden=\"true\" class=\"fas fa-caret-right\"><\/i>\t\t\t\t\t\t<\/span>\n\t\t\t\t\t\t\t\t\t\t<span class=\"elementor-icon-list-text\">Zdrav\u00ed a \u017eivotn\u00ed styl d\u011bt\u00ed a \u0161kol\u00e1k\u016f - Health Behaviour in School-aged Children (hbsc.cz, hbsc.org)<\/span>\n\t\t\t\t\t\t\t\t\t<\/li>\n\t\t\t\t\t\t<\/ul>\n\t\t\t\t\t\t<\/div>\n\t\t\t\t<\/div>\n\t\t\t\t\t<\/div>\n\t\t<\/div>\n\t\t\t\t\t<\/div>\n\t\t<\/section>\n\t\t\t\t<section class=\"elementor-section elementor-inner-section elementor-element elementor-element-2c7bbe9 elementor-section-boxed elementor-section-height-default elementor-section-height-default\" data-id=\"2c7bbe9\" data-element_type=\"section\" data-e-type=\"section\">\n\t\t\t\t\t\t<div class=\"elementor-container elementor-column-gap-default\">\n\t\t\t\t\t<div class=\"elementor-column elementor-col-100 elementor-inner-column elementor-element elementor-element-b7c6ad4\" data-id=\"b7c6ad4\" data-element_type=\"column\" data-e-type=\"column\">\n\t\t\t<div class=\"elementor-widget-wrap elementor-element-populated\">\n\t\t\t\t\t\t<div class=\"elementor-element elementor-element-e84915c elementor-widget elementor-widget-menu-anchor\" data-id=\"e84915c\" data-element_type=\"widget\" data-e-type=\"widget\" data-widget_type=\"menu-anchor.default\">\n\t\t\t\t<div class=\"elementor-widget-container\">\n\t\t\t\t\t\t\t<div class=\"elementor-menu-anchor\" id=\"vzdelani\"><\/div>\n\t\t\t\t\t\t<\/div>\n\t\t\t\t<\/div>\n\t\t\t\t<div class=\"elementor-element elementor-element-be021c4 elementor-widget elementor-widget-heading\" data-id=\"be021c4\" data-element_type=\"widget\" data-e-type=\"widget\" data-widget_type=\"heading.default\">\n\t\t\t\t<div class=\"elementor-widget-container\">\n\t\t\t\t\t<h4 class=\"elementor-heading-title elementor-size-default\">Education<\/h4>\t\t\t\t<\/div>\n\t\t\t\t<\/div>\n\t\t\t\t\t<\/div>\n\t\t<\/div>\n\t\t\t\t\t<\/div>\n\t\t<\/section>\n\t\t\t\t<section class=\"elementor-section elementor-inner-section elementor-element elementor-element-85da2d1 elementor-section-boxed elementor-section-height-default elementor-section-height-default\" data-id=\"85da2d1\" data-element_type=\"section\" data-e-type=\"section\">\n\t\t\t\t\t\t<div class=\"elementor-container elementor-column-gap-default\">\n\t\t\t\t\t<div class=\"elementor-column elementor-col-100 elementor-inner-column elementor-element elementor-element-a8f74fc\" data-id=\"a8f74fc\" data-element_type=\"column\" data-e-type=\"column\">\n\t\t\t<div class=\"elementor-widget-wrap elementor-element-populated\">\n\t\t\t\t\t\t<div class=\"elementor-element elementor-element-e06a2fa elementor-widget elementor-widget-html\" data-id=\"e06a2fa\" data-element_type=\"widget\" data-e-type=\"widget\" data-widget_type=\"html.default\">\n\t\t\t\t<div class=\"elementor-widget-container\">\n\t\t\t\t\t\r\n<table>\r\n<tbody>\r\n<tr>\r\n<td><b>2023 - 2024<\/b><\/td>\r\n<td>Fulbright Scholar: Department of Statistics, College of Public Health & Health Professions<\/td>\r\n<td>University of Florida, Gainesville, FL, USA\r\n<\/td>\r\n<\/tr>\r\n<tr>\r\n<td><b>2018 - 2022<\/b><\/td>\r\n<td>Ph.D. studium: Soci\u00e1ln\u00ed a spiritu\u00e1ln\u00ed determinanty zdrav\u00ed <\/td>\r\n<td>Cyrilometod\u011bjsk\u00e1 teologick\u00e1 fakulta Univerzity Palack\u00e9ho v Olomouci\r\n<\/td>\r\n<\/tr>\r\n<tr>\r\n<td><b>2012 - 2013<\/b><\/td>\r\n<td>Auditing student: Statistics<\/td>\r\n<td>Northwestern University, Evanston, IL, USA\r\n<\/td>\r\n<\/tr>\r\n<tr>\r\n<td><b>2002 - 2008<\/b><\/td>\r\n<td>Magistersk\u00e9 studium: Matematika a jej\u00ed aplikace<\/td>\r\n<td>P\u0159\u00edrodov\u011bdeck\u00e1 fakulta Univerzity Palack\u00e9ho v Olomouci\r\n<\/td>\r\n<\/tr>\r\n<tr>\r\n\r\n<\/tr>\r\n<\/tbody>\r\n<\/table>\t\t\t\t<\/div>\n\t\t\t\t<\/div>\n\t\t\t\t\t<\/div>\n\t\t<\/div>\n\t\t\t\t\t<\/div>\n\t\t<\/section>\n\t\t\t\t\t<\/div>\n\t\t<\/div>\n\t\t\t\t\t<\/div>\n\t\t<\/section>\n\t\t\t\t<\/div>","protected":false},"excerpt":{"rendered":"<p>Mgr. Jana F\u00fcrstov\u00e1, Ph.D. jana.furstova@oushi.upol.cz ORCID: 0000-0003-4057-2540 Sekce: TBD Hlavn\u00ed oblasti v\u00fdzkumu Statistick\u00e1 anal\u00fdza dat Bayesovsk\u00e9 metody Ve\u0159ejn\u00e9 zdrav\u00ed Zdrav\u00ed a \u017eivotn\u00ed styl d\u011bt\u00ed a \u0161kol\u00e1k\u016f &#8211; Health Behaviour in School-aged Children (hbsc.cz, hbsc.org) Vzd\u011bl\u00e1n\u00ed 2023 &#8211; 2024 Fulbright Scholar: Department of Statistics, College of Public Health &#038; Health Professions University of Florida, Gainesville, FL, &hellip;<\/p>\n<p class=\"read-more\"> <a class=\"\" href=\"https:\/\/oushi.upol.cz\/en\/vyzkum\/vyzkumni-pracovnici\/mgr-jana-furstova-ph-d\/\"> <span class=\"screen-reader-text\">Mgr. Jana F\u00fcrstov\u00e1, Ph.D.<\/span> Read More &raquo;<\/a><\/p>","protected":false},"author":15,"featured_media":0,"parent":3373,"menu_order":0,"comment_status":"closed","ping_status":"closed","template":"","meta":{"site-sidebar-layout":"no-sidebar","site-content-layout":"page-builder","ast-global-header-display":"","ast-main-header-display":"","ast-hfb-above-header-display":"","ast-hfb-below-header-display":"","ast-hfb-mobile-header-display":"","site-post-title":"disabled","ast-breadcrumbs-content":"","ast-featured-img":"disabled","footer-sml-layout":"","theme-transparent-header-meta":"","adv-header-id-meta":"","stick-header-meta":"","header-above-stick-meta":"","header-main-stick-meta":"","header-below-stick-meta":"","footnotes":""},"class_list":["post-8355","page","type-page","status-publish","hentry"],"aioseo_notices":[],"_links":{"self":[{"href":"https:\/\/oushi.upol.cz\/en\/wp-json\/wp\/v2\/pages\/8355","targetHints":{"allow":["GET"]}}],"collection":[{"href":"https:\/\/oushi.upol.cz\/en\/wp-json\/wp\/v2\/pages"}],"about":[{"href":"https:\/\/oushi.upol.cz\/en\/wp-json\/wp\/v2\/types\/page"}],"author":[{"embeddable":true,"href":"https:\/\/oushi.upol.cz\/en\/wp-json\/wp\/v2\/users\/15"}],"replies":[{"embeddable":true,"href":"https:\/\/oushi.upol.cz\/en\/wp-json\/wp\/v2\/comments?post=8355"}],"version-history":[{"count":3,"href":"https:\/\/oushi.upol.cz\/en\/wp-json\/wp\/v2\/pages\/8355\/revisions"}],"predecessor-version":[{"id":8358,"href":"https:\/\/oushi.upol.cz\/en\/wp-json\/wp\/v2\/pages\/8355\/revisions\/8358"}],"up":[{"embeddable":true,"href":"https:\/\/oushi.upol.cz\/en\/wp-json\/wp\/v2\/pages\/3373"}],"wp:attachment":[{"href":"https:\/\/oushi.upol.cz\/en\/wp-json\/wp\/v2\/media?parent=8355"}],"curies":[{"name":"wp","href":"https:\/\/api.w.org\/{rel}","templated":true}]}}