{"id":7995,"date":"2024-11-19T16:47:25","date_gmt":"2024-11-19T15:47:25","guid":{"rendered":"https:\/\/oushi.upol.cz\/?page_id=7995"},"modified":"2024-11-29T18:39:29","modified_gmt":"2024-11-29T17:39:29","slug":"mgr-eva-kochtova","status":"publish","type":"page","link":"https:\/\/oushi.upol.cz\/en\/terapeuticke-centrum\/mgr-eva-kochtova\/","title":{"rendered":"Mgr. Eva Kochtov\u00e1"},"content":{"rendered":"<div data-elementor-type=\"wp-page\" data-elementor-id=\"7995\" class=\"elementor elementor-7995\" data-elementor-post-type=\"page\">\n\t\t\t\t\t\t<section class=\"elementor-section elementor-top-section elementor-element elementor-element-c3ebc7a elementor-section-boxed elementor-section-height-default elementor-section-height-default\" data-id=\"c3ebc7a\" data-element_type=\"section\" data-e-type=\"section\">\n\t\t\t\t\t\t<div class=\"elementor-container elementor-column-gap-default\">\n\t\t\t\t\t<div class=\"elementor-column elementor-col-100 elementor-top-column elementor-element elementor-element-7199daa\" data-id=\"7199daa\" data-element_type=\"column\" data-e-type=\"column\">\n\t\t\t<div class=\"elementor-widget-wrap elementor-element-populated\">\n\t\t\t\t\t\t<section class=\"elementor-section elementor-inner-section elementor-element elementor-element-a8042e3 elementor-section-boxed elementor-section-height-default elementor-section-height-default\" data-id=\"a8042e3\" data-element_type=\"section\" data-e-type=\"section\">\n\t\t\t\t\t\t<div class=\"elementor-container elementor-column-gap-default\">\n\t\t\t\t\t<div class=\"elementor-column elementor-col-50 elementor-inner-column elementor-element elementor-element-e9f0c66\" data-id=\"e9f0c66\" data-element_type=\"column\" data-e-type=\"column\">\n\t\t\t<div class=\"elementor-widget-wrap elementor-element-populated\">\n\t\t\t\t\t\t<div class=\"elementor-element elementor-element-ec6d415 elementor-position-inline-start elementor-mobile-position-inline-start elementor-view-default elementor-widget elementor-widget-icon-box\" data-id=\"ec6d415\" data-element_type=\"widget\" data-e-type=\"widget\" data-widget_type=\"icon-box.default\">\n\t\t\t\t<div class=\"elementor-widget-container\">\n\t\t\t\t\t\t\t<div class=\"elementor-icon-box-wrapper\">\n\n\t\t\t\t\t\t<div class=\"elementor-icon-box-icon\">\n\t\t\t\t<a href=\"https:\/\/oushi.upol.cz\/en\/terapeuticke-centrum\/#terapeuti\" class=\"elementor-icon\" tabindex=\"-1\" aria-label=\"Therapists\">\n\t\t\t\t<i aria-hidden=\"true\" class=\"fas fa-angle-left\"><\/i>\t\t\t\t<\/a>\n\t\t\t<\/div>\n\t\t\t\n\t\t\t\t\t\t<div class=\"elementor-icon-box-content\">\n\n\t\t\t\t\t\t\t\t\t<div class=\"elementor-icon-box-title\">\n\t\t\t\t\t\t<a href=\"https:\/\/oushi.upol.cz\/en\/terapeuticke-centrum\/#terapeuti\" >\n\t\t\t\t\t\t\tTherapists\t\t\t\t\t\t<\/a>\n\t\t\t\t\t<\/div>\n\t\t\t\t\n\t\t\t\t\n\t\t\t<\/div>\n\t\t\t\n\t\t<\/div>\n\t\t\t\t\t\t<\/div>\n\t\t\t\t<\/div>\n\t\t\t\t\t<\/div>\n\t\t<\/div>\n\t\t\t\t<div class=\"elementor-column elementor-col-50 elementor-inner-column elementor-element elementor-element-dc3689b\" data-id=\"dc3689b\" data-element_type=\"column\" data-e-type=\"column\">\n\t\t\t<div class=\"elementor-widget-wrap\">\n\t\t\t\t\t\t\t<\/div>\n\t\t<\/div>\n\t\t\t\t\t<\/div>\n\t\t<\/section>\n\t\t\t\t\t<\/div>\n\t\t<\/div>\n\t\t\t\t\t<\/div>\n\t\t<\/section>\n\t\t\t\t<section class=\"elementor-section elementor-top-section elementor-element elementor-element-8baccfe elementor-section-boxed elementor-section-height-default elementor-section-height-default\" data-id=\"8baccfe\" data-element_type=\"section\" data-e-type=\"section\">\n\t\t\t\t\t\t<div class=\"elementor-container elementor-column-gap-default\">\n\t\t\t\t\t<div class=\"elementor-column elementor-col-100 elementor-top-column elementor-element elementor-element-3d172d9\" data-id=\"3d172d9\" data-element_type=\"column\" data-e-type=\"column\" data-settings=\"{&quot;background_background&quot;:&quot;classic&quot;}\">\n\t\t\t<div class=\"elementor-widget-wrap elementor-element-populated\">\n\t\t\t\t\t\t<section class=\"elementor-section elementor-inner-section elementor-element elementor-element-be09b21 elementor-section-boxed elementor-section-height-default elementor-section-height-default\" data-id=\"be09b21\" data-element_type=\"section\" data-e-type=\"section\">\n\t\t\t\t\t\t<div class=\"elementor-container elementor-column-gap-default\">\n\t\t\t\t\t<div class=\"elementor-column elementor-col-50 elementor-inner-column elementor-element elementor-element-f676d4e\" data-id=\"f676d4e\" data-element_type=\"column\" data-e-type=\"column\">\n\t\t\t<div class=\"elementor-widget-wrap elementor-element-populated\">\n\t\t\t\t\t\t<div class=\"elementor-element elementor-element-b109e7f elementor-widget elementor-widget-image\" data-id=\"b109e7f\" data-element_type=\"widget\" data-e-type=\"widget\" data-widget_type=\"image.default\">\n\t\t\t\t<div class=\"elementor-widget-container\">\n\t\t\t\t\t\t\t\t\t\t\t\t\t\t\t<img fetchpriority=\"high\" decoding=\"async\" width=\"2560\" height=\"1706\" src=\"https:\/\/oushi.upol.cz\/wp-content\/uploads\/2024\/10\/Eva-Kochtova\u0301-scaled.jpg\" class=\"attachment-full size-full wp-image-7927\" alt=\"\" srcset=\"https:\/\/oushi.upol.cz\/wp-content\/uploads\/2024\/10\/Eva-Kochtova\u0301-scaled.jpg 2560w, https:\/\/oushi.upol.cz\/wp-content\/uploads\/2024\/10\/Eva-Kochtova\u0301-300x200.jpg 300w, https:\/\/oushi.upol.cz\/wp-content\/uploads\/2024\/10\/Eva-Kochtova\u0301-1024x683.jpg 1024w, https:\/\/oushi.upol.cz\/wp-content\/uploads\/2024\/10\/Eva-Kochtova\u0301-768x512.jpg 768w, https:\/\/oushi.upol.cz\/wp-content\/uploads\/2024\/10\/Eva-Kochtova\u0301-1536x1024.jpg 1536w, https:\/\/oushi.upol.cz\/wp-content\/uploads\/2024\/10\/Eva-Kochtova\u0301-2048x1365.jpg 2048w, https:\/\/oushi.upol.cz\/wp-content\/uploads\/2024\/10\/Eva-Kochtova\u0301-18x12.jpg 18w\" sizes=\"(max-width: 2560px) 100vw, 2560px\" \/>\t\t\t\t\t\t\t\t\t\t\t\t\t\t\t<\/div>\n\t\t\t\t<\/div>\n\t\t\t\t\t<\/div>\n\t\t<\/div>\n\t\t\t\t<div class=\"elementor-column elementor-col-50 elementor-inner-column elementor-element elementor-element-e1fd214\" data-id=\"e1fd214\" data-element_type=\"column\" data-e-type=\"column\">\n\t\t\t<div class=\"elementor-widget-wrap elementor-element-populated\">\n\t\t\t\t\t\t<div class=\"elementor-element elementor-element-e03ca16 elementor-widget elementor-widget-heading\" data-id=\"e03ca16\" data-element_type=\"widget\" data-e-type=\"widget\" data-widget_type=\"heading.default\">\n\t\t\t\t<div class=\"elementor-widget-container\">\n\t\t\t\t\t<h3 class=\"elementor-heading-title elementor-size-default\">Mgr. Eva Kochtov\u00e1<\/h3>\t\t\t\t<\/div>\n\t\t\t\t<\/div>\n\t\t\t\t\t<\/div>\n\t\t<\/div>\n\t\t\t\t\t<\/div>\n\t\t<\/section>\n\t\t\t\t\t<\/div>\n\t\t<\/div>\n\t\t\t\t\t<\/div>\n\t\t<\/section>\n\t\t\t\t<section class=\"elementor-section elementor-top-section elementor-element elementor-element-a1947f4 elementor-section-boxed elementor-section-height-default elementor-section-height-default\" data-id=\"a1947f4\" data-element_type=\"section\" data-e-type=\"section\">\n\t\t\t\t\t\t<div class=\"elementor-container elementor-column-gap-default\">\n\t\t\t\t\t<div class=\"elementor-column elementor-col-100 elementor-top-column elementor-element elementor-element-c789fa4\" data-id=\"c789fa4\" data-element_type=\"column\" data-e-type=\"column\" data-settings=\"{&quot;background_background&quot;:&quot;classic&quot;}\">\n\t\t\t<div class=\"elementor-widget-wrap elementor-element-populated\">\n\t\t\t\t\t\t<div class=\"elementor-element elementor-element-c438941 elementor-widget elementor-widget-menu-anchor\" data-id=\"c438941\" data-element_type=\"widget\" data-e-type=\"widget\" data-widget_type=\"menu-anchor.default\">\n\t\t\t\t<div class=\"elementor-widget-container\">\n\t\t\t\t\t\t\t<div class=\"elementor-menu-anchor\" id=\"vyzkum\"><\/div>\n\t\t\t\t\t\t<\/div>\n\t\t\t\t<\/div>\n\t\t\t\t<section class=\"elementor-section elementor-inner-section elementor-element elementor-element-a8c8244 elementor-section-boxed elementor-section-height-default elementor-section-height-default\" data-id=\"a8c8244\" data-element_type=\"section\" data-e-type=\"section\">\n\t\t\t\t\t\t<div class=\"elementor-container elementor-column-gap-default\">\n\t\t\t\t\t<div class=\"elementor-column elementor-col-100 elementor-inner-column elementor-element elementor-element-32c8278\" data-id=\"32c8278\" data-element_type=\"column\" data-e-type=\"column\">\n\t\t\t<div class=\"elementor-widget-wrap elementor-element-populated\">\n\t\t\t\t\t\t<div class=\"elementor-element elementor-element-5e264b8 elementor-widget elementor-widget-heading\" data-id=\"5e264b8\" data-element_type=\"widget\" data-e-type=\"widget\" data-widget_type=\"heading.default\">\n\t\t\t\t<div class=\"elementor-widget-container\">\n\t\t\t\t\t<h4 class=\"elementor-heading-title elementor-size-default\">About me<\/h4>\t\t\t\t<\/div>\n\t\t\t\t<\/div>\n\t\t\t\t<div class=\"elementor-element elementor-element-df7daf1 elementor-widget elementor-widget-text-editor\" data-id=\"df7daf1\" data-element_type=\"widget\" data-e-type=\"widget\" data-widget_type=\"text-editor.default\">\n\t\t\t\t<div class=\"elementor-widget-container\">\n\t\t\t\t\t\t\t\t\t<p style=\"margin: 0cm 0cm 14.4pt; font-size: 12pt; font-family: &quot;Times New Roman&quot;, serif; color: rgb(0, 0, 0); font-style: normal; font-weight: 400; background-image: initial; background-position: initial; background-size: initial; background-repeat: initial; background-attachment: initial; background-origin: initial; background-clip: initial;\"><span style=\"font-size: 11pt; font-family: Arial, sans-serif; color: rgb(54, 54, 54);\">Absolvovala jsem komplexn\u00ed psychoterapeutick\u00fd v\u00fdcvik v integrativn\u00ed psychoterapii, atestovala jsem v oboru Klinick\u00e1 psychologie, m\u00e1m atestaci z psychoterapie s opr\u00e1vn\u011bn\u00edm samostatn\u011b poskytovat systematickou psychoterapii ve zdravotnictv\u00ed.V roce 2021 jsem ukon\u010dila komplexn\u00ed v\u00fdcvik pro pr\u00e1ci s traumatem, kter\u00fd je akreditovan\u00fd Evropskou asociac\u00ed EMDR.&nbsp; M\u00e1m v\u00fdcviky a kurzy v klasick\u00e9 i eriksonovsk\u00e9 hypnoterapii, v neverb\u00e1ln\u00edch technik\u00e1ch, imaginativn\u00edch metod\u00e1ch, asertivit\u011b\u2026&nbsp;<o:p><\/o:p><\/span><\/p><p style=\"margin: 0cm 0cm 14.4pt; font-size: 12pt; font-family: &quot;Times New Roman&quot;, serif; color: rgb(0, 0, 0); font-style: normal; font-weight: 400; background-image: initial; background-position: initial; background-size: initial; background-repeat: initial; background-attachment: initial; background-origin: initial; background-clip: initial; outline-style: none; outline-width: initial;\"><span style=\"font-size: 11pt; font-family: Arial, sans-serif; color: rgb(54, 54, 54);\">T\u00e9m\u011b\u0159 30 let pracuji v klinick\u00e9 psychologii, z toho p\u0159ev\u00e1\u017enou \u010d\u00e1st jsem pracovala v Psychiatrick\u00e9 l\u00e9\u010debn\u011b ve \u0160ternberku, kde jsem&nbsp;v\u00edce jak 10 let p\u016fsobila v pozici vedouc\u00edho klinick\u00e9ho psychologa l\u00e9\u010debny.&nbsp;<o:p><\/o:p><\/span><\/p><p style=\"margin: 0cm 0cm 14.4pt; font-size: 12pt; font-family: &quot;Times New Roman&quot;, serif; color: rgb(0, 0, 0); font-style: normal; font-weight: 400; background-image: initial; background-position: initial; background-size: initial; background-repeat: initial; background-attachment: initial; background-origin: initial; background-clip: initial; outline-style: none; outline-width: initial;\"><span style=\"font-size: 11pt; font-family: Arial, sans-serif; color: rgb(54, 54, 54);\">V roce 2009 jsme spole\u010dn\u011b s MUDr. Michalem Krylem v l\u00e9\u010debn\u011b zakl\u00e1dali psychoterapeutick\u00e9 odd\u011blen\u00ed pro pacienty s neurotick\u00fdmi a stresov\u00fdmi poruchami s integrovan\u00fdm programem, kter\u00e9 d\u00edky sv\u00fdm v\u00fdsledk\u016fm a velmi dobr\u00fdm ohlas\u016fm, bylo jedno z nejl\u00e9pe hodnocen\u00fdch v cel\u00e9 \u010cR.&nbsp;<o:p><\/o:p><\/span><\/p><p style=\"margin: 0cm 0cm 14.4pt; font-size: 12pt; font-family: &quot;Times New Roman&quot;, serif; color: rgb(0, 0, 0); font-style: normal; font-weight: 400; background-image: initial; background-position: initial; background-size: initial; background-repeat: initial; background-attachment: initial; background-origin: initial; background-clip: initial; outline-style: none; outline-width: initial;\"><span style=\"font-size: 11pt; font-family: Arial, sans-serif; color: rgb(54, 54, 54);\">Jsem \u010dlenkou Asociace klinick\u00fdch psycholog\u016f, kde jsem od r. 2016 \u2013 2021 byla p\u0159edsedkyn\u00ed pobo\u010dky Olomouck\u00e9ho kraje AKP \u010cR a \u010dlenkou prezidia, \u010dlenkou \u010cPtS \u010cSL JEP a&nbsp; \u010dlenkou \u010cesk\u00e9ho institutu pro psychotraumatologii a EMDR.<\/span><span style=\"font-family: &quot;PT Serif&quot;, serif; color: rgb(54, 54, 54);\"><o:p><\/o:p><\/span><\/p>\t\t\t\t\t\t\t\t<\/div>\n\t\t\t\t<\/div>\n\t\t\t\t\t<\/div>\n\t\t<\/div>\n\t\t\t\t\t<\/div>\n\t\t<\/section>\n\t\t\t\t<section class=\"elementor-section elementor-inner-section elementor-element elementor-element-2c7bbe9 elementor-section-boxed elementor-section-height-default elementor-section-height-default\" data-id=\"2c7bbe9\" data-element_type=\"section\" data-e-type=\"section\">\n\t\t\t\t\t\t<div class=\"elementor-container elementor-column-gap-default\">\n\t\t\t\t\t<div class=\"elementor-column elementor-col-100 elementor-inner-column elementor-element elementor-element-b7c6ad4\" data-id=\"b7c6ad4\" data-element_type=\"column\" data-e-type=\"column\">\n\t\t\t<div class=\"elementor-widget-wrap elementor-element-populated\">\n\t\t\t\t\t\t<div class=\"elementor-element elementor-element-e84915c elementor-widget elementor-widget-menu-anchor\" data-id=\"e84915c\" data-element_type=\"widget\" data-e-type=\"widget\" data-widget_type=\"menu-anchor.default\">\n\t\t\t\t<div class=\"elementor-widget-container\">\n\t\t\t\t\t\t\t<div class=\"elementor-menu-anchor\" id=\"vzdelani\"><\/div>\n\t\t\t\t\t\t<\/div>\n\t\t\t\t<\/div>\n\t\t\t\t\t<\/div>\n\t\t<\/div>\n\t\t\t\t\t<\/div>\n\t\t<\/section>\n\t\t\t\t\t<\/div>\n\t\t<\/div>\n\t\t\t\t\t<\/div>\n\t\t<\/section>\n\t\t\t\t<\/div>","protected":false},"excerpt":{"rendered":"<p>Terapeuti Mgr. Eva Kochtov\u00e1 O mn\u011b Absolvovala jsem komplexn\u00ed psychoterapeutick\u00fd v\u00fdcvik v integrativn\u00ed psychoterapii, atestovala jsem v oboru Klinick\u00e1 psychologie, m\u00e1m atestaci z psychoterapie s opr\u00e1vn\u011bn\u00edm samostatn\u011b poskytovat systematickou psychoterapii ve zdravotnictv\u00ed.V roce 2021 jsem ukon\u010dila komplexn\u00ed v\u00fdcvik pro pr\u00e1ci s traumatem, kter\u00fd je akreditovan\u00fd Evropskou asociac\u00ed EMDR.&nbsp; M\u00e1m v\u00fdcviky a kurzy v klasick\u00e9 i &hellip;<\/p>\n<p class=\"read-more\"> <a class=\"\" href=\"https:\/\/oushi.upol.cz\/en\/terapeuticke-centrum\/mgr-eva-kochtova\/\"> <span class=\"screen-reader-text\">Mgr. Eva Kochtov\u00e1<\/span> Read More &raquo;<\/a><\/p>","protected":false},"author":15,"featured_media":0,"parent":1487,"menu_order":0,"comment_status":"closed","ping_status":"closed","template":"","meta":{"site-sidebar-layout":"no-sidebar","site-content-layout":"page-builder","ast-global-header-display":"","ast-main-header-display":"","ast-hfb-above-header-display":"","ast-hfb-below-header-display":"","ast-hfb-mobile-header-display":"","site-post-title":"","ast-breadcrumbs-content":"","ast-featured-img":"disabled","footer-sml-layout":"","theme-transparent-header-meta":"","adv-header-id-meta":"","stick-header-meta":"","header-above-stick-meta":"","header-main-stick-meta":"","header-below-stick-meta":"","footnotes":""},"class_list":["post-7995","page","type-page","status-publish","hentry"],"aioseo_notices":[],"_links":{"self":[{"href":"https:\/\/oushi.upol.cz\/en\/wp-json\/wp\/v2\/pages\/7995","targetHints":{"allow":["GET"]}}],"collection":[{"href":"https:\/\/oushi.upol.cz\/en\/wp-json\/wp\/v2\/pages"}],"about":[{"href":"https:\/\/oushi.upol.cz\/en\/wp-json\/wp\/v2\/types\/page"}],"author":[{"embeddable":true,"href":"https:\/\/oushi.upol.cz\/en\/wp-json\/wp\/v2\/users\/15"}],"replies":[{"embeddable":true,"href":"https:\/\/oushi.upol.cz\/en\/wp-json\/wp\/v2\/comments?post=7995"}],"version-history":[{"count":10,"href":"https:\/\/oushi.upol.cz\/en\/wp-json\/wp\/v2\/pages\/7995\/revisions"}],"predecessor-version":[{"id":8070,"href":"https:\/\/oushi.upol.cz\/en\/wp-json\/wp\/v2\/pages\/7995\/revisions\/8070"}],"up":[{"embeddable":true,"href":"https:\/\/oushi.upol.cz\/en\/wp-json\/wp\/v2\/pages\/1487"}],"wp:attachment":[{"href":"https:\/\/oushi.upol.cz\/en\/wp-json\/wp\/v2\/media?parent=7995"}],"curies":[{"name":"wp","href":"https:\/\/api.w.org\/{rel}","templated":true}]}}