{"id":6532,"date":"2022-11-01T23:47:16","date_gmt":"2022-11-01T22:47:16","guid":{"rendered":"https:\/\/oushi.upol.cz\/?page_id=6532"},"modified":"2022-11-11T16:15:45","modified_gmt":"2022-11-11T15:15:45","slug":"zdenek-meier","status":"publish","type":"page","link":"https:\/\/oushi.upol.cz\/en\/terapeuticke-centrum\/zdenek-meier\/","title":{"rendered":"Zden\u011bk Meier"},"content":{"rendered":"<div data-elementor-type=\"wp-page\" data-elementor-id=\"6532\" class=\"elementor elementor-6532\" data-elementor-post-type=\"page\">\n\t\t\t\t\t\t<section class=\"elementor-section elementor-top-section elementor-element elementor-element-c3ebc7a elementor-section-boxed elementor-section-height-default elementor-section-height-default\" data-id=\"c3ebc7a\" data-element_type=\"section\" data-e-type=\"section\">\n\t\t\t\t\t\t<div class=\"elementor-container elementor-column-gap-default\">\n\t\t\t\t\t<div class=\"elementor-column elementor-col-100 elementor-top-column elementor-element elementor-element-7199daa\" data-id=\"7199daa\" data-element_type=\"column\" data-e-type=\"column\">\n\t\t\t<div class=\"elementor-widget-wrap elementor-element-populated\">\n\t\t\t\t\t\t<section class=\"elementor-section elementor-inner-section elementor-element elementor-element-a8042e3 elementor-section-boxed elementor-section-height-default elementor-section-height-default\" data-id=\"a8042e3\" data-element_type=\"section\" data-e-type=\"section\">\n\t\t\t\t\t\t<div class=\"elementor-container elementor-column-gap-default\">\n\t\t\t\t\t<div class=\"elementor-column elementor-col-50 elementor-inner-column elementor-element elementor-element-e9f0c66\" data-id=\"e9f0c66\" data-element_type=\"column\" data-e-type=\"column\">\n\t\t\t<div class=\"elementor-widget-wrap elementor-element-populated\">\n\t\t\t\t\t\t<div class=\"elementor-element elementor-element-ec6d415 elementor-position-inline-start elementor-mobile-position-inline-start elementor-view-default elementor-widget elementor-widget-icon-box\" data-id=\"ec6d415\" data-element_type=\"widget\" data-e-type=\"widget\" data-widget_type=\"icon-box.default\">\n\t\t\t\t<div class=\"elementor-widget-container\">\n\t\t\t\t\t\t\t<div class=\"elementor-icon-box-wrapper\">\n\n\t\t\t\t\t\t<div class=\"elementor-icon-box-icon\">\n\t\t\t\t<a href=\"https:\/\/oushi.upol.cz\/en\/terapeuticke-centrum\/#terapeuti\" class=\"elementor-icon\" tabindex=\"-1\" aria-label=\"Therapists\">\n\t\t\t\t<i aria-hidden=\"true\" class=\"fas fa-angle-left\"><\/i>\t\t\t\t<\/a>\n\t\t\t<\/div>\n\t\t\t\n\t\t\t\t\t\t<div class=\"elementor-icon-box-content\">\n\n\t\t\t\t\t\t\t\t\t<div class=\"elementor-icon-box-title\">\n\t\t\t\t\t\t<a href=\"https:\/\/oushi.upol.cz\/en\/terapeuticke-centrum\/#terapeuti\" >\n\t\t\t\t\t\t\tTherapists\t\t\t\t\t\t<\/a>\n\t\t\t\t\t<\/div>\n\t\t\t\t\n\t\t\t\t\n\t\t\t<\/div>\n\t\t\t\n\t\t<\/div>\n\t\t\t\t\t\t<\/div>\n\t\t\t\t<\/div>\n\t\t\t\t\t<\/div>\n\t\t<\/div>\n\t\t\t\t<div class=\"elementor-column elementor-col-50 elementor-inner-column elementor-element elementor-element-dc3689b\" data-id=\"dc3689b\" data-element_type=\"column\" data-e-type=\"column\">\n\t\t\t<div class=\"elementor-widget-wrap\">\n\t\t\t\t\t\t\t<\/div>\n\t\t<\/div>\n\t\t\t\t\t<\/div>\n\t\t<\/section>\n\t\t\t\t\t<\/div>\n\t\t<\/div>\n\t\t\t\t\t<\/div>\n\t\t<\/section>\n\t\t\t\t<section class=\"elementor-section elementor-top-section elementor-element elementor-element-8baccfe elementor-section-boxed elementor-section-height-default elementor-section-height-default\" data-id=\"8baccfe\" data-element_type=\"section\" data-e-type=\"section\">\n\t\t\t\t\t\t<div class=\"elementor-container elementor-column-gap-default\">\n\t\t\t\t\t<div class=\"elementor-column elementor-col-100 elementor-top-column elementor-element elementor-element-3d172d9\" data-id=\"3d172d9\" data-element_type=\"column\" data-e-type=\"column\" data-settings=\"{&quot;background_background&quot;:&quot;classic&quot;}\">\n\t\t\t<div class=\"elementor-widget-wrap elementor-element-populated\">\n\t\t\t\t\t\t<section class=\"elementor-section elementor-inner-section elementor-element elementor-element-be09b21 elementor-section-boxed elementor-section-height-default elementor-section-height-default\" data-id=\"be09b21\" data-element_type=\"section\" data-e-type=\"section\">\n\t\t\t\t\t\t<div class=\"elementor-container elementor-column-gap-default\">\n\t\t\t\t\t<div class=\"elementor-column elementor-col-50 elementor-inner-column elementor-element elementor-element-f676d4e\" data-id=\"f676d4e\" data-element_type=\"column\" data-e-type=\"column\">\n\t\t\t<div class=\"elementor-widget-wrap elementor-element-populated\">\n\t\t\t\t\t\t<div class=\"elementor-element elementor-element-b109e7f elementor-widget elementor-widget-image\" data-id=\"b109e7f\" data-element_type=\"widget\" data-e-type=\"widget\" data-widget_type=\"image.default\">\n\t\t\t\t<div class=\"elementor-widget-container\">\n\t\t\t\t\t\t\t\t\t\t\t\t\t\t\t<img fetchpriority=\"high\" decoding=\"async\" width=\"2560\" height=\"1707\" src=\"https:\/\/oushi.upol.cz\/wp-content\/uploads\/2022\/07\/Zdenek-Meier-scaled.jpg\" class=\"attachment-full size-full wp-image-4043\" alt=\"\" srcset=\"https:\/\/oushi.upol.cz\/wp-content\/uploads\/2022\/07\/Zdenek-Meier-scaled.jpg 2560w, https:\/\/oushi.upol.cz\/wp-content\/uploads\/2022\/07\/Zdenek-Meier-300x200.jpg 300w, https:\/\/oushi.upol.cz\/wp-content\/uploads\/2022\/07\/Zdenek-Meier-1024x683.jpg 1024w, https:\/\/oushi.upol.cz\/wp-content\/uploads\/2022\/07\/Zdenek-Meier-768x512.jpg 768w, https:\/\/oushi.upol.cz\/wp-content\/uploads\/2022\/07\/Zdenek-Meier-1536x1024.jpg 1536w, https:\/\/oushi.upol.cz\/wp-content\/uploads\/2022\/07\/Zdenek-Meier-2048x1365.jpg 2048w\" sizes=\"(max-width: 2560px) 100vw, 2560px\" \/>\t\t\t\t\t\t\t\t\t\t\t\t\t\t\t<\/div>\n\t\t\t\t<\/div>\n\t\t\t\t\t<\/div>\n\t\t<\/div>\n\t\t\t\t<div class=\"elementor-column elementor-col-50 elementor-inner-column elementor-element elementor-element-e1fd214\" data-id=\"e1fd214\" data-element_type=\"column\" data-e-type=\"column\">\n\t\t\t<div class=\"elementor-widget-wrap elementor-element-populated\">\n\t\t\t\t\t\t<div class=\"elementor-element elementor-element-815b4bd elementor-widget elementor-widget-heading\" data-id=\"815b4bd\" data-element_type=\"widget\" data-e-type=\"widget\" data-widget_type=\"heading.default\">\n\t\t\t\t<div class=\"elementor-widget-container\">\n\t\t\t\t\t<h3 class=\"elementor-heading-title elementor-size-default\">Ing. Mgr. Zden\u011bk Meier, Ph.D.<\/h3>\t\t\t\t<\/div>\n\t\t\t\t<\/div>\n\t\t\t\t\t<\/div>\n\t\t<\/div>\n\t\t\t\t\t<\/div>\n\t\t<\/section>\n\t\t\t\t\t<\/div>\n\t\t<\/div>\n\t\t\t\t\t<\/div>\n\t\t<\/section>\n\t\t\t\t<section class=\"elementor-section elementor-top-section elementor-element elementor-element-a1947f4 elementor-section-boxed elementor-section-height-default elementor-section-height-default\" data-id=\"a1947f4\" data-element_type=\"section\" data-e-type=\"section\">\n\t\t\t\t\t\t<div class=\"elementor-container elementor-column-gap-default\">\n\t\t\t\t\t<div class=\"elementor-column elementor-col-100 elementor-top-column elementor-element elementor-element-c789fa4\" data-id=\"c789fa4\" data-element_type=\"column\" data-e-type=\"column\" data-settings=\"{&quot;background_background&quot;:&quot;classic&quot;}\">\n\t\t\t<div class=\"elementor-widget-wrap elementor-element-populated\">\n\t\t\t\t\t\t<div class=\"elementor-element elementor-element-c438941 elementor-widget elementor-widget-menu-anchor\" data-id=\"c438941\" data-element_type=\"widget\" data-e-type=\"widget\" data-widget_type=\"menu-anchor.default\">\n\t\t\t\t<div class=\"elementor-widget-container\">\n\t\t\t\t\t\t\t<div class=\"elementor-menu-anchor\" id=\"vyzkum\"><\/div>\n\t\t\t\t\t\t<\/div>\n\t\t\t\t<\/div>\n\t\t\t\t<section class=\"elementor-section elementor-inner-section elementor-element elementor-element-a8c8244 elementor-section-boxed elementor-section-height-default elementor-section-height-default\" data-id=\"a8c8244\" data-element_type=\"section\" data-e-type=\"section\">\n\t\t\t\t\t\t<div class=\"elementor-container elementor-column-gap-default\">\n\t\t\t\t\t<div class=\"elementor-column elementor-col-100 elementor-inner-column elementor-element elementor-element-32c8278\" data-id=\"32c8278\" data-element_type=\"column\" data-e-type=\"column\">\n\t\t\t<div class=\"elementor-widget-wrap elementor-element-populated\">\n\t\t\t\t\t\t<div class=\"elementor-element elementor-element-5e264b8 elementor-widget elementor-widget-heading\" data-id=\"5e264b8\" data-element_type=\"widget\" data-e-type=\"widget\" data-widget_type=\"heading.default\">\n\t\t\t\t<div class=\"elementor-widget-container\">\n\t\t\t\t\t<h4 class=\"elementor-heading-title elementor-size-default\">About me<\/h4>\t\t\t\t<\/div>\n\t\t\t\t<\/div>\n\t\t\t\t<div class=\"elementor-element elementor-element-df7daf1 elementor-widget elementor-widget-text-editor\" data-id=\"df7daf1\" data-element_type=\"widget\" data-e-type=\"widget\" data-widget_type=\"text-editor.default\">\n\t\t\t\t<div class=\"elementor-widget-container\">\n\t\t\t\t\t\t\t\t\t<p>I am a psychotherapist, a member of CAP, ICF coach, and researcher at OUSHI where I also completed my PhD. I am a graduate of the daseinsanalytic training at PVSPS-PPF, which is an accredited program for Health 2010. I have worked at ESET psychosomatic clinic and at Adicare psychological and psychiatric clinic. I am a training lecturer for future colleagues. Currently, I am mainly involved in online therapies and our OUSHI Institute. I continuously educate myself in psychotherapy and combine different approaches and techniques for the client's benefit.<\/p>\t\t\t\t\t\t\t\t<\/div>\n\t\t\t\t<\/div>\n\t\t\t\t\t<\/div>\n\t\t<\/div>\n\t\t\t\t\t<\/div>\n\t\t<\/section>\n\t\t\t\t<section class=\"elementor-section elementor-inner-section elementor-element elementor-element-2c7bbe9 elementor-section-boxed elementor-section-height-default elementor-section-height-default\" data-id=\"2c7bbe9\" data-element_type=\"section\" data-e-type=\"section\">\n\t\t\t\t\t\t<div class=\"elementor-container elementor-column-gap-default\">\n\t\t\t\t\t<div class=\"elementor-column elementor-col-100 elementor-inner-column elementor-element elementor-element-b7c6ad4\" data-id=\"b7c6ad4\" data-element_type=\"column\" data-e-type=\"column\">\n\t\t\t<div class=\"elementor-widget-wrap elementor-element-populated\">\n\t\t\t\t\t\t<div class=\"elementor-element elementor-element-e84915c elementor-widget elementor-widget-menu-anchor\" data-id=\"e84915c\" data-element_type=\"widget\" data-e-type=\"widget\" data-widget_type=\"menu-anchor.default\">\n\t\t\t\t<div class=\"elementor-widget-container\">\n\t\t\t\t\t\t\t<div class=\"elementor-menu-anchor\" id=\"vzdelani\"><\/div>\n\t\t\t\t\t\t<\/div>\n\t\t\t\t<\/div>\n\t\t\t\t\t<\/div>\n\t\t<\/div>\n\t\t\t\t\t<\/div>\n\t\t<\/section>\n\t\t\t\t\t<\/div>\n\t\t<\/div>\n\t\t\t\t\t<\/div>\n\t\t<\/section>\n\t\t\t\t<\/div>","protected":false},"excerpt":{"rendered":"<p>Terapeuti Ing. Mgr. Zden\u011bk Meier, Ph.D. O mn\u011b Psychoterapeut \u010dlen \u010cAP, kou\u010d ICF a v\u00fdzkumn\u00edk na OUSHI, kde jsem tak\u00e9 vystudoval doktor\u00e1t. Jsem absolvent daseinsanalytick\u00e9ho v\u00fdcviku na PV\u0160PS-PPF kter\u00fd je akreditovan\u00fdm programem pro zdravotnictv\u00ed 2010.\u00a0 Pracoval jsem na psychosomatick\u00e9 klinice ESET a tak\u00e9 na psychologick\u00e9 a psychiatrick\u00e9 klinice Adicare. Jsem v\u00fdcvikov\u00fd lektor pro budouc\u00ed kolegy. &hellip;<\/p>\n<p class=\"read-more\"> <a class=\"\" href=\"https:\/\/oushi.upol.cz\/en\/terapeuticke-centrum\/zdenek-meier\/\"> <span class=\"screen-reader-text\">Zden\u011bk Meier<\/span> Read More &raquo;<\/a><\/p>","protected":false},"author":1,"featured_media":0,"parent":1487,"menu_order":0,"comment_status":"closed","ping_status":"closed","template":"","meta":{"site-sidebar-layout":"no-sidebar","site-content-layout":"page-builder","ast-global-header-display":"","ast-main-header-display":"","ast-hfb-above-header-display":"","ast-hfb-below-header-display":"","ast-hfb-mobile-header-display":"","site-post-title":"disabled","ast-breadcrumbs-content":"","ast-featured-img":"disabled","footer-sml-layout":"","theme-transparent-header-meta":"","adv-header-id-meta":"","stick-header-meta":"","header-above-stick-meta":"","header-main-stick-meta":"","header-below-stick-meta":"","footnotes":""},"class_list":["post-6532","page","type-page","status-publish","hentry"],"aioseo_notices":[],"_links":{"self":[{"href":"https:\/\/oushi.upol.cz\/en\/wp-json\/wp\/v2\/pages\/6532","targetHints":{"allow":["GET"]}}],"collection":[{"href":"https:\/\/oushi.upol.cz\/en\/wp-json\/wp\/v2\/pages"}],"about":[{"href":"https:\/\/oushi.upol.cz\/en\/wp-json\/wp\/v2\/types\/page"}],"author":[{"embeddable":true,"href":"https:\/\/oushi.upol.cz\/en\/wp-json\/wp\/v2\/users\/1"}],"replies":[{"embeddable":true,"href":"https:\/\/oushi.upol.cz\/en\/wp-json\/wp\/v2\/comments?post=6532"}],"version-history":[{"count":22,"href":"https:\/\/oushi.upol.cz\/en\/wp-json\/wp\/v2\/pages\/6532\/revisions"}],"predecessor-version":[{"id":6708,"href":"https:\/\/oushi.upol.cz\/en\/wp-json\/wp\/v2\/pages\/6532\/revisions\/6708"}],"up":[{"embeddable":true,"href":"https:\/\/oushi.upol.cz\/en\/wp-json\/wp\/v2\/pages\/1487"}],"wp:attachment":[{"href":"https:\/\/oushi.upol.cz\/en\/wp-json\/wp\/v2\/media?parent=6532"}],"curies":[{"name":"wp","href":"https:\/\/api.w.org\/{rel}","templated":true}]}}