{"id":6486,"date":"2022-11-01T22:46:29","date_gmt":"2022-11-01T21:46:29","guid":{"rendered":"https:\/\/oushi.upol.cz\/?page_id=6486"},"modified":"2024-09-13T10:22:21","modified_gmt":"2024-09-13T08:22:21","slug":"michal-kryl-2","status":"publish","type":"page","link":"https:\/\/oushi.upol.cz\/en\/terapeuticke-centrum\/michal-kryl-2\/","title":{"rendered":"Michal Kryl"},"content":{"rendered":"<div data-elementor-type=\"wp-page\" data-elementor-id=\"6486\" class=\"elementor elementor-6486\" data-elementor-post-type=\"page\">\n\t\t\t\t\t\t<section class=\"elementor-section elementor-top-section elementor-element elementor-element-2a37e9f elementor-section-boxed elementor-section-height-default elementor-section-height-default\" data-id=\"2a37e9f\" data-element_type=\"section\" data-e-type=\"section\">\n\t\t\t\t\t\t<div class=\"elementor-container elementor-column-gap-default\">\n\t\t\t\t\t<div class=\"elementor-column elementor-col-100 elementor-top-column elementor-element elementor-element-09d9078\" data-id=\"09d9078\" data-element_type=\"column\" data-e-type=\"column\">\n\t\t\t<div class=\"elementor-widget-wrap elementor-element-populated\">\n\t\t\t\t\t\t<section class=\"elementor-section elementor-inner-section elementor-element elementor-element-f0ee7cb elementor-section-boxed elementor-section-height-default elementor-section-height-default\" data-id=\"f0ee7cb\" data-element_type=\"section\" data-e-type=\"section\">\n\t\t\t\t\t\t<div class=\"elementor-container elementor-column-gap-default\">\n\t\t\t\t\t<div class=\"elementor-column elementor-col-50 elementor-inner-column elementor-element elementor-element-e780e36\" data-id=\"e780e36\" data-element_type=\"column\" data-e-type=\"column\">\n\t\t\t<div class=\"elementor-widget-wrap elementor-element-populated\">\n\t\t\t\t\t\t<div class=\"elementor-element elementor-element-7b1344d elementor-position-inline-start elementor-mobile-position-inline-start elementor-view-default elementor-widget elementor-widget-icon-box\" data-id=\"7b1344d\" data-element_type=\"widget\" data-e-type=\"widget\" data-widget_type=\"icon-box.default\">\n\t\t\t\t<div class=\"elementor-widget-container\">\n\t\t\t\t\t\t\t<div class=\"elementor-icon-box-wrapper\">\n\n\t\t\t\t\t\t<div class=\"elementor-icon-box-icon\">\n\t\t\t\t<a href=\"https:\/\/oushi.upol.cz\/en\/terapeuticke-centrum\/#terapeuti\" class=\"elementor-icon\" tabindex=\"-1\" aria-label=\"Therapists\">\n\t\t\t\t<i aria-hidden=\"true\" class=\"fas fa-angle-left\"><\/i>\t\t\t\t<\/a>\n\t\t\t<\/div>\n\t\t\t\n\t\t\t\t\t\t<div class=\"elementor-icon-box-content\">\n\n\t\t\t\t\t\t\t\t\t<div class=\"elementor-icon-box-title\">\n\t\t\t\t\t\t<a href=\"https:\/\/oushi.upol.cz\/en\/terapeuticke-centrum\/#terapeuti\" >\n\t\t\t\t\t\t\tTherapists\t\t\t\t\t\t<\/a>\n\t\t\t\t\t<\/div>\n\t\t\t\t\n\t\t\t\t\n\t\t\t<\/div>\n\t\t\t\n\t\t<\/div>\n\t\t\t\t\t\t<\/div>\n\t\t\t\t<\/div>\n\t\t\t\t\t<\/div>\n\t\t<\/div>\n\t\t\t\t<div class=\"elementor-column elementor-col-50 elementor-inner-column elementor-element elementor-element-0e04732\" data-id=\"0e04732\" data-element_type=\"column\" data-e-type=\"column\">\n\t\t\t<div class=\"elementor-widget-wrap\">\n\t\t\t\t\t\t\t<\/div>\n\t\t<\/div>\n\t\t\t\t\t<\/div>\n\t\t<\/section>\n\t\t\t\t\t<\/div>\n\t\t<\/div>\n\t\t\t\t\t<\/div>\n\t\t<\/section>\n\t\t\t\t<section class=\"elementor-section elementor-top-section elementor-element elementor-element-2f8cd8f elementor-section-boxed elementor-section-height-default elementor-section-height-default\" data-id=\"2f8cd8f\" data-element_type=\"section\" data-e-type=\"section\">\n\t\t\t\t\t\t<div class=\"elementor-container elementor-column-gap-default\">\n\t\t\t\t\t<div class=\"elementor-column elementor-col-100 elementor-top-column elementor-element elementor-element-fcc0618\" data-id=\"fcc0618\" data-element_type=\"column\" data-e-type=\"column\" data-settings=\"{&quot;background_background&quot;:&quot;classic&quot;}\">\n\t\t\t<div class=\"elementor-widget-wrap elementor-element-populated\">\n\t\t\t\t\t\t<section class=\"elementor-section elementor-inner-section elementor-element elementor-element-f2b8b24 elementor-section-boxed elementor-section-height-default elementor-section-height-default\" data-id=\"f2b8b24\" data-element_type=\"section\" data-e-type=\"section\">\n\t\t\t\t\t\t<div class=\"elementor-container elementor-column-gap-default\">\n\t\t\t\t\t<div class=\"elementor-column elementor-col-50 elementor-inner-column elementor-element elementor-element-84464b1\" data-id=\"84464b1\" data-element_type=\"column\" data-e-type=\"column\">\n\t\t\t<div class=\"elementor-widget-wrap elementor-element-populated\">\n\t\t\t\t\t\t<div class=\"elementor-element elementor-element-43a4746 elementor-widget elementor-widget-image\" data-id=\"43a4746\" data-element_type=\"widget\" data-e-type=\"widget\" data-widget_type=\"image.default\">\n\t\t\t\t<div class=\"elementor-widget-container\">\n\t\t\t\t\t\t\t\t\t\t\t\t\t\t\t<img fetchpriority=\"high\" decoding=\"async\" width=\"2560\" height=\"1707\" src=\"https:\/\/oushi.upol.cz\/wp-content\/uploads\/2022\/08\/Michal-Kryl-scaled.jpg\" class=\"attachment-full size-full wp-image-4776\" alt=\"\" srcset=\"https:\/\/oushi.upol.cz\/wp-content\/uploads\/2022\/08\/Michal-Kryl-scaled.jpg 2560w, https:\/\/oushi.upol.cz\/wp-content\/uploads\/2022\/08\/Michal-Kryl-300x200.jpg 300w, https:\/\/oushi.upol.cz\/wp-content\/uploads\/2022\/08\/Michal-Kryl-1024x683.jpg 1024w, https:\/\/oushi.upol.cz\/wp-content\/uploads\/2022\/08\/Michal-Kryl-768x512.jpg 768w, https:\/\/oushi.upol.cz\/wp-content\/uploads\/2022\/08\/Michal-Kryl-1536x1024.jpg 1536w, https:\/\/oushi.upol.cz\/wp-content\/uploads\/2022\/08\/Michal-Kryl-2048x1365.jpg 2048w\" sizes=\"(max-width: 2560px) 100vw, 2560px\" \/>\t\t\t\t\t\t\t\t\t\t\t\t\t\t\t<\/div>\n\t\t\t\t<\/div>\n\t\t\t\t\t<\/div>\n\t\t<\/div>\n\t\t\t\t<div class=\"elementor-column elementor-col-50 elementor-inner-column elementor-element elementor-element-f4539c6\" data-id=\"f4539c6\" data-element_type=\"column\" data-e-type=\"column\">\n\t\t\t<div class=\"elementor-widget-wrap elementor-element-populated\">\n\t\t\t\t\t\t<div class=\"elementor-element elementor-element-85b47c0 elementor-widget elementor-widget-heading\" data-id=\"85b47c0\" data-element_type=\"widget\" data-e-type=\"widget\" data-widget_type=\"heading.default\">\n\t\t\t\t<div class=\"elementor-widget-container\">\n\t\t\t\t\t<h3 class=\"elementor-heading-title elementor-size-default\">MUDr. Michal Kryl<\/h3>\t\t\t\t<\/div>\n\t\t\t\t<\/div>\n\t\t\t\t\t<\/div>\n\t\t<\/div>\n\t\t\t\t\t<\/div>\n\t\t<\/section>\n\t\t\t\t\t<\/div>\n\t\t<\/div>\n\t\t\t\t\t<\/div>\n\t\t<\/section>\n\t\t\t\t<section class=\"elementor-section elementor-top-section elementor-element elementor-element-a1947f4 elementor-section-boxed elementor-section-height-default elementor-section-height-default\" data-id=\"a1947f4\" data-element_type=\"section\" data-e-type=\"section\">\n\t\t\t\t\t\t<div class=\"elementor-container elementor-column-gap-default\">\n\t\t\t\t\t<div class=\"elementor-column elementor-col-100 elementor-top-column elementor-element elementor-element-c789fa4\" data-id=\"c789fa4\" data-element_type=\"column\" data-e-type=\"column\" data-settings=\"{&quot;background_background&quot;:&quot;classic&quot;}\">\n\t\t\t<div class=\"elementor-widget-wrap elementor-element-populated\">\n\t\t\t\t\t\t<div class=\"elementor-element elementor-element-c438941 elementor-widget elementor-widget-menu-anchor\" data-id=\"c438941\" data-element_type=\"widget\" data-e-type=\"widget\" data-widget_type=\"menu-anchor.default\">\n\t\t\t\t<div class=\"elementor-widget-container\">\n\t\t\t\t\t\t\t<div class=\"elementor-menu-anchor\" id=\"vyzkum\"><\/div>\n\t\t\t\t\t\t<\/div>\n\t\t\t\t<\/div>\n\t\t\t\t<section class=\"elementor-section elementor-inner-section elementor-element elementor-element-a8c8244 elementor-section-boxed elementor-section-height-default elementor-section-height-default\" data-id=\"a8c8244\" data-element_type=\"section\" data-e-type=\"section\">\n\t\t\t\t\t\t<div class=\"elementor-container elementor-column-gap-default\">\n\t\t\t\t\t<div class=\"elementor-column elementor-col-100 elementor-inner-column elementor-element elementor-element-32c8278\" data-id=\"32c8278\" data-element_type=\"column\" data-e-type=\"column\">\n\t\t\t<div class=\"elementor-widget-wrap elementor-element-populated\">\n\t\t\t\t\t\t<div class=\"elementor-element elementor-element-5e264b8 elementor-widget elementor-widget-heading\" data-id=\"5e264b8\" data-element_type=\"widget\" data-e-type=\"widget\" data-widget_type=\"heading.default\">\n\t\t\t\t<div class=\"elementor-widget-container\">\n\t\t\t\t\t<h4 class=\"elementor-heading-title elementor-size-default\">About me<\/h4>\t\t\t\t<\/div>\n\t\t\t\t<\/div>\n\t\t\t\t<div class=\"elementor-element elementor-element-df7daf1 elementor-widget elementor-widget-text-editor\" data-id=\"df7daf1\" data-element_type=\"widget\" data-e-type=\"widget\" data-widget_type=\"text-editor.default\">\n\t\t\t\t<div class=\"elementor-widget-container\">\n\t\t\t\t\t\t\t\t\t<p>Psychiatr a\u00a0psychoterapeut t.\u010d. v\u00a0priv\u00e1tn\u00ed praxi, absolvent daseinsanalytick\u00e9ho v\u00fdcviku u\u00a0doc. R\u016f\u017ei\u010dky (institut VIAP-PPF, 2002) a\u00a0\u010detn\u00fdch kurz\u016f (mj. psychoterapeutick\u00e1 pr\u00e1ce s\u00a0t\u011blem, relaxa\u010dn\u00ed metody, KBT atd.), v\u00fdcvikov\u00fd lektor a\u00a0supervizor.<br \/><br \/>Praxi zah\u00e1jil v\u00a0Psychiatrick\u00e9 l\u00e9\u010debn\u011b \u0160ternberk, odkud po\u00a0II.atestaci odch\u00e1z\u00ed na\u00a0Psychiatrickou kliniku FN a\u00a0LF\u00a0UP Olomouc, kde se \u010dasem st\u00e1v\u00e1 vedouc\u00edm l\u00e9ka\u0159em otev\u0159en\u00e9ho odd\u011blen\u00ed se speci\u00e1ln\u00edm programem pro \u00fazkostn\u00e9 a\u00a0depres\u00edvn\u00ed poruchy. Na UP se v\u011bnuje<span id=\"_GoBack\"><\/span>\u00a0pedagogick\u00e9 a\u00a0v\u011bdecko-v\u00fdzkumn\u00e9 \u010dinnosti. Po 13 letech odch\u00e1z\u00ed zp\u011bt do\u00a0\u0161ternbersk\u00e9 l\u00e9\u010debny, kde s\u00a0kolegy obnovuje otev\u0159en\u00e9 odd\u011blen\u00ed pro l\u00e9\u010dbu neurotick\u00fdch poruch s\u00a0bohat\u00fdm psychoterapeutick\u00fdm programem. O\u00a04\u00a0roky pozd\u011bji s\u00a0multidisciplin\u00e1rn\u00edm t\u00fdmem\u00a0transformuje p\u016fvodn\u00ed odd\u011blen\u00ed l\u00e9\u010debn\u00e9 rehabilitace na\u00a0psychosomatickou jednotku o\u00a026\u00a0l\u016f\u017ec\u00edch. Ve sv\u00e9 dob\u011b \u0161lo o\u00a0jedin\u00e9 takto integrativn\u011b funguj\u00edc\u00ed odd\u011blen\u00ed u\u00a0n\u00e1s \/v\u00a0r\u00e1mci psychiatrick\u00e9ho za\u0159\u00edzen\u00ed\/ s\u00a0l\u00e9\u010debn\u00fdm programem vych\u00e1zej\u00edc\u00edm d\u016fsledn\u011b z\u00a0bio-psycho-soci\u00e1ln\u00edch princip\u016f.<\/p><p>Odborn\u011b se v\u011bnuje psychoterapii a psychosomatick\u00e9 medic\u00edn\u011b, v\u00a0r\u00e1mci lektorsk\u00e9 a pedagogick\u00e9 \u010dinnosti pak vzd\u011bl\u00e1v\u00e1n\u00ed zdravotn\u00edk\u016f a soci\u00e1ln\u00edch pracovn\u00edk\u016f.<\/p>\t\t\t\t\t\t\t\t<\/div>\n\t\t\t\t<\/div>\n\t\t\t\t\t<\/div>\n\t\t<\/div>\n\t\t\t\t\t<\/div>\n\t\t<\/section>\n\t\t\t\t<section class=\"elementor-section elementor-inner-section elementor-element elementor-element-2c7bbe9 elementor-section-boxed elementor-section-height-default elementor-section-height-default\" data-id=\"2c7bbe9\" data-element_type=\"section\" data-e-type=\"section\">\n\t\t\t\t\t\t<div class=\"elementor-container elementor-column-gap-default\">\n\t\t\t\t\t<div class=\"elementor-column elementor-col-100 elementor-inner-column elementor-element elementor-element-b7c6ad4\" data-id=\"b7c6ad4\" data-element_type=\"column\" data-e-type=\"column\">\n\t\t\t<div class=\"elementor-widget-wrap elementor-element-populated\">\n\t\t\t\t\t\t<div class=\"elementor-element elementor-element-e84915c elementor-widget elementor-widget-menu-anchor\" data-id=\"e84915c\" data-element_type=\"widget\" data-e-type=\"widget\" data-widget_type=\"menu-anchor.default\">\n\t\t\t\t<div class=\"elementor-widget-container\">\n\t\t\t\t\t\t\t<div class=\"elementor-menu-anchor\" id=\"vzdelani\"><\/div>\n\t\t\t\t\t\t<\/div>\n\t\t\t\t<\/div>\n\t\t\t\t\t<\/div>\n\t\t<\/div>\n\t\t\t\t\t<\/div>\n\t\t<\/section>\n\t\t\t\t\t<\/div>\n\t\t<\/div>\n\t\t\t\t\t<\/div>\n\t\t<\/section>\n\t\t\t\t<\/div>","protected":false},"excerpt":{"rendered":"<p>Terapeuti MUDr. Michal Kryl O mn\u011b Psychiatr a\u00a0psychoterapeut t.\u010d. v\u00a0priv\u00e1tn\u00ed praxi, absolvent daseinsanalytick\u00e9ho v\u00fdcviku u\u00a0doc. R\u016f\u017ei\u010dky (institut VIAP-PPF, 2002) a\u00a0\u010detn\u00fdch kurz\u016f (mj. psychoterapeutick\u00e1 pr\u00e1ce s\u00a0t\u011blem, relaxa\u010dn\u00ed metody, KBT atd.), v\u00fdcvikov\u00fd lektor a\u00a0supervizor. Praxi zah\u00e1jil v\u00a0Psychiatrick\u00e9 l\u00e9\u010debn\u011b \u0160ternberk, odkud po\u00a0II.atestaci odch\u00e1z\u00ed na\u00a0Psychiatrickou kliniku FN a\u00a0LF\u00a0UP Olomouc, kde se \u010dasem st\u00e1v\u00e1 vedouc\u00edm l\u00e9ka\u0159em otev\u0159en\u00e9ho odd\u011blen\u00ed se speci\u00e1ln\u00edm &hellip;<\/p>\n<p class=\"read-more\"> <a class=\"\" href=\"https:\/\/oushi.upol.cz\/en\/terapeuticke-centrum\/michal-kryl-2\/\"> <span class=\"screen-reader-text\">Michal Kryl<\/span> Read More &raquo;<\/a><\/p>","protected":false},"author":1,"featured_media":0,"parent":1487,"menu_order":0,"comment_status":"closed","ping_status":"closed","template":"","meta":{"site-sidebar-layout":"no-sidebar","site-content-layout":"page-builder","ast-global-header-display":"","ast-main-header-display":"","ast-hfb-above-header-display":"","ast-hfb-below-header-display":"","ast-hfb-mobile-header-display":"","site-post-title":"disabled","ast-breadcrumbs-content":"","ast-featured-img":"disabled","footer-sml-layout":"","theme-transparent-header-meta":"","adv-header-id-meta":"","stick-header-meta":"","header-above-stick-meta":"","header-main-stick-meta":"","header-below-stick-meta":"","footnotes":""},"class_list":["post-6486","page","type-page","status-publish","hentry"],"aioseo_notices":[],"_links":{"self":[{"href":"https:\/\/oushi.upol.cz\/en\/wp-json\/wp\/v2\/pages\/6486","targetHints":{"allow":["GET"]}}],"collection":[{"href":"https:\/\/oushi.upol.cz\/en\/wp-json\/wp\/v2\/pages"}],"about":[{"href":"https:\/\/oushi.upol.cz\/en\/wp-json\/wp\/v2\/types\/page"}],"author":[{"embeddable":true,"href":"https:\/\/oushi.upol.cz\/en\/wp-json\/wp\/v2\/users\/1"}],"replies":[{"embeddable":true,"href":"https:\/\/oushi.upol.cz\/en\/wp-json\/wp\/v2\/comments?post=6486"}],"version-history":[{"count":28,"href":"https:\/\/oushi.upol.cz\/en\/wp-json\/wp\/v2\/pages\/6486\/revisions"}],"predecessor-version":[{"id":7859,"href":"https:\/\/oushi.upol.cz\/en\/wp-json\/wp\/v2\/pages\/6486\/revisions\/7859"}],"up":[{"embeddable":true,"href":"https:\/\/oushi.upol.cz\/en\/wp-json\/wp\/v2\/pages\/1487"}],"wp:attachment":[{"href":"https:\/\/oushi.upol.cz\/en\/wp-json\/wp\/v2\/media?parent=6486"}],"curies":[{"name":"wp","href":"https:\/\/api.w.org\/{rel}","templated":true}]}}