{"id":3924,"date":"2024-09-10T13:57:31","date_gmt":"2024-09-10T11:57:31","guid":{"rendered":"http:\/\/upol.phsmart.eu\/?page_id=3924"},"modified":"2024-09-10T13:59:47","modified_gmt":"2024-09-10T11:59:47","slug":"vysoka-citlivost","status":"publish","type":"page","link":"https:\/\/oushi.upol.cz\/en\/vyzkum\/vyzkumna-temata\/vysoka-citlivost\/","title":{"rendered":"High sensitivity"},"content":{"rendered":"<div data-elementor-type=\"wp-page\" data-elementor-id=\"3924\" class=\"elementor elementor-3924\" data-elementor-post-type=\"page\">\n\t\t\t\t\t\t<section class=\"elementor-section elementor-top-section elementor-element elementor-element-cf7cd6c elementor-section-boxed elementor-section-height-default elementor-section-height-default\" data-id=\"cf7cd6c\" data-element_type=\"section\" data-e-type=\"section\">\n\t\t\t\t\t\t<div class=\"elementor-container elementor-column-gap-default\">\n\t\t\t\t\t<div class=\"elementor-column elementor-col-100 elementor-top-column elementor-element elementor-element-22a25c9\" data-id=\"22a25c9\" data-element_type=\"column\" data-e-type=\"column\">\n\t\t\t<div class=\"elementor-widget-wrap elementor-element-populated\">\n\t\t\t\t\t\t<section class=\"elementor-section elementor-inner-section elementor-element elementor-element-4a3b014 elementor-section-boxed elementor-section-height-default elementor-section-height-default\" data-id=\"4a3b014\" data-element_type=\"section\" data-e-type=\"section\">\n\t\t\t\t\t\t<div class=\"elementor-container elementor-column-gap-no\">\n\t\t\t\t\t<div class=\"elementor-column elementor-col-100 elementor-inner-column elementor-element elementor-element-83e893d\" data-id=\"83e893d\" data-element_type=\"column\" data-e-type=\"column\">\n\t\t\t<div class=\"elementor-widget-wrap elementor-element-populated\">\n\t\t\t\t\t\t<div class=\"elementor-element elementor-element-0ca2378 elementor-widget elementor-widget-heading\" data-id=\"0ca2378\" data-element_type=\"widget\" data-e-type=\"widget\" data-widget_type=\"heading.default\">\n\t\t\t\t<div class=\"elementor-widget-container\">\n\t\t\t\t\t<h2 class=\"elementor-heading-title elementor-size-default\">High sensitivity<\/h2>\t\t\t\t<\/div>\n\t\t\t\t<\/div>\n\t\t\t\t<div class=\"elementor-element elementor-element-8409e01 elementor-widget elementor-widget-text-editor\" data-id=\"8409e01\" data-element_type=\"widget\" data-e-type=\"widget\" data-widget_type=\"text-editor.default\">\n\t\t\t\t<div class=\"elementor-widget-container\">\n\t\t\t\t\t\t\t\t\t<p>Neurofyziologick\u00fd rys, kter\u00fd souvis\u00ed s vy\u0161\u0161\u00ed reaktivitou centr\u00e1ln\u00edho nervov\u00e9ho syst\u00e9mu na vn\u011bj\u0161\u00ed a vnit\u0159n\u00ed podn\u011bty.<\/p>\t\t\t\t\t\t\t\t<\/div>\n\t\t\t\t<\/div>\n\t\t\t\t\t<\/div>\n\t\t<\/div>\n\t\t\t\t\t<\/div>\n\t\t<\/section>\n\t\t\t\t\t<\/div>\n\t\t<\/div>\n\t\t\t\t\t<\/div>\n\t\t<\/section>\n\t\t\t\t<section class=\"elementor-section elementor-top-section elementor-element elementor-element-6476838 elementor-section-boxed elementor-section-height-default elementor-section-height-default\" data-id=\"6476838\" data-element_type=\"section\" data-e-type=\"section\">\n\t\t\t\t\t\t<div class=\"elementor-container elementor-column-gap-default\">\n\t\t\t\t\t<div class=\"elementor-column elementor-col-100 elementor-top-column elementor-element elementor-element-e91a28c\" data-id=\"e91a28c\" data-element_type=\"column\" data-e-type=\"column\" data-settings=\"{&quot;background_background&quot;:&quot;classic&quot;}\">\n\t\t\t<div class=\"elementor-widget-wrap elementor-element-populated\">\n\t\t\t\t\t\t<section class=\"elementor-section elementor-inner-section elementor-element elementor-element-c176d66 elementor-section-boxed elementor-section-height-default elementor-section-height-default\" data-id=\"c176d66\" data-element_type=\"section\" data-e-type=\"section\">\n\t\t\t\t\t\t<div class=\"elementor-container elementor-column-gap-default\">\n\t\t\t\t\t<div class=\"elementor-column elementor-col-100 elementor-inner-column elementor-element elementor-element-939312c\" data-id=\"939312c\" data-element_type=\"column\" data-e-type=\"column\">\n\t\t\t<div class=\"elementor-widget-wrap elementor-element-populated\">\n\t\t\t\t\t\t<div class=\"elementor-element elementor-element-1f46ce9 elementor-widget elementor-widget-heading\" data-id=\"1f46ce9\" data-element_type=\"widget\" data-e-type=\"widget\" data-widget_type=\"heading.default\">\n\t\t\t\t<div class=\"elementor-widget-container\">\n\t\t\t\t\t<h3 class=\"elementor-heading-title elementor-size-default\">Co je vysok\u00e1 citlivost?<\/h3>\t\t\t\t<\/div>\n\t\t\t\t<\/div>\n\t\t\t\t<div class=\"elementor-element elementor-element-b80f4d9 elementor-widget elementor-widget-text-editor\" data-id=\"b80f4d9\" data-element_type=\"widget\" data-e-type=\"widget\" data-widget_type=\"text-editor.default\">\n\t\t\t\t<div class=\"elementor-widget-container\">\n\t\t\t\t\t\t\t\t\t<p>Vysok\u00e1 citlivost (sensory processing sensititivity, SPS) je definov\u00e1na jako osobn\u00ed <b>dispozice k vn\u00edmavosti na jemn\u00e9 podn\u011bty a snadn\u00e9 p\u0159ecitliv\u011blosti na vn\u011bj\u0161\u00ed podn\u011bty<\/b>. V sou\u010dasn\u00e9 dob\u011b je poj\u00edm\u00e1na jako b\u011b\u017en\u00e1 <b>d\u011bdi\u010dn\u00e1<\/b> neurobiologick\u00e1 vlastnost, jej\u00ed\u017e v\u00fdznamn\u011b vy\u0161\u0161\u00ed v\u00fdskyt byl zji\u0161t\u011bn u 10-20 %<br>lidsk\u00e9 populace. SPS je zalo\u017eena na zv\u00fd\u0161en\u00e9 reaktivit\u011b centr\u00e1ln\u00ed nervov\u00e9 soustavy, d\u00edky n\u00ed\u017e jsou jedinci s t\u00edmto rysem schopni zpracov\u00e1vat informace hloub\u011bji, ne\u017e je obvykl\u00e9, a jsou n\u00e1chyln\u011bj\u0161\u00ed ke&nbsp;vzru\u0161en\u00ed a nadm\u011brn\u00e9 stimulaci, zejm\u00e9na po vystaven\u00ed smyslov\u00fdm stresor\u016fm, jako jsou jasn\u00e1 sv\u011btla, hlasit\u00fd hluk, siln\u00e9 pachy a tak\u00e9 hust\u00e9 a chaotick\u00e9 prost\u0159ed\u00ed. Krom\u011b fyzick\u00e9 str\u00e1nky souvis\u00ed SPS tak\u00e9 s hlub\u0161\u00edm zpracov\u00e1n\u00edm soci\u00e1ln\u00edch a emocion\u00e1ln\u00edch podn\u011bt\u016f. Vyzna\u010duje se tedy tak\u00e9 zv\u00fd\u0161en\u00fdm uv\u011bdom\u011bn\u00edm, empati\u00ed a zpracov\u00e1n\u00edm sebe a druh\u00fdch. Obecn\u011b jsou tedy vysoce senzitivn\u00ed osoby citliv\u011bj\u0161\u00ed jak na pozitivn\u00ed, tak na negativn\u00ed podn\u011bty, v\u010detn\u011b t\u011bch vnit\u0159n\u00edch.&nbsp;<\/p>\n<p>SPS se t\u011b\u0161\u00ed st\u00e1le v\u011bt\u0161\u00edmu z\u00e1jmu ve\u0159ejnosti a m\u00e9di\u00ed, av\u0161ak z\u00e1kladn\u00ed v\u011bdeck\u00fd v\u00fdzkum v t\u00e9to oblasti zat\u00edm pokulh\u00e1v\u00e1. Tato nerovnov\u00e1ha mezi popt\u00e1vkou po informac\u00edch ze strany spole\u010dnosti a dosud shrom\u00e1\u017ed\u011bn\u00fdmi v\u011bdeck\u00fdmi poznatky m\u016f\u017ee v\u00e9st k nespr\u00e1vn\u00e9 interpretaci charakteristik SPS, co\u017e m\u016f\u017ee b\u00fdt pro ve\u0159ejnost dokonce \u0161kodliv\u00e9. Z\u00e1rove\u0148 i prakti\u010dt\u00ed l\u00e9ka\u0159i, kte\u0159\u00ed si tento rys neuv\u011bdomuj\u00ed, \u010dasto sm\u011b\u0161uj\u00ed SPS s \u00fazkostmi, depresemi, ADHD, autismem a r\u016fzn\u00fdmi zd\u00e1nliv\u011b p\u0159\u00edbuzn\u00fdmi zdravotn\u00edmi probl\u00e9my, co\u017e d\u00e1le komplikuje odbornou pomoc lidem s SPS. Proto je nezbytn\u00e9 tuto mezeru ve znalostech zaplnit solidn\u00edm v\u00fdzkumem.<\/p>\t\t\t\t\t\t\t\t<\/div>\n\t\t\t\t<\/div>\n\t\t\t\t\t<\/div>\n\t\t<\/div>\n\t\t\t\t\t<\/div>\n\t\t<\/section>\n\t\t\t\t<section class=\"elementor-section elementor-inner-section elementor-element elementor-element-e631029 elementor-section-boxed elementor-section-height-default elementor-section-height-default\" data-id=\"e631029\" data-element_type=\"section\" data-e-type=\"section\">\n\t\t\t\t\t\t<div class=\"elementor-container elementor-column-gap-default\">\n\t\t\t\t\t<div class=\"elementor-column elementor-col-100 elementor-inner-column elementor-element elementor-element-35803cc\" data-id=\"35803cc\" data-element_type=\"column\" data-e-type=\"column\">\n\t\t\t<div class=\"elementor-widget-wrap elementor-element-populated\">\n\t\t\t\t\t\t<div class=\"elementor-element elementor-element-ae45fef elementor-widget elementor-widget-heading\" data-id=\"ae45fef\" data-element_type=\"widget\" data-e-type=\"widget\" data-widget_type=\"heading.default\">\n\t\t\t\t<div class=\"elementor-widget-container\">\n\t\t\t\t\t<h3 class=\"elementor-heading-title elementor-size-default\">Aktu\u00e1ln\u00ed v\u00fdzkum<\/h3>\t\t\t\t<\/div>\n\t\t\t\t<\/div>\n\t\t\t\t<div class=\"elementor-element elementor-element-775a276 elementor-widget elementor-widget-heading\" data-id=\"775a276\" data-element_type=\"widget\" data-e-type=\"widget\" data-widget_type=\"heading.default\">\n\t\t\t\t<div class=\"elementor-widget-container\">\n\t\t\t\t\t<h5 class=\"elementor-heading-title elementor-size-default\">V sou\u010dasnosti zkoum\u00e1me SPS v souvislosti s t\u011bmito t\u00e9maty:<\/h5>\t\t\t\t<\/div>\n\t\t\t\t<\/div>\n\t\t\t\t<div class=\"elementor-element elementor-element-b0438e7 elementor-icon-list--layout-traditional elementor-list-item-link-full_width elementor-widget elementor-widget-icon-list\" data-id=\"b0438e7\" data-element_type=\"widget\" data-e-type=\"widget\" data-widget_type=\"icon-list.default\">\n\t\t\t\t<div class=\"elementor-widget-container\">\n\t\t\t\t\t\t\t<ul class=\"elementor-icon-list-items\">\n\t\t\t\t\t\t\t<li class=\"elementor-icon-list-item\">\n\t\t\t\t\t\t\t\t\t\t\t<span class=\"elementor-icon-list-icon\">\n\t\t\t\t\t\t\t<i aria-hidden=\"true\" class=\"fas fa-caret-right\"><\/i>\t\t\t\t\t\t<\/span>\n\t\t\t\t\t\t\t\t\t\t<span class=\"elementor-icon-list-text\">M\u011b\u0159en\u00ed SPS<\/span>\n\t\t\t\t\t\t\t\t\t<\/li>\n\t\t\t\t\t\t\t\t<li class=\"elementor-icon-list-item\">\n\t\t\t\t\t\t\t\t\t\t\t<span class=\"elementor-icon-list-icon\">\n\t\t\t\t\t\t\t<i aria-hidden=\"true\" class=\"fas fa-caret-right\"><\/i>\t\t\t\t\t\t<\/span>\n\t\t\t\t\t\t\t\t\t\t<span class=\"elementor-icon-list-text\">Souvislost SPS s \u00fazkost\u00ed a depres\u00ed<\/span>\n\t\t\t\t\t\t\t\t\t<\/li>\n\t\t\t\t\t\t\t\t<li class=\"elementor-icon-list-item\">\n\t\t\t\t\t\t\t\t\t\t\t<span class=\"elementor-icon-list-icon\">\n\t\t\t\t\t\t\t<i aria-hidden=\"true\" class=\"fas fa-caret-right\"><\/i>\t\t\t\t\t\t<\/span>\n\t\t\t\t\t\t\t\t\t\t<span class=\"elementor-icon-list-text\">Souvislost SPS se z\u00e1vislostmi<\/span>\n\t\t\t\t\t\t\t\t\t<\/li>\n\t\t\t\t\t\t<\/ul>\n\t\t\t\t\t\t<\/div>\n\t\t\t\t<\/div>\n\t\t\t\t<div class=\"elementor-element elementor-element-1d015bf elementor-widget elementor-widget-heading\" data-id=\"1d015bf\" data-element_type=\"widget\" data-e-type=\"widget\" data-widget_type=\"heading.default\">\n\t\t\t\t<div class=\"elementor-widget-container\">\n\t\t\t\t\t<h5 class=\"elementor-heading-title elementor-size-default\">P\u0159ipravujeme:<\/h5>\t\t\t\t<\/div>\n\t\t\t\t<\/div>\n\t\t\t\t<div class=\"elementor-element elementor-element-a2f204b elementor-icon-list--layout-traditional elementor-list-item-link-full_width elementor-widget elementor-widget-icon-list\" data-id=\"a2f204b\" data-element_type=\"widget\" data-e-type=\"widget\" data-widget_type=\"icon-list.default\">\n\t\t\t\t<div class=\"elementor-widget-container\">\n\t\t\t\t\t\t\t<ul class=\"elementor-icon-list-items\">\n\t\t\t\t\t\t\t<li class=\"elementor-icon-list-item\">\n\t\t\t\t\t\t\t\t\t\t\t<span class=\"elementor-icon-list-icon\">\n\t\t\t\t\t\t\t<i aria-hidden=\"true\" class=\"fas fa-caret-right\"><\/i>\t\t\t\t\t\t<\/span>\n\t\t\t\t\t\t\t\t\t\t<span class=\"elementor-icon-list-text\">Souvislost SPS s hladinou stresu (anal\u00fdza kortizolu)<\/span>\n\t\t\t\t\t\t\t\t\t<\/li>\n\t\t\t\t\t\t\t\t<li class=\"elementor-icon-list-item\">\n\t\t\t\t\t\t\t\t\t\t\t<span class=\"elementor-icon-list-icon\">\n\t\t\t\t\t\t\t<i aria-hidden=\"true\" class=\"fas fa-caret-right\"><\/i>\t\t\t\t\t\t<\/span>\n\t\t\t\t\t\t\t\t\t\t<span class=\"elementor-icon-list-text\">Souvislost SPS s reakc\u00ed na stresov\u00e9 podn\u011bty (vyu\u017eit\u00ed biofeedbacku)<\/span>\n\t\t\t\t\t\t\t\t\t<\/li>\n\t\t\t\t\t\t<\/ul>\n\t\t\t\t\t\t<\/div>\n\t\t\t\t<\/div>\n\t\t\t\t\t<\/div>\n\t\t<\/div>\n\t\t\t\t\t<\/div>\n\t\t<\/section>\n\t\t\t\t\t<\/div>\n\t\t<\/div>\n\t\t\t\t\t<\/div>\n\t\t<\/section>\n\t\t\t\t<section class=\"elementor-section elementor-top-section elementor-element elementor-element-8085814 elementor-section-boxed elementor-section-height-default elementor-section-height-default\" data-id=\"8085814\" data-element_type=\"section\" data-e-type=\"section\">\n\t\t\t\t\t\t<div class=\"elementor-container elementor-column-gap-default\">\n\t\t\t\t\t<div class=\"elementor-column elementor-col-100 elementor-top-column elementor-element elementor-element-3cf9652\" data-id=\"3cf9652\" data-element_type=\"column\" data-e-type=\"column\" data-settings=\"{&quot;background_background&quot;:&quot;classic&quot;}\">\n\t\t\t<div class=\"elementor-widget-wrap elementor-element-populated\">\n\t\t\t\t\t\t<section class=\"elementor-section elementor-inner-section elementor-element elementor-element-ada367b elementor-section-boxed elementor-section-height-default elementor-section-height-default\" data-id=\"ada367b\" data-element_type=\"section\" data-e-type=\"section\">\n\t\t\t\t\t\t<div class=\"elementor-container elementor-column-gap-default\">\n\t\t\t\t\t<div class=\"elementor-column elementor-col-100 elementor-inner-column elementor-element elementor-element-e055d89\" data-id=\"e055d89\" data-element_type=\"column\" data-e-type=\"column\">\n\t\t\t<div class=\"elementor-widget-wrap elementor-element-populated\">\n\t\t\t\t\t\t<div class=\"elementor-element elementor-element-84d2a19 elementor-widget elementor-widget-heading\" data-id=\"84d2a19\" data-element_type=\"widget\" data-e-type=\"widget\" data-widget_type=\"heading.default\">\n\t\t\t\t<div class=\"elementor-widget-container\">\n\t\t\t\t\t<h3 class=\"elementor-heading-title elementor-size-default\">Zapojte se do v\u00fdzkumu!<\/h3>\t\t\t\t<\/div>\n\t\t\t\t<\/div>\n\t\t\t\t<div class=\"elementor-element elementor-element-d200576 elementor-widget elementor-widget-text-editor\" data-id=\"d200576\" data-element_type=\"widget\" data-e-type=\"widget\" data-widget_type=\"text-editor.default\">\n\t\t\t\t<div class=\"elementor-widget-container\">\n\t\t\t\t\t\t\t\t\t<p>Pozn\u00e1v\u00e1te n\u011bkter\u00e9 z t\u011bchto rys\u016f u sebe nebo sv\u00fdch bl\u00edzk\u00fdch a p\u0159\u00e1tel? Pokud ano, poj\u010fte se zapojit do v\u00fdzkumu, kter\u00fd ji\u017e pod hlavi\u010dkou OUSHI prob\u00edh\u00e1. \u010c\u00edm vice bude o SPS zn\u00e1mo a v\u011bdecky podlo\u017eeno, t\u00edm l\u00e9pe budou moci vysoce citliv\u00ed lid\u00e9 vyu\u017e\u00edvat a sd\u00edlet pozitivn\u00ed str\u00e1nky sv\u00e9 cilivosti, p\u0159i\u010dem\u017e budou take l\u00e9pe schopni vyrovn\u00e1vat jej\u00ed ne\u017e\u00e1douc\u00ed aspekty.\u00a0<\/p><p>Zapojit se m\u016f\u017eete na r\u016fzn\u00fdch \u00farovn\u00edch. Nejjednodu\u0161\u0161\u00ed je p\u0159\u00edle\u017eitostn\u00e9 <b>vypln\u011bn\u00ed anonymn\u00edho dotazn\u00edku<\/b> zam\u011b\u0159en\u00e9ho na souvislosti SPS s r\u016fzn\u00fdmi oblastmi \u017eivota, kter\u00fd V\u00e1m z\u00e1rove\u0148 d\u00e1 zp\u011btnou vazbu na to, jak si stoj\u00edte v porovn\u00e1n\u00ed s b\u011b\u017enou \u010deskou populace. Dal\u0161\u00edmi mo\u017enostmi je <b>zapojen\u00ed do anal\u00fdzy biomakrer\u016f<\/b>, t.j., m\u011b\u0159en\u00ed hladiny strev\u00e9ho hormonu kortizolu anebo dal\u0161\u00edch fyziologick\u00fdch ukazatel\u016f (srde\u010dn\u00ed tep, frekvence dechu, ko\u017en\u00ed odpor atd.) v reakci na stresov\u00e9 podn\u011bty. Bli\u017e\u0161\u00ed informace k mo\u017enostem zapojen\u00ed budou k dispozici <b>od 1. 9. 2022<\/b>.<\/p>\t\t\t\t\t\t\t\t<\/div>\n\t\t\t\t<\/div>\n\t\t\t\t\t<\/div>\n\t\t<\/div>\n\t\t\t\t\t<\/div>\n\t\t<\/section>\n\t\t\t\t\t<\/div>\n\t\t<\/div>\n\t\t\t\t\t<\/div>\n\t\t<\/section>\n\t\t\t\t<section class=\"elementor-section elementor-top-section elementor-element elementor-element-ec3aab5 elementor-section-boxed elementor-section-height-default elementor-section-height-default\" data-id=\"ec3aab5\" data-element_type=\"section\" data-e-type=\"section\">\n\t\t\t\t\t\t<div class=\"elementor-container elementor-column-gap-default\">\n\t\t\t\t\t<div class=\"elementor-column elementor-col-100 elementor-top-column elementor-element elementor-element-dd3e358\" data-id=\"dd3e358\" data-element_type=\"column\" data-e-type=\"column\" data-settings=\"{&quot;background_background&quot;:&quot;classic&quot;}\">\n\t\t\t<div class=\"elementor-widget-wrap elementor-element-populated\">\n\t\t\t\t\t\t<section class=\"elementor-section elementor-inner-section elementor-element elementor-element-cdf3b3f elementor-section-boxed elementor-section-height-default elementor-section-height-default\" data-id=\"cdf3b3f\" data-element_type=\"section\" data-e-type=\"section\">\n\t\t\t\t\t\t<div class=\"elementor-container elementor-column-gap-default\">\n\t\t\t\t\t<div class=\"elementor-column elementor-col-100 elementor-inner-column elementor-element elementor-element-5f6bb49\" data-id=\"5f6bb49\" data-element_type=\"column\" data-e-type=\"column\">\n\t\t\t<div class=\"elementor-widget-wrap elementor-element-populated\">\n\t\t\t\t\t\t<div class=\"elementor-element elementor-element-fc3d38d elementor-widget elementor-widget-heading\" data-id=\"fc3d38d\" data-element_type=\"widget\" data-e-type=\"widget\" data-widget_type=\"heading.default\">\n\t\t\t\t<div class=\"elementor-widget-container\">\n\t\t\t\t\t<h3 class=\"elementor-heading-title elementor-size-default\">Publikovan\u00e9 \u010dl\u00e1nky<\/h3>\t\t\t\t<\/div>\n\t\t\t\t<\/div>\n\t\t\t\t<div class=\"elementor-element elementor-element-89a709b elementor-widget elementor-widget-text-editor\" data-id=\"89a709b\" data-element_type=\"widget\" data-e-type=\"widget\" data-widget_type=\"text-editor.default\">\n\t\t\t\t<div class=\"elementor-widget-container\">\n\t\t\t\t\t\t\t\t\t<p>Malinakova, K., et al., Sensory Processing Sensitivity Questionnaire: A Psychometric Evaluation and Associations with Experiencing the COVID-19 Pandemic. International Journal of Environmental Research and Public Health, 2021. 18(24): p. 12962.<\/p>\t\t\t\t\t\t\t\t<\/div>\n\t\t\t\t<\/div>\n\t\t\t\t\t<\/div>\n\t\t<\/div>\n\t\t\t\t\t<\/div>\n\t\t<\/section>\n\t\t\t\t\t<\/div>\n\t\t<\/div>\n\t\t\t\t\t<\/div>\n\t\t<\/section>\n\t\t\t\t<\/div>","protected":false},"excerpt":{"rendered":"<p>Vysok\u00e1 citlivost Neurofyziologick\u00fd rys, kter\u00fd souvis\u00ed s vy\u0161\u0161\u00ed reaktivitou centr\u00e1ln\u00edho nervov\u00e9ho syst\u00e9mu na vn\u011bj\u0161\u00ed a vnit\u0159n\u00ed podn\u011bty. Co je vysok\u00e1 citlivost? Vysok\u00e1 citlivost (sensory processing sensititivity, SPS) je definov\u00e1na jako osobn\u00ed dispozice k vn\u00edmavosti na jemn\u00e9 podn\u011bty a snadn\u00e9 p\u0159ecitliv\u011blosti na vn\u011bj\u0161\u00ed podn\u011bty. V sou\u010dasn\u00e9 dob\u011b je poj\u00edm\u00e1na jako b\u011b\u017en\u00e1 d\u011bdi\u010dn\u00e1 neurobiologick\u00e1 vlastnost, jej\u00ed\u017e v\u00fdznamn\u011b &hellip;<\/p>\n<p class=\"read-more\"> <a class=\"\" href=\"https:\/\/oushi.upol.cz\/en\/vyzkum\/vyzkumna-temata\/vysoka-citlivost\/\"> <span class=\"screen-reader-text\">High sensitivity<\/span> Read More &raquo;<\/a><\/p>","protected":false},"author":14,"featured_media":0,"parent":3393,"menu_order":0,"comment_status":"closed","ping_status":"closed","template":"","meta":{"site-sidebar-layout":"no-sidebar","site-content-layout":"page-builder","ast-global-header-display":"","ast-main-header-display":"","ast-hfb-above-header-display":"","ast-hfb-below-header-display":"","ast-hfb-mobile-header-display":"","site-post-title":"disabled","ast-breadcrumbs-content":"","ast-featured-img":"disabled","footer-sml-layout":"","theme-transparent-header-meta":"","adv-header-id-meta":"","stick-header-meta":"","header-above-stick-meta":"","header-main-stick-meta":"","header-below-stick-meta":"","footnotes":""},"class_list":["post-3924","page","type-page","status-publish","hentry"],"aioseo_notices":[],"_links":{"self":[{"href":"https:\/\/oushi.upol.cz\/en\/wp-json\/wp\/v2\/pages\/3924","targetHints":{"allow":["GET"]}}],"collection":[{"href":"https:\/\/oushi.upol.cz\/en\/wp-json\/wp\/v2\/pages"}],"about":[{"href":"https:\/\/oushi.upol.cz\/en\/wp-json\/wp\/v2\/types\/page"}],"author":[{"embeddable":true,"href":"https:\/\/oushi.upol.cz\/en\/wp-json\/wp\/v2\/users\/14"}],"replies":[{"embeddable":true,"href":"https:\/\/oushi.upol.cz\/en\/wp-json\/wp\/v2\/comments?post=3924"}],"version-history":[{"count":53,"href":"https:\/\/oushi.upol.cz\/en\/wp-json\/wp\/v2\/pages\/3924\/revisions"}],"predecessor-version":[{"id":8299,"href":"https:\/\/oushi.upol.cz\/en\/wp-json\/wp\/v2\/pages\/3924\/revisions\/8299"}],"up":[{"embeddable":true,"href":"https:\/\/oushi.upol.cz\/en\/wp-json\/wp\/v2\/pages\/3393"}],"wp:attachment":[{"href":"https:\/\/oushi.upol.cz\/en\/wp-json\/wp\/v2\/media?parent=3924"}],"curies":[{"name":"wp","href":"https:\/\/api.w.org\/{rel}","templated":true}]}}