{"id":3373,"date":"2022-06-28T13:44:39","date_gmt":"2022-06-28T11:44:39","guid":{"rendered":"http:\/\/upol.phsmart.eu\/?page_id=3373"},"modified":"2025-10-23T14:03:56","modified_gmt":"2025-10-23T12:03:56","slug":"vyzkumni-pracovnici","status":"publish","type":"page","link":"https:\/\/oushi.upol.cz\/en\/vyzkum\/vyzkumni-pracovnici\/","title":{"rendered":"Researchers"},"content":{"rendered":"<div data-elementor-type=\"wp-page\" data-elementor-id=\"3373\" class=\"elementor elementor-3373\" data-elementor-post-type=\"page\">\n\t\t\t\t\t\t<section class=\"elementor-section elementor-top-section elementor-element elementor-element-3e26af3 elementor-section-boxed elementor-section-height-default elementor-section-height-default\" data-id=\"3e26af3\" data-element_type=\"section\" data-e-type=\"section\" data-settings=\"{&quot;background_background&quot;:&quot;classic&quot;}\">\n\t\t\t\t\t\t<div class=\"elementor-container elementor-column-gap-no\">\n\t\t\t\t\t<div class=\"elementor-column elementor-col-100 elementor-top-column elementor-element elementor-element-7a9a904\" data-id=\"7a9a904\" data-element_type=\"column\" data-e-type=\"column\">\n\t\t\t<div class=\"elementor-widget-wrap elementor-element-populated\">\n\t\t\t\t\t\t<section class=\"elementor-section elementor-inner-section elementor-element elementor-element-fe8d4f7 elementor-section-boxed elementor-section-height-default elementor-section-height-default\" data-id=\"fe8d4f7\" data-element_type=\"section\" data-e-type=\"section\">\n\t\t\t\t\t\t<div class=\"elementor-container elementor-column-gap-no\">\n\t\t\t\t\t<div class=\"elementor-column elementor-col-100 elementor-inner-column elementor-element elementor-element-f981fef\" data-id=\"f981fef\" data-element_type=\"column\" data-e-type=\"column\">\n\t\t\t<div class=\"elementor-widget-wrap elementor-element-populated\">\n\t\t\t\t\t\t<div class=\"elementor-element elementor-element-c1ee718 elementor-widget elementor-widget-heading\" data-id=\"c1ee718\" data-element_type=\"widget\" data-e-type=\"widget\" data-widget_type=\"heading.default\">\n\t\t\t\t<div class=\"elementor-widget-container\">\n\t\t\t\t\t<h2 class=\"elementor-heading-title elementor-size-default\">Researchers<\/h2>\t\t\t\t<\/div>\n\t\t\t\t<\/div>\n\t\t\t\t<div class=\"elementor-element elementor-element-a4b2dd7 elementor-widget elementor-widget-image\" data-id=\"a4b2dd7\" data-element_type=\"widget\" data-e-type=\"widget\" data-widget_type=\"image.default\">\n\t\t\t\t<div class=\"elementor-widget-container\">\n\t\t\t\t\t\t\t\t\t\t\t\t\t\t\t<img fetchpriority=\"high\" decoding=\"async\" width=\"768\" height=\"512\" src=\"https:\/\/oushi.upol.cz\/wp-content\/uploads\/2022\/07\/Peter-Tavel-768x512.jpg\" class=\"attachment-medium_large size-medium_large wp-image-4042\" alt=\"\" srcset=\"https:\/\/oushi.upol.cz\/wp-content\/uploads\/2022\/07\/Peter-Tavel-768x512.jpg 768w, https:\/\/oushi.upol.cz\/wp-content\/uploads\/2022\/07\/Peter-Tavel-300x200.jpg 300w, https:\/\/oushi.upol.cz\/wp-content\/uploads\/2022\/07\/Peter-Tavel-1024x683.jpg 1024w, https:\/\/oushi.upol.cz\/wp-content\/uploads\/2022\/07\/Peter-Tavel-1536x1024.jpg 1536w, https:\/\/oushi.upol.cz\/wp-content\/uploads\/2022\/07\/Peter-Tavel-2048x1365.jpg 2048w\" sizes=\"(max-width: 768px) 100vw, 768px\" \/>\t\t\t\t\t\t\t\t\t\t\t\t\t\t\t<\/div>\n\t\t\t\t<\/div>\n\t\t\t\t<div class=\"elementor-element elementor-element-259acad elementor-widget elementor-widget-heading\" data-id=\"259acad\" data-element_type=\"widget\" data-e-type=\"widget\" data-widget_type=\"heading.default\">\n\t\t\t\t<div class=\"elementor-widget-container\">\n\t\t\t\t\t<h3 class=\"elementor-heading-title elementor-size-default\">prof. Ing. Mgr. et Mgr. Peter Tavel, Ph.D.\u200b<\/h3>\t\t\t\t<\/div>\n\t\t\t\t<\/div>\n\t\t\t\t\t<\/div>\n\t\t<\/div>\n\t\t\t\t\t<\/div>\n\t\t<\/section>\n\t\t\t\t<div class=\"elementor-element elementor-element-815e713 elementor-widget elementor-widget-heading\" data-id=\"815e713\" data-element_type=\"widget\" data-e-type=\"widget\" data-widget_type=\"heading.default\">\n\t\t\t\t<div class=\"elementor-widget-container\">\n\t\t\t\t\t<h4 class=\"elementor-heading-title elementor-size-default\">About me<\/h4>\t\t\t\t<\/div>\n\t\t\t\t<\/div>\n\t\t\t\t<div class=\"elementor-element elementor-element-119bef3 elementor-widget elementor-widget-text-editor\" data-id=\"119bef3\" data-element_type=\"widget\" data-e-type=\"widget\" data-widget_type=\"text-editor.default\">\n\t\t\t\t<div class=\"elementor-widget-container\">\n\t\t\t\t\t\t\t\t\t<p>After graduating in clinical psychology and theology at Palack\u00fd University Olomouc, I defended my professorship in clinical psychology at the Faculty of Arts of Palack\u00fd University Olomouc in 2013. I specialise in family and couples therapy, hypnosis, and supervision in palliative care. I work as a lecturer in psychotherapeutic training at the Prague School of Psychosocial Studies. I am also involved in the academic and scientific fields. I am a researcher at the Kosice Institute for Society and Health at the University of Pavol Jozef \u0160af\u00e1rik in Ko\u0161ice in collaboration with the Department of Social Medicine, University of Groningen, Netherlands.<br><br>I am currently the Vice Dean of Sts Cyril and Methodius Faculty of Theology, Palack\u00fd University Olomouc, where I also lecture. I provide psychological counselling for the Counselling Service Centre at Palack\u00fd University. I am a member of the Czech Association for Psychotherapy and a member of the Czech Daseinsanalysis Society.<br><br>I have lived in Austria for a long time, working with palliative, elderly, and dying patients in a hospice and a nursing home. I am a mountaineer, run marathons, and regularly go on pilgrimage to Santiago de Compostela.<\/p>\t\t\t\t\t\t\t\t<\/div>\n\t\t\t\t<\/div>\n\t\t\t\t\t<\/div>\n\t\t<\/div>\n\t\t\t\t\t<\/div>\n\t\t<\/section>\n\t\t\t\t<section class=\"elementor-section elementor-top-section elementor-element elementor-element-c904c37 elementor-section-boxed elementor-section-height-default elementor-section-height-default\" data-id=\"c904c37\" data-element_type=\"section\" data-e-type=\"section\">\n\t\t\t\t\t\t<div class=\"elementor-container elementor-column-gap-default\">\n\t\t\t\t\t<div class=\"elementor-column elementor-col-100 elementor-top-column elementor-element elementor-element-ee3dc00\" data-id=\"ee3dc00\" data-element_type=\"column\" data-e-type=\"column\">\n\t\t\t<div class=\"elementor-widget-wrap elementor-element-populated\">\n\t\t\t\t\t\t<section class=\"elementor-section elementor-inner-section elementor-element elementor-element-53b5224 elementor-section-boxed elementor-section-height-default elementor-section-height-default\" data-id=\"53b5224\" data-element_type=\"section\" data-e-type=\"section\">\n\t\t\t\t\t\t<div class=\"elementor-container elementor-column-gap-extended\">\n\t\t\t\t\t<div class=\"elementor-column elementor-col-33 elementor-inner-column elementor-element elementor-element-19648ba\" data-id=\"19648ba\" data-element_type=\"column\" data-e-type=\"column\" data-settings=\"{&quot;background_background&quot;:&quot;classic&quot;}\">\n\t\t\t<div class=\"elementor-widget-wrap elementor-element-populated\">\n\t\t\t\t\t\t<div class=\"elementor-element elementor-element-61ff488 elementor-position-top elementor-widget elementor-widget-image-box\" data-id=\"61ff488\" data-element_type=\"widget\" data-e-type=\"widget\" data-widget_type=\"image-box.default\">\n\t\t\t\t<div class=\"elementor-widget-container\">\n\t\t\t\t\t<div class=\"elementor-image-box-wrapper\"><figure class=\"elementor-image-box-img\"><img decoding=\"async\" width=\"2560\" height=\"1707\" src=\"https:\/\/oushi.upol.cz\/wp-content\/uploads\/2025\/05\/Jana-Furstova-1-scaled.jpg\" class=\"attachment-full size-full wp-image-8311\" alt=\"\" srcset=\"https:\/\/oushi.upol.cz\/wp-content\/uploads\/2025\/05\/Jana-Furstova-1-scaled.jpg 2560w, https:\/\/oushi.upol.cz\/wp-content\/uploads\/2025\/05\/Jana-Furstova-1-300x200.jpg 300w, https:\/\/oushi.upol.cz\/wp-content\/uploads\/2025\/05\/Jana-Furstova-1-1024x683.jpg 1024w, https:\/\/oushi.upol.cz\/wp-content\/uploads\/2025\/05\/Jana-Furstova-1-768x512.jpg 768w, https:\/\/oushi.upol.cz\/wp-content\/uploads\/2025\/05\/Jana-Furstova-1-1536x1024.jpg 1536w, https:\/\/oushi.upol.cz\/wp-content\/uploads\/2025\/05\/Jana-Furstova-1-2048x1365.jpg 2048w, https:\/\/oushi.upol.cz\/wp-content\/uploads\/2025\/05\/Jana-Furstova-1-18x12.jpg 18w\" sizes=\"(max-width: 2560px) 100vw, 2560px\" \/><\/figure><div class=\"elementor-image-box-content\"><h4 class=\"elementor-image-box-title\">Mgr. Jana F\u00fcrstov\u00e1, Ph.D.<\/h4><\/div><\/div>\t\t\t\t<\/div>\n\t\t\t\t<\/div>\n\t\t\t\t<div class=\"elementor-element elementor-element-c729bb6 elementor-align-center elementor-widget elementor-widget-button\" data-id=\"c729bb6\" data-element_type=\"widget\" data-e-type=\"widget\" data-widget_type=\"button.default\">\n\t\t\t\t<div class=\"elementor-widget-container\">\n\t\t\t\t\t\t\t\t\t<div class=\"elementor-button-wrapper\">\n\t\t\t\t\t<a class=\"elementor-button elementor-button-link elementor-size-sm\" href=\"https:\/\/oushi.upol.cz\/en\/vyzkum\/vyzkumni-pracovnici\/mgr-jana-furstova-ph-d\/\">\n\t\t\t\t\t\t<span class=\"elementor-button-content-wrapper\">\n\t\t\t\t\t\t\t\t\t<span class=\"elementor-button-text\">More about me<\/span>\n\t\t\t\t\t<\/span>\n\t\t\t\t\t<\/a>\n\t\t\t\t<\/div>\n\t\t\t\t\t\t\t\t<\/div>\n\t\t\t\t<\/div>\n\t\t\t\t\t<\/div>\n\t\t<\/div>\n\t\t\t\t<div class=\"elementor-column elementor-col-33 elementor-inner-column elementor-element elementor-element-8410d54\" data-id=\"8410d54\" data-element_type=\"column\" data-e-type=\"column\" data-settings=\"{&quot;background_background&quot;:&quot;classic&quot;}\">\n\t\t\t<div class=\"elementor-widget-wrap elementor-element-populated\">\n\t\t\t\t\t\t<div class=\"elementor-element elementor-element-91ab1c1 elementor-position-top elementor-widget elementor-widget-image-box\" data-id=\"91ab1c1\" data-element_type=\"widget\" data-e-type=\"widget\" data-widget_type=\"image-box.default\">\n\t\t\t\t<div class=\"elementor-widget-container\">\n\t\t\t\t\t<div class=\"elementor-image-box-wrapper\"><figure class=\"elementor-image-box-img\"><img decoding=\"async\" src=\"https:\/\/oushi.upol.cz\/wp-content\/uploads\/2022\/09\/Kristy\u0301na\u0301-Ga\u0301bova\u0301-scaled.jpg\" title=\"Kristy\u0301na\u0301 Ga\u0301bova\u0301\" alt=\"Kristy\u0301na\u0301 Ga\u0301bova\u0301\" loading=\"lazy\" \/><\/figure><div class=\"elementor-image-box-content\"><h4 class=\"elementor-image-box-title\">Mgr. Bc. Krist\u00fdna G\u00e1bov\u00e1, Ph.D.<\/h4><\/div><\/div>\t\t\t\t<\/div>\n\t\t\t\t<\/div>\n\t\t\t\t<div class=\"elementor-element elementor-element-30fd202 elementor-align-center elementor-widget elementor-widget-button\" data-id=\"30fd202\" data-element_type=\"widget\" data-e-type=\"widget\" data-widget_type=\"button.default\">\n\t\t\t\t<div class=\"elementor-widget-container\">\n\t\t\t\t\t\t\t\t\t<div class=\"elementor-button-wrapper\">\n\t\t\t\t\t<a class=\"elementor-button elementor-button-link elementor-size-sm\" href=\"https:\/\/oushi.upol.cz\/en\/vyzkum\/vyzkumni-pracovnici\/mgr-bc-kristyna-gabova-ph-d\/\">\n\t\t\t\t\t\t<span class=\"elementor-button-content-wrapper\">\n\t\t\t\t\t\t\t\t\t<span class=\"elementor-button-text\">More about me<\/span>\n\t\t\t\t\t<\/span>\n\t\t\t\t\t<\/a>\n\t\t\t\t<\/div>\n\t\t\t\t\t\t\t\t<\/div>\n\t\t\t\t<\/div>\n\t\t\t\t\t<\/div>\n\t\t<\/div>\n\t\t\t\t<div class=\"elementor-column elementor-col-33 elementor-inner-column elementor-element elementor-element-42341f2\" data-id=\"42341f2\" data-element_type=\"column\" data-e-type=\"column\" data-settings=\"{&quot;background_background&quot;:&quot;classic&quot;}\">\n\t\t\t<div class=\"elementor-widget-wrap elementor-element-populated\">\n\t\t\t\t\t\t<div class=\"elementor-element elementor-element-1ac428a elementor-position-top elementor-widget elementor-widget-image-box\" data-id=\"1ac428a\" data-element_type=\"widget\" data-e-type=\"widget\" data-widget_type=\"image-box.default\">\n\t\t\t\t<div class=\"elementor-widget-container\">\n\t\t\t\t\t<div class=\"elementor-image-box-wrapper\"><figure class=\"elementor-image-box-img\"><img decoding=\"async\" src=\"https:\/\/oushi.upol.cz\/wp-content\/uploads\/2025\/06\/Adobe-Express-file.jpg\" class=\"attachment-full size-full wp-image-8376\" alt=\"\" \/><\/figure><div class=\"elementor-image-box-content\"><h4 class=\"elementor-image-box-title\">Mgr. Kl\u00e1ra Mali\u0148\u00e1kov\u00e1, Ph.D.<\/h4><\/div><\/div>\t\t\t\t<\/div>\n\t\t\t\t<\/div>\n\t\t\t\t<div class=\"elementor-element elementor-element-5026845 elementor-align-center elementor-widget elementor-widget-button\" data-id=\"5026845\" data-element_type=\"widget\" data-e-type=\"widget\" data-widget_type=\"button.default\">\n\t\t\t\t<div class=\"elementor-widget-container\">\n\t\t\t\t\t\t\t\t\t<div class=\"elementor-button-wrapper\">\n\t\t\t\t\t<a class=\"elementor-button elementor-button-link elementor-size-sm\" href=\"https:\/\/oushi.upol.cz\/en\/vyzkum\/vyzkumni-pracovnici\/klara-malinakova\/\">\n\t\t\t\t\t\t<span class=\"elementor-button-content-wrapper\">\n\t\t\t\t\t\t\t\t\t<span class=\"elementor-button-text\">More about me<\/span>\n\t\t\t\t\t<\/span>\n\t\t\t\t\t<\/a>\n\t\t\t\t<\/div>\n\t\t\t\t\t\t\t\t<\/div>\n\t\t\t\t<\/div>\n\t\t\t\t\t<\/div>\n\t\t<\/div>\n\t\t\t\t\t<\/div>\n\t\t<\/section>\n\t\t\t\t\t<\/div>\n\t\t<\/div>\n\t\t\t\t\t<\/div>\n\t\t<\/section>\n\t\t\t\t<section class=\"elementor-section elementor-top-section elementor-element elementor-element-077f312 elementor-section-boxed elementor-section-height-default elementor-section-height-default\" data-id=\"077f312\" data-element_type=\"section\" data-e-type=\"section\">\n\t\t\t\t\t\t<div class=\"elementor-container elementor-column-gap-default\">\n\t\t\t\t\t<div class=\"elementor-column elementor-col-100 elementor-top-column elementor-element elementor-element-71f34a4\" data-id=\"71f34a4\" data-element_type=\"column\" data-e-type=\"column\">\n\t\t\t<div class=\"elementor-widget-wrap elementor-element-populated\">\n\t\t\t\t\t\t<section class=\"elementor-section elementor-inner-section elementor-element elementor-element-2b760ab elementor-section-boxed elementor-section-height-default elementor-section-height-default\" data-id=\"2b760ab\" data-element_type=\"section\" data-e-type=\"section\">\n\t\t\t\t\t\t<div class=\"elementor-container elementor-column-gap-extended\">\n\t\t\t\t\t<div class=\"elementor-column elementor-col-33 elementor-inner-column elementor-element elementor-element-b02231d\" data-id=\"b02231d\" data-element_type=\"column\" data-e-type=\"column\" data-settings=\"{&quot;background_background&quot;:&quot;classic&quot;}\">\n\t\t\t<div class=\"elementor-widget-wrap elementor-element-populated\">\n\t\t\t\t\t\t<div class=\"elementor-element elementor-element-1d5f6a6 elementor-position-top elementor-widget elementor-widget-image-box\" data-id=\"1d5f6a6\" data-element_type=\"widget\" data-e-type=\"widget\" data-widget_type=\"image-box.default\">\n\t\t\t\t<div class=\"elementor-widget-container\">\n\t\t\t\t\t<div class=\"elementor-image-box-wrapper\"><figure class=\"elementor-image-box-img\"><img decoding=\"async\" width=\"2560\" height=\"1707\" src=\"https:\/\/oushi.upol.cz\/wp-content\/uploads\/2022\/09\/Lukas-Novak-scaled.jpg\" class=\"attachment-full size-full wp-image-5576\" alt=\"\" srcset=\"https:\/\/oushi.upol.cz\/wp-content\/uploads\/2022\/09\/Lukas-Novak-scaled.jpg 2560w, https:\/\/oushi.upol.cz\/wp-content\/uploads\/2022\/09\/Lukas-Novak-300x200.jpg 300w, https:\/\/oushi.upol.cz\/wp-content\/uploads\/2022\/09\/Lukas-Novak-1024x683.jpg 1024w, https:\/\/oushi.upol.cz\/wp-content\/uploads\/2022\/09\/Lukas-Novak-768x512.jpg 768w, https:\/\/oushi.upol.cz\/wp-content\/uploads\/2022\/09\/Lukas-Novak-1536x1024.jpg 1536w, https:\/\/oushi.upol.cz\/wp-content\/uploads\/2022\/09\/Lukas-Novak-2048x1365.jpg 2048w\" sizes=\"(max-width: 2560px) 100vw, 2560px\" \/><\/figure><div class=\"elementor-image-box-content\"><h4 class=\"elementor-image-box-title\">Mgr. et Mgr. Luk\u00e1\u0161 Nov\u00e1k<\/h4><\/div><\/div>\t\t\t\t<\/div>\n\t\t\t\t<\/div>\n\t\t\t\t<div class=\"elementor-element elementor-element-f77624d elementor-align-center elementor-widget elementor-widget-button\" data-id=\"f77624d\" data-element_type=\"widget\" data-e-type=\"widget\" data-widget_type=\"button.default\">\n\t\t\t\t<div class=\"elementor-widget-container\">\n\t\t\t\t\t\t\t\t\t<div class=\"elementor-button-wrapper\">\n\t\t\t\t\t<a class=\"elementor-button elementor-button-link elementor-size-sm\" href=\"https:\/\/oushi.upol.cz\/en\/vyzkum\/vyzkumni-pracovnici\/lukas-novak\/\">\n\t\t\t\t\t\t<span class=\"elementor-button-content-wrapper\">\n\t\t\t\t\t\t\t\t\t<span class=\"elementor-button-text\">More about me<\/span>\n\t\t\t\t\t<\/span>\n\t\t\t\t\t<\/a>\n\t\t\t\t<\/div>\n\t\t\t\t\t\t\t\t<\/div>\n\t\t\t\t<\/div>\n\t\t\t\t\t<\/div>\n\t\t<\/div>\n\t\t\t\t<div class=\"elementor-column elementor-col-33 elementor-inner-column elementor-element elementor-element-17675b6\" data-id=\"17675b6\" data-element_type=\"column\" data-e-type=\"column\" data-settings=\"{&quot;background_background&quot;:&quot;classic&quot;}\">\n\t\t\t<div class=\"elementor-widget-wrap elementor-element-populated\">\n\t\t\t\t\t\t<div class=\"elementor-element elementor-element-c5895fc elementor-position-top elementor-widget elementor-widget-image-box\" data-id=\"c5895fc\" data-element_type=\"widget\" data-e-type=\"widget\" data-widget_type=\"image-box.default\">\n\t\t\t\t<div class=\"elementor-widget-container\">\n\t\t\t\t\t<div class=\"elementor-image-box-wrapper\"><figure class=\"elementor-image-box-img\"><img decoding=\"async\" src=\"https:\/\/oushi.upol.cz\/wp-content\/uploads\/2025\/06\/oushi-tym-07-1.jpg\" class=\"attachment-full size-full wp-image-8334\" alt=\"\" \/><\/figure><div class=\"elementor-image-box-content\"><h4 class=\"elementor-image-box-title\"><h4 class=\"elementor-image-box-title elementor-inline-editing pen\" data-elementor-setting-key=\"title_text\" data-elementor-inline-editing-toolbar=\"none\" data-pen-placeholder=\"Type Here...\" style=\"font-style: normal\">Mgr. Marta S\u00fdkorov\u00e1<\/h4><\/h4><\/div><\/div>\t\t\t\t<\/div>\n\t\t\t\t<\/div>\n\t\t\t\t<div class=\"elementor-element elementor-element-21d90f6 elementor-align-center elementor-widget elementor-widget-button\" data-id=\"21d90f6\" data-element_type=\"widget\" data-e-type=\"widget\" data-widget_type=\"button.default\">\n\t\t\t\t<div class=\"elementor-widget-container\">\n\t\t\t\t\t\t\t\t\t<div class=\"elementor-button-wrapper\">\n\t\t\t\t\t<a class=\"elementor-button elementor-button-link elementor-size-sm\" href=\"https:\/\/oushi.upol.cz\/en\/vyzkum\/vyzkumni-pracovnici\/mgr-marta-sykorova\/\">\n\t\t\t\t\t\t<span class=\"elementor-button-content-wrapper\">\n\t\t\t\t\t\t\t\t\t<span class=\"elementor-button-text\">More about me<\/span>\n\t\t\t\t\t<\/span>\n\t\t\t\t\t<\/a>\n\t\t\t\t<\/div>\n\t\t\t\t\t\t\t\t<\/div>\n\t\t\t\t<\/div>\n\t\t\t\t\t<\/div>\n\t\t<\/div>\n\t\t\t\t<div class=\"elementor-column elementor-col-33 elementor-inner-column elementor-element elementor-element-0295c94\" data-id=\"0295c94\" data-element_type=\"column\" data-e-type=\"column\" data-settings=\"{&quot;background_background&quot;:&quot;classic&quot;}\">\n\t\t\t<div class=\"elementor-widget-wrap elementor-element-populated\">\n\t\t\t\t\t\t<div class=\"elementor-element elementor-element-278d448 elementor-position-top elementor-widget elementor-widget-image-box\" data-id=\"278d448\" data-element_type=\"widget\" data-e-type=\"widget\" data-widget_type=\"image-box.default\">\n\t\t\t\t<div class=\"elementor-widget-container\">\n\t\t\t\t\t<div class=\"elementor-image-box-wrapper\"><figure class=\"elementor-image-box-img\"><img loading=\"lazy\" decoding=\"async\" width=\"2560\" height=\"1707\" src=\"https:\/\/oushi.upol.cz\/wp-content\/uploads\/2023\/08\/Radka-Zidkova-scaled.jpg\" class=\"attachment-full size-full wp-image-7322\" alt=\"\" srcset=\"https:\/\/oushi.upol.cz\/wp-content\/uploads\/2023\/08\/Radka-Zidkova-scaled.jpg 2560w, https:\/\/oushi.upol.cz\/wp-content\/uploads\/2023\/08\/Radka-Zidkova-300x200.jpg 300w, https:\/\/oushi.upol.cz\/wp-content\/uploads\/2023\/08\/Radka-Zidkova-1024x683.jpg 1024w, https:\/\/oushi.upol.cz\/wp-content\/uploads\/2023\/08\/Radka-Zidkova-768x512.jpg 768w, https:\/\/oushi.upol.cz\/wp-content\/uploads\/2023\/08\/Radka-Zidkova-1536x1024.jpg 1536w, https:\/\/oushi.upol.cz\/wp-content\/uploads\/2023\/08\/Radka-Zidkova-2048x1365.jpg 2048w, https:\/\/oushi.upol.cz\/wp-content\/uploads\/2023\/08\/Radka-Zidkova-18x12.jpg 18w\" sizes=\"(max-width: 2560px) 100vw, 2560px\" \/><\/figure><div class=\"elementor-image-box-content\"><h4 class=\"elementor-image-box-title\">Mgr. Radka \u017d\u00eddkov\u00e1<\/h4><\/div><\/div>\t\t\t\t<\/div>\n\t\t\t\t<\/div>\n\t\t\t\t<div class=\"elementor-element elementor-element-113026d elementor-align-center elementor-widget elementor-widget-button\" data-id=\"113026d\" data-element_type=\"widget\" data-e-type=\"widget\" data-widget_type=\"button.default\">\n\t\t\t\t<div class=\"elementor-widget-container\">\n\t\t\t\t\t\t\t\t\t<div class=\"elementor-button-wrapper\">\n\t\t\t\t\t<a class=\"elementor-button elementor-button-link elementor-size-sm\" href=\"https:\/\/oushi.upol.cz\/en\/vyzkum\/vyzkumni-pracovnici\/radka-zidkova\/\">\n\t\t\t\t\t\t<span class=\"elementor-button-content-wrapper\">\n\t\t\t\t\t\t\t\t\t<span class=\"elementor-button-text\">More about me<\/span>\n\t\t\t\t\t<\/span>\n\t\t\t\t\t<\/a>\n\t\t\t\t<\/div>\n\t\t\t\t\t\t\t\t<\/div>\n\t\t\t\t<\/div>\n\t\t\t\t\t<\/div>\n\t\t<\/div>\n\t\t\t\t\t<\/div>\n\t\t<\/section>\n\t\t\t\t\t<\/div>\n\t\t<\/div>\n\t\t\t\t\t<\/div>\n\t\t<\/section>\n\t\t\t\t<section class=\"elementor-section elementor-top-section elementor-element elementor-element-eecaeec elementor-section-boxed elementor-section-height-default elementor-section-height-default\" data-id=\"eecaeec\" data-element_type=\"section\" data-e-type=\"section\">\n\t\t\t\t\t\t<div class=\"elementor-container elementor-column-gap-default\">\n\t\t\t\t\t<div class=\"elementor-column elementor-col-100 elementor-top-column elementor-element elementor-element-a6bf60a\" data-id=\"a6bf60a\" data-element_type=\"column\" data-e-type=\"column\">\n\t\t\t<div class=\"elementor-widget-wrap\">\n\t\t\t\t\t\t\t<\/div>\n\t\t<\/div>\n\t\t\t\t\t<\/div>\n\t\t<\/section>\n\t\t\t\t<section class=\"elementor-section elementor-top-section elementor-element elementor-element-ce21ebf elementor-section-boxed elementor-section-height-default elementor-section-height-default\" data-id=\"ce21ebf\" data-element_type=\"section\" data-e-type=\"section\">\n\t\t\t\t\t\t<div class=\"elementor-container elementor-column-gap-default\">\n\t\t\t\t\t<div class=\"elementor-column elementor-col-100 elementor-top-column elementor-element elementor-element-a16c4ba\" data-id=\"a16c4ba\" data-element_type=\"column\" data-e-type=\"column\">\n\t\t\t<div class=\"elementor-widget-wrap elementor-element-populated\">\n\t\t\t\t\t\t\t<\/div>\n\t\t<\/div>\n\t\t\t\t\t<\/div>\n\t\t<\/section>\n\t\t\t\t<\/div>","protected":false},"excerpt":{"rendered":"<p>V\u00fdzkumn\u00ed pracovn\u00edci prof. Ing. Mgr. et Mgr. Peter Tavel, Ph.D.\u200b O mn\u011b Po vystudov\u00e1n\u00ed klinick\u00e9 psychologie a teologie na&nbsp;UP v&nbsp;Olomouci jsem v&nbsp;roce 2013 na&nbsp;FF&nbsp;UP obh\u00e1jil profesuru v&nbsp;oboru klinick\u00e9 psychologie. Specializuji se na&nbsp;rodinnou a&nbsp;p\u00e1rovou terapii, hypn\u00f3zu a&nbsp;supervizi v&nbsp;oblasti paliativn\u00ed p\u00e9\u010de. P\u016fsob\u00edm jako lektor psychoterapeutick\u00fdch v\u00fdcvik\u016f na&nbsp;Pra\u017esk\u00e9 vysok\u00e9 \u0161kole psychosoci\u00e1ln\u00edch studi\u00ed. Anga\u017euji se i&nbsp;v&nbsp;akademick\u00e9 a&nbsp;v\u011bdeck\u00e9 oblasti. Jsem &hellip;<\/p>\n<p class=\"read-more\"> <a class=\"\" href=\"https:\/\/oushi.upol.cz\/en\/vyzkum\/vyzkumni-pracovnici\/\"> <span class=\"screen-reader-text\">Researchers<\/span> Read More &raquo;<\/a><\/p>","protected":false},"author":1,"featured_media":0,"parent":1483,"menu_order":0,"comment_status":"closed","ping_status":"closed","template":"","meta":{"site-sidebar-layout":"no-sidebar","site-content-layout":"page-builder","ast-global-header-display":"","ast-main-header-display":"","ast-hfb-above-header-display":"","ast-hfb-below-header-display":"","ast-hfb-mobile-header-display":"","site-post-title":"disabled","ast-breadcrumbs-content":"","ast-featured-img":"disabled","footer-sml-layout":"","theme-transparent-header-meta":"","adv-header-id-meta":"","stick-header-meta":"","header-above-stick-meta":"","header-main-stick-meta":"","header-below-stick-meta":"","footnotes":""},"class_list":["post-3373","page","type-page","status-publish","hentry"],"aioseo_notices":[],"_links":{"self":[{"href":"https:\/\/oushi.upol.cz\/en\/wp-json\/wp\/v2\/pages\/3373","targetHints":{"allow":["GET"]}}],"collection":[{"href":"https:\/\/oushi.upol.cz\/en\/wp-json\/wp\/v2\/pages"}],"about":[{"href":"https:\/\/oushi.upol.cz\/en\/wp-json\/wp\/v2\/types\/page"}],"author":[{"embeddable":true,"href":"https:\/\/oushi.upol.cz\/en\/wp-json\/wp\/v2\/users\/1"}],"replies":[{"embeddable":true,"href":"https:\/\/oushi.upol.cz\/en\/wp-json\/wp\/v2\/comments?post=3373"}],"version-history":[{"count":133,"href":"https:\/\/oushi.upol.cz\/en\/wp-json\/wp\/v2\/pages\/3373\/revisions"}],"predecessor-version":[{"id":8594,"href":"https:\/\/oushi.upol.cz\/en\/wp-json\/wp\/v2\/pages\/3373\/revisions\/8594"}],"up":[{"embeddable":true,"href":"https:\/\/oushi.upol.cz\/en\/wp-json\/wp\/v2\/pages\/1483"}],"wp:attachment":[{"href":"https:\/\/oushi.upol.cz\/en\/wp-json\/wp\/v2\/media?parent=3373"}],"curies":[{"name":"wp","href":"https:\/\/api.w.org\/{rel}","templated":true}]}}