{"id":3039,"date":"2022-06-27T13:00:08","date_gmt":"2022-06-27T11:00:08","guid":{"rendered":"http:\/\/upol.phsmart.eu\/?page_id=3039"},"modified":"2023-11-09T11:45:57","modified_gmt":"2023-11-09T10:45:57","slug":"prispevky-ve-sborniku","status":"publish","type":"page","link":"https:\/\/oushi.upol.cz\/en\/publikace\/prispevky-ve-sborniku\/","title":{"rendered":"P\u0159\u00edsp\u011bvky ve sborn\u00edku"},"content":{"rendered":"\t\t<div data-elementor-type=\"wp-page\" data-elementor-id=\"3039\" class=\"elementor elementor-3039\" data-elementor-post-type=\"page\">\n\t\t\t\t\t\t<section class=\"elementor-section elementor-top-section elementor-element elementor-element-aaac8d6 elementor-section-boxed elementor-section-height-default elementor-section-height-default\" data-id=\"aaac8d6\" data-element_type=\"section\" data-e-type=\"section\">\n\t\t\t\t\t\t<div class=\"elementor-container elementor-column-gap-default\">\n\t\t\t\t\t<div class=\"elementor-column elementor-col-100 elementor-top-column elementor-element elementor-element-34746e7\" data-id=\"34746e7\" data-element_type=\"column\" data-e-type=\"column\">\n\t\t\t<div class=\"elementor-widget-wrap elementor-element-populated\">\n\t\t\t\t\t\t<div class=\"elementor-element elementor-element-6fa9c9e elementor-widget elementor-widget-heading\" data-id=\"6fa9c9e\" data-element_type=\"widget\" data-e-type=\"widget\" data-widget_type=\"heading.default\">\n\t\t\t\t<div class=\"elementor-widget-container\">\n\t\t\t\t\t<h2 class=\"elementor-heading-title elementor-size-default\">P\u0159\u00edsp\u011bvky ve sborn\u00edku<\/h2>\t\t\t\t<\/div>\n\t\t\t\t<\/div>\n\t\t\t\t\t<\/div>\n\t\t<\/div>\n\t\t\t\t\t<\/div>\n\t\t<\/section>\n\t\t\t\t<section class=\"elementor-section elementor-top-section elementor-element elementor-element-49d33ce elementor-section-boxed elementor-section-height-default elementor-section-height-default\" data-id=\"49d33ce\" data-element_type=\"section\" data-e-type=\"section\">\n\t\t\t\t\t\t<div class=\"elementor-container elementor-column-gap-default\">\n\t\t\t\t\t<div class=\"elementor-column elementor-col-50 elementor-top-column elementor-element elementor-element-55385a8\" data-id=\"55385a8\" data-element_type=\"column\" data-e-type=\"column\">\n\t\t\t<div class=\"elementor-widget-wrap elementor-element-populated\">\n\t\t\t\t\t\t<div class=\"elementor-element elementor-element-ee41e5e elementor-widget elementor-widget-table-of-contents\" data-id=\"ee41e5e\" data-element_type=\"widget\" data-e-type=\"widget\" data-settings=\"{&quot;headings_by_tags&quot;:[&quot;h4&quot;],&quot;exclude_headings_by_selector&quot;:[],&quot;marker_view&quot;:&quot;bullets&quot;,&quot;min_height&quot;:{&quot;unit&quot;:&quot;px&quot;,&quot;size&quot;:0,&quot;sizes&quot;:[]},&quot;icon&quot;:{&quot;value&quot;:&quot;fas fa-circle&quot;,&quot;library&quot;:&quot;fa-solid&quot;},&quot;no_headings_message&quot;:&quot;No headings were found on this page.&quot;,&quot;hierarchical_view&quot;:&quot;yes&quot;,&quot;min_height_tablet&quot;:{&quot;unit&quot;:&quot;px&quot;,&quot;size&quot;:&quot;&quot;,&quot;sizes&quot;:[]},&quot;min_height_mobile&quot;:{&quot;unit&quot;:&quot;px&quot;,&quot;size&quot;:&quot;&quot;,&quot;sizes&quot;:[]}}\" data-widget_type=\"table-of-contents.default\">\n\t\t\t\t<div class=\"elementor-widget-container\">\n\t\t\t\t\t\t\t\t\t<div class=\"elementor-toc__header\">\n\t\t\t\t\t\t<h5 class=\"elementor-toc__header-title\">\n\t\t\t\tRok vyd\u00e1n\u00ed\t\t\t<\/h5>\n\t\t\t\t\t\t\t\t<\/div>\n\t\t\t\t<div id=\"elementor-toc__ee41e5e\" class=\"elementor-toc__body\">\n\t\t\t<div class=\"elementor-toc__spinner-container\">\n\t\t\t\t<i class=\"elementor-toc__spinner eicon-animation-spin eicon-loading\" aria-hidden=\"true\"><\/i>\t\t\t<\/div>\n\t\t<\/div>\n\t\t\t\t\t\t<\/div>\n\t\t\t\t<\/div>\n\t\t\t\t<div class=\"elementor-element elementor-element-08a2736 elementor-nav-menu--dropdown-tablet elementor-nav-menu__text-align-aside elementor-nav-menu--toggle elementor-nav-menu--burger elementor-widget elementor-widget-nav-menu\" data-id=\"08a2736\" data-element_type=\"widget\" data-e-type=\"widget\" data-settings=\"{&quot;layout&quot;:&quot;vertical&quot;,&quot;submenu_icon&quot;:{&quot;value&quot;:&quot;&lt;i class=\\&quot;fas fa-caret-down\\&quot; aria-hidden=\\&quot;true\\&quot;&gt;&lt;\\\/i&gt;&quot;,&quot;library&quot;:&quot;fa-solid&quot;},&quot;toggle&quot;:&quot;burger&quot;}\" data-widget_type=\"nav-menu.default\">\n\t\t\t\t<div class=\"elementor-widget-container\">\n\t\t\t\t\t\t\t\t<nav aria-label=\"Menu\" class=\"elementor-nav-menu--main elementor-nav-menu__container elementor-nav-menu--layout-vertical e--pointer-background e--animation-fade\">\n\t\t\t\t<ul id=\"menu-1-08a2736\" class=\"elementor-nav-menu sm-vertical\"><li class=\"menu-item menu-item-type-post_type menu-item-object-page menu-item-3108\"><a href=\"https:\/\/oushi.upol.cz\/en\/publikace\/abstrakt\/\" class=\"elementor-item menu-link\">Abstrakt<\/a><\/li>\n<li class=\"menu-item menu-item-type-post_type menu-item-object-page menu-item-3107\"><a href=\"https:\/\/oushi.upol.cz\/en\/publikace\/certifikovana-metodika\/\" class=\"elementor-item menu-link\">Certifikovan\u00e1 metodika<\/a><\/li>\n<li class=\"menu-item menu-item-type-post_type menu-item-object-page menu-item-3106\"><a href=\"https:\/\/oushi.upol.cz\/en\/publikace\/clanky\/\" class=\"elementor-item menu-link\">\u010cl\u00e1nky<\/a><\/li>\n<li class=\"menu-item menu-item-type-post_type menu-item-object-page menu-item-3105\"><a href=\"https:\/\/oushi.upol.cz\/en\/publikace\/kapitola-v-knize\/\" class=\"elementor-item menu-link\">Kapitola v knize<\/a><\/li>\n<li class=\"menu-item menu-item-type-post_type menu-item-object-page menu-item-3104\"><a href=\"https:\/\/oushi.upol.cz\/en\/publikace\/monografie\/\" class=\"elementor-item menu-link\">Monografie<\/a><\/li>\n<li class=\"menu-item menu-item-type-post_type menu-item-object-page menu-item-3103\"><a href=\"https:\/\/oushi.upol.cz\/en\/publikace\/nastroje\/\" class=\"elementor-item menu-link\">N\u00e1stroje<\/a><\/li>\n<li class=\"menu-item menu-item-type-post_type menu-item-object-page menu-item-3102\"><a href=\"https:\/\/oushi.upol.cz\/en\/publikace\/postery\/\" class=\"elementor-item menu-link\">Postery<\/a><\/li>\n<li class=\"menu-item menu-item-type-post_type menu-item-object-page menu-item-3109\"><a href=\"https:\/\/oushi.upol.cz\/en\/publikace\/prispevky-ve-sborniku\/\" class=\"elementor-item menu-link\">P\u0159\u00edsp\u011bvky ve sborn\u00edku<\/a><\/li>\n<\/ul>\t\t\t<\/nav>\n\t\t\t\t\t<div class=\"elementor-menu-toggle\" role=\"button\" tabindex=\"0\" aria-label=\"Menu Toggle\" aria-expanded=\"false\">\n\t\t\t<i aria-hidden=\"true\" role=\"presentation\" class=\"elementor-menu-toggle__icon--open eicon-menu-bar\"><\/i><i aria-hidden=\"true\" role=\"presentation\" class=\"elementor-menu-toggle__icon--close eicon-close\"><\/i>\t\t<\/div>\n\t\t\t\t\t<nav class=\"elementor-nav-menu--dropdown elementor-nav-menu__container\" aria-hidden=\"true\">\n\t\t\t\t<ul id=\"menu-2-08a2736\" class=\"elementor-nav-menu sm-vertical\"><li class=\"menu-item menu-item-type-post_type menu-item-object-page menu-item-3108\"><a href=\"https:\/\/oushi.upol.cz\/en\/publikace\/abstrakt\/\" class=\"elementor-item menu-link\" tabindex=\"-1\">Abstrakt<\/a><\/li>\n<li class=\"menu-item menu-item-type-post_type menu-item-object-page menu-item-3107\"><a href=\"https:\/\/oushi.upol.cz\/en\/publikace\/certifikovana-metodika\/\" class=\"elementor-item menu-link\" tabindex=\"-1\">Certifikovan\u00e1 metodika<\/a><\/li>\n<li class=\"menu-item menu-item-type-post_type menu-item-object-page menu-item-3106\"><a href=\"https:\/\/oushi.upol.cz\/en\/publikace\/clanky\/\" class=\"elementor-item menu-link\" tabindex=\"-1\">\u010cl\u00e1nky<\/a><\/li>\n<li class=\"menu-item menu-item-type-post_type menu-item-object-page menu-item-3105\"><a href=\"https:\/\/oushi.upol.cz\/en\/publikace\/kapitola-v-knize\/\" class=\"elementor-item menu-link\" tabindex=\"-1\">Kapitola v knize<\/a><\/li>\n<li class=\"menu-item menu-item-type-post_type menu-item-object-page menu-item-3104\"><a href=\"https:\/\/oushi.upol.cz\/en\/publikace\/monografie\/\" class=\"elementor-item menu-link\" tabindex=\"-1\">Monografie<\/a><\/li>\n<li class=\"menu-item menu-item-type-post_type menu-item-object-page menu-item-3103\"><a href=\"https:\/\/oushi.upol.cz\/en\/publikace\/nastroje\/\" class=\"elementor-item menu-link\" tabindex=\"-1\">N\u00e1stroje<\/a><\/li>\n<li class=\"menu-item menu-item-type-post_type menu-item-object-page menu-item-3102\"><a href=\"https:\/\/oushi.upol.cz\/en\/publikace\/postery\/\" class=\"elementor-item menu-link\" tabindex=\"-1\">Postery<\/a><\/li>\n<li class=\"menu-item menu-item-type-post_type menu-item-object-page menu-item-3109\"><a href=\"https:\/\/oushi.upol.cz\/en\/publikace\/prispevky-ve-sborniku\/\" class=\"elementor-item menu-link\" tabindex=\"-1\">P\u0159\u00edsp\u011bvky ve sborn\u00edku<\/a><\/li>\n<\/ul>\t\t\t<\/nav>\n\t\t\t\t\t\t<\/div>\n\t\t\t\t<\/div>\n\t\t\t\t\t<\/div>\n\t\t<\/div>\n\t\t\t\t<div class=\"elementor-column elementor-col-50 elementor-top-column elementor-element elementor-element-def9ed0\" data-id=\"def9ed0\" data-element_type=\"column\" data-e-type=\"column\">\n\t\t\t<div class=\"elementor-widget-wrap elementor-element-populated\">\n\t\t\t\t\t\t<div class=\"elementor-element elementor-element-64ae100 elementor-widget elementor-widget-html\" data-id=\"64ae100\" data-element_type=\"widget\" data-e-type=\"widget\" data-widget_type=\"html.default\">\n\t\t\t\t<div class=\"elementor-widget-container\">\n\t\t\t\t\t<h4>2016<\/h4>\r\n<table>\r\n<tbody>\r\n<tr>\r\n<td>Ka\u0161\u010d\u00e1kov\u00e1, N., Bie\u0161\u010dad, M., Pol\u00e1\u010dkov\u00e1 \u0160olcov\u00e1, I., Ha\u0161to, J., Tavel, P. (2016). Prevalence of traumatisation and insecure attachment styles in a representative sample of Czech Republic. In Bohus, M. <em>4th International Congress on Borderline Personality Disorder and Allied Disorders; Bridging the Gap \u2013 from Basic Science to Treatment Implementation<\/em>. V\u00edd\u011b\u0148 : CPO Hanser Swervice, Hamburg: Hanser &amp; Co GmbH, s. 109. ISSN 0000-0000. <a href=\"https:\/\/oushi2.upol.cz\/wp-content\/uploads\/2017\/11\/2016_P\u0158\u00cdSP\u011aVEK-VE-SBORN\u00cdKU_Prevalence-of-traumatisation-and-insecure-attachment-styles-in-a-representative-sample-of-Czech-Republic_poster.pdf\">Poster.<\/a><\/td>\r\n<td><a href=\"https:\/\/oushi2.upol.cz\/wp-content\/uploads\/2017\/11\/2016_P\u0158\u00cdSP\u011aVEK-VE-SBORN\u00cdKU_Prevalence-of-traumatisation-and-insecure-attachment-styles-in-a-representative-sample-of-Czech-Republic.pdf\">.<\/a><\/td>\r\n<\/tr>\r\n<tr>\r\n<td>Ka\u0161\u010d\u00e1kov\u00e1, N., Bie\u0161\u010dad, M., Pol\u00e1\u010dkov\u00e1 \u0160olcov\u00e1, I., Madarasov\u00e1 Geckov\u00e1, A., Hus\u00e1rov\u00e1, D., Kolar\u010dik, P., Ha\u0161to, J., Tavel, P. (2016). V\u00fdskyt traumatiz\u00e1cie a neistej vz\u0165ahovej v\u00e4zby v reprezentat\u00edvnej vzorke obyvate\u013estva \u010ceskej republiky. In Iz\u00e1kov\u00e1, \u013d. <em>Psychiatria pre prax \u2013 Suplement 1e; XII. Slovensk\u00fd psychiatrick\u00fd zjazd : Psychiatria a s\u00fa\u010dasn\u00e1 medic\u00edna<\/em>. Bratislava : Solen, s. 41. ISSN 2453-8477.<\/td>\r\n<td><a href=\"https:\/\/oushi2.upol.cz\/wp-content\/uploads\/2017\/11\/2016_P\u0158\u00cdSP\u011aVEK-VE-SBORN\u00cdKU_V\u00fdskyt-traumatiz\u00e1cie-a-neistej-vz\u0165ahovej-v\u00e4zby-v-reprezentat\u00edvnej-vzorke-obyvate\u013estva-\u010ceskej-republiky_1.pdf\">.<\/a><\/td>\r\n<\/tr>\r\n<tr>\r\n<td>Ka\u0161\u010d\u00e1kov\u00e1, N., Hus\u00e1rov\u00e1, D., Kolar\u010dik, P., Mat\u00fa\u0161, B., Pol\u00e1\u010dkov\u00e1 \u0160olcov\u00e1, I., Madarasov\u00e1 Geckov\u00e1, A., Ha\u0161to, J., Tavel, P. (2016). Associations of traumatisation and different styles of attachment with selected parameters of physical and mental health in a representative sample from the Czech Republic. In Holzhausen, J. <em>DGPPN CONGRESS 2016<\/em>. Berlin : Scientific Secretariat, German Association for Psychiatry, Psychotherapy and Psychosomatics, DGPPN Head Office Berlin, s. neuvedeno. ISSN 0000-0000. <a href=\"https:\/\/oushi2.upol.cz\/wp-content\/uploads\/2017\/11\/2016_P\u0158\u00cdSP\u011aVEK-VE-SBORN\u00cdKU_Associations-of-traumatisation-and-different-attachment-styles-with-selected-parameters-of-physical-_poster.pdf\">Poster.<\/a><\/td>\r\n<td><a href=\"https:\/\/oushi2.upol.cz\/wp-content\/uploads\/2017\/11\/2016_P\u0158\u00cdSP\u011aVEK-VE-SBORN\u00cdKU_Associations-of-traumatisation-and-different-styles-of-attachment-.pdf\">.<\/a><\/td>\r\n<\/tr>\r\n<tr>\r\n<td>Kolar\u010dik, P., \u010cepov\u00e1, E., Nov\u00e1kov\u00e1, Z., Madarasov\u00e1 Geckov\u00e1, A., Tavel, P. (2016). \u00a0Rozdiely v \u00farovni zdravotnej gramotnosti v s\u00favislosti s faj\u010den\u00edm, konzum\u00e1ciou alkoholu a drog u respondentov na Slovensku. In Bado\u0161ek, R. Kebza, V. <em>Sborn\u00edk abstrakt sd\u011blen\u00ed: z 23. konference Sekce psychologie zdrav\u00ed \u010cMPS Vern\u00ed\u0159ovice 20. - 22. 5. 2016. - Ostrava<\/em>. Ostrava : Pedagogick\u00e1 fakulta OU v Ostrav\u011b, s. 18. ISBN 978-80-7464-827-4.<\/td>\r\n<td><a href=\"https:\/\/oushi2.upol.cz\/wp-content\/uploads\/2017\/11\/2016_P\u0158\u00cdSP\u011aVEK-VE-SBORN\u00cdKU_Rozdiely-v-\u00farovni-zdravotnej-gramotnosti-v-s\u00favislosti-s-faj\u010den\u00edm-konzum\u00e1ciou-alkoholu-a-drog-u-respondentov-na-Slovensku.pdf\">.<\/a><\/td>\r\n<\/tr>\r\n<tr>\r\n<td>Mali\u0148\u00e1kov\u00e1, K., Tavel, P. (2016). The images of God: Roots and fruits of their different variants. In Hefti, R. <em>European Conference on Religion, Spirituality and Health<\/em>. Gda\u0148sk : Research Institute for Spirituality and Health, s. 39-40. ISSN 0000-0000. <a href=\"https:\/\/oushi2.upol.cz\/wp-content\/uploads\/2017\/11\/2016_POSTER_The-Images-of-God-Roots-and-Fruits-of-Their-Different-Variants.pdf\">Poster.<\/a><\/td>\r\n<td><a href=\"https:\/\/oushi2.upol.cz\/wp-content\/uploads\/2017\/11\/2016_P\u0158\u00cdSP\u011aVEK-VE-SBORN\u00cdKU_The-images-of-god.pdf\">.<\/a><\/td>\r\n<\/tr>\r\n<\/tbody>\r\n<\/table>\r\n<h4>2015<\/h4>\r\n<table>\r\n<tbody>\r\n<tr>\r\n<td>Kubak, M., Bos\u00e1kov\u00e1, L., Fisar, M., Hajduova, Z., Timurova, E. (2015). Dependence of\u00a0Unemployment Change on Selected Economic Factors: Panel Data Evidence. In Current\u00a0Trends in Public Sector Research (pp. 21-28). Brno: Masarykova Univerzita. AO -\u00a0Sociologie, demografie. I.<\/td>\r\n<td>\u00a0<a class=\"download-link\" href=\"https:\/\/oushi2.upol.cz\/wp-content\/uploads\/2017\/09\/2015_prispevek-ve-sborniku_-dependence-of-unemployment-change-on-selected-economic-factors.pdf\">.<\/a><\/td>\r\n<\/tr>\r\n<\/tbody>\r\n<\/table>\r\n<h4>2014<\/h4>\r\n<table>\r\n<tbody>\r\n<tr>\r\n<td>Lacko, R., Bos\u00e1kov\u00e1, L., Kubak, M., Nemec, J., Tkac, M. (2014). Technical Efficiency of Selected Private Hospitals in Slovakia. In <em>Proceedings of the 18th International Conference Current Trends in Public Sector Research<\/em>. Brno : Masarykova Univerzita, , s. 269-275. ISBN 978-80-210-6611-3. ISSN 2336-1239.<\/td>\r\n<td><a href=\"https:\/\/oushi2.upol.cz\/wp-content\/uploads\/2017\/10\/2014_PRISPEVEK-VE-SBORNIKU_Technical-efficiency-of-selected-private-hospitals.pdf\">.<\/a><\/td>\r\n<\/tr>\r\n<\/tbody>\r\n<\/table>\t\t\t\t<\/div>\n\t\t\t\t<\/div>\n\t\t\t\t\t<\/div>\n\t\t<\/div>\n\t\t\t\t\t<\/div>\n\t\t<\/section>\n\t\t\t\t<\/div>\n\t\t","protected":false},"excerpt":{"rendered":"<p>P\u0159\u00edsp\u011bvky ve sborn\u00edku Rok vyd\u00e1n\u00ed 2016 Ka\u0161\u010d\u00e1kov\u00e1, N., Bie\u0161\u010dad, M., Pol\u00e1\u010dkov\u00e1 \u0160olcov\u00e1, I., Ha\u0161to, J., Tavel, P. (2016). Prevalence of traumatisation and insecure attachment styles in a representative sample of Czech Republic. In Bohus, M. 4th International Congress on Borderline Personality Disorder and Allied Disorders; Bridging the Gap \u2013 from Basic Science to Treatment Implementation. &hellip;<\/p>\n<p class=\"read-more\"> <a class=\"\" href=\"https:\/\/oushi.upol.cz\/en\/publikace\/prispevky-ve-sborniku\/\"> <span class=\"screen-reader-text\">P\u0159\u00edsp\u011bvky ve sborn\u00edku<\/span> Read More &raquo;<\/a><\/p>","protected":false},"author":1,"featured_media":0,"parent":1529,"menu_order":0,"comment_status":"closed","ping_status":"closed","template":"","meta":{"site-sidebar-layout":"no-sidebar","site-content-layout":"page-builder","ast-global-header-display":"","ast-main-header-display":"","ast-hfb-above-header-display":"","ast-hfb-below-header-display":"","ast-hfb-mobile-header-display":"","site-post-title":"disabled","ast-breadcrumbs-content":"","ast-featured-img":"disabled","footer-sml-layout":"","theme-transparent-header-meta":"","adv-header-id-meta":"","stick-header-meta":"","header-above-stick-meta":"","header-main-stick-meta":"","header-below-stick-meta":"","footnotes":""},"class_list":["post-3039","page","type-page","status-publish","hentry"],"aioseo_notices":[],"_links":{"self":[{"href":"https:\/\/oushi.upol.cz\/en\/wp-json\/wp\/v2\/pages\/3039","targetHints":{"allow":["GET"]}}],"collection":[{"href":"https:\/\/oushi.upol.cz\/en\/wp-json\/wp\/v2\/pages"}],"about":[{"href":"https:\/\/oushi.upol.cz\/en\/wp-json\/wp\/v2\/types\/page"}],"author":[{"embeddable":true,"href":"https:\/\/oushi.upol.cz\/en\/wp-json\/wp\/v2\/users\/1"}],"replies":[{"embeddable":true,"href":"https:\/\/oushi.upol.cz\/en\/wp-json\/wp\/v2\/comments?post=3039"}],"version-history":[{"count":22,"href":"https:\/\/oushi.upol.cz\/en\/wp-json\/wp\/v2\/pages\/3039\/revisions"}],"predecessor-version":[{"id":7664,"href":"https:\/\/oushi.upol.cz\/en\/wp-json\/wp\/v2\/pages\/3039\/revisions\/7664"}],"up":[{"embeddable":true,"href":"https:\/\/oushi.upol.cz\/en\/wp-json\/wp\/v2\/pages\/1529"}],"wp:attachment":[{"href":"https:\/\/oushi.upol.cz\/en\/wp-json\/wp\/v2\/media?parent=3039"}],"curies":[{"name":"wp","href":"https:\/\/api.w.org\/{rel}","templated":true}]}}