{"id":3016,"date":"2022-06-27T12:49:06","date_gmt":"2022-06-27T10:49:06","guid":{"rendered":"http:\/\/upol.phsmart.eu\/?page_id=3016"},"modified":"2023-11-09T11:45:08","modified_gmt":"2023-11-09T10:45:08","slug":"nastroje","status":"publish","type":"page","link":"https:\/\/oushi.upol.cz\/en\/publikace\/nastroje\/","title":{"rendered":"Tools"},"content":{"rendered":"<div data-elementor-type=\"wp-page\" data-elementor-id=\"3016\" class=\"elementor elementor-3016\" data-elementor-post-type=\"page\">\n\t\t\t\t\t\t<section class=\"elementor-section elementor-top-section elementor-element elementor-element-5bf161c elementor-section-boxed elementor-section-height-default elementor-section-height-default\" data-id=\"5bf161c\" data-element_type=\"section\" data-e-type=\"section\">\n\t\t\t\t\t\t<div class=\"elementor-container elementor-column-gap-default\">\n\t\t\t\t\t<div class=\"elementor-column elementor-col-100 elementor-top-column elementor-element elementor-element-2dd2bcf\" data-id=\"2dd2bcf\" data-element_type=\"column\" data-e-type=\"column\">\n\t\t\t<div class=\"elementor-widget-wrap elementor-element-populated\">\n\t\t\t\t\t\t<div class=\"elementor-element elementor-element-0aa5d8f elementor-widget elementor-widget-heading\" data-id=\"0aa5d8f\" data-element_type=\"widget\" data-e-type=\"widget\" data-widget_type=\"heading.default\">\n\t\t\t\t<div class=\"elementor-widget-container\">\n\t\t\t\t\t<h2 class=\"elementor-heading-title elementor-size-default\">Tools<\/h2>\t\t\t\t<\/div>\n\t\t\t\t<\/div>\n\t\t\t\t\t<\/div>\n\t\t<\/div>\n\t\t\t\t\t<\/div>\n\t\t<\/section>\n\t\t\t\t<section class=\"elementor-section elementor-top-section elementor-element elementor-element-1308ade elementor-section-boxed elementor-section-height-default elementor-section-height-default\" data-id=\"1308ade\" data-element_type=\"section\" data-e-type=\"section\">\n\t\t\t\t\t\t<div class=\"elementor-container elementor-column-gap-default\">\n\t\t\t\t\t<div class=\"elementor-column elementor-col-50 elementor-top-column elementor-element elementor-element-de72c64\" data-id=\"de72c64\" data-element_type=\"column\" data-e-type=\"column\">\n\t\t\t<div class=\"elementor-widget-wrap elementor-element-populated\">\n\t\t\t\t\t\t<div class=\"elementor-element elementor-element-ab1cb00 elementor-nav-menu--dropdown-tablet elementor-nav-menu__text-align-aside elementor-nav-menu--toggle elementor-nav-menu--burger elementor-widget elementor-widget-nav-menu\" data-id=\"ab1cb00\" data-element_type=\"widget\" data-e-type=\"widget\" data-settings=\"{&quot;layout&quot;:&quot;vertical&quot;,&quot;submenu_icon&quot;:{&quot;value&quot;:&quot;&lt;i class=\\&quot;fas fa-caret-down\\&quot; aria-hidden=\\&quot;true\\&quot;&gt;&lt;\\\/i&gt;&quot;,&quot;library&quot;:&quot;fa-solid&quot;},&quot;toggle&quot;:&quot;burger&quot;}\" data-widget_type=\"nav-menu.default\">\n\t\t\t\t<div class=\"elementor-widget-container\">\n\t\t\t\t\t\t\t\t<nav aria-label=\"Menu\" class=\"elementor-nav-menu--main elementor-nav-menu__container elementor-nav-menu--layout-vertical e--pointer-background e--animation-fade\">\n\t\t\t\t<ul id=\"menu-1-ab1cb00\" class=\"elementor-nav-menu sm-vertical\"><li class=\"menu-item menu-item-type-post_type menu-item-object-page menu-item-3108\"><a href=\"https:\/\/oushi.upol.cz\/en\/publikace\/abstrakt\/\" class=\"elementor-item menu-link\">Abstract<\/a><\/li>\n<li class=\"menu-item menu-item-type-post_type menu-item-object-page menu-item-3107\"><a href=\"https:\/\/oushi.upol.cz\/en\/publikace\/certifikovana-metodika\/\" class=\"elementor-item menu-link\">Certified methodology<\/a><\/li>\n<li class=\"menu-item menu-item-type-post_type menu-item-object-page menu-item-3106\"><a href=\"https:\/\/oushi.upol.cz\/en\/publikace\/clanky\/\" class=\"elementor-item menu-link\">Articles<\/a><\/li>\n<li class=\"menu-item menu-item-type-post_type menu-item-object-page menu-item-3105\"><a href=\"https:\/\/oushi.upol.cz\/en\/publikace\/kapitola-v-knize\/\" class=\"elementor-item menu-link\">Chapter in a book<\/a><\/li>\n<li class=\"menu-item menu-item-type-post_type menu-item-object-page menu-item-3104\"><a href=\"https:\/\/oushi.upol.cz\/en\/publikace\/monografie\/\" class=\"elementor-item menu-link\">Monographs<\/a><\/li>\n<li class=\"menu-item menu-item-type-post_type menu-item-object-page menu-item-3103\"><a href=\"https:\/\/oushi.upol.cz\/en\/publikace\/nastroje\/\" class=\"elementor-item menu-link\">Tools<\/a><\/li>\n<li class=\"menu-item menu-item-type-post_type menu-item-object-page menu-item-3102\"><a href=\"https:\/\/oushi.upol.cz\/en\/publikace\/postery\/\" class=\"elementor-item menu-link\">Posters<\/a><\/li>\n<li class=\"menu-item menu-item-type-post_type menu-item-object-page menu-item-3109\"><a href=\"https:\/\/oushi.upol.cz\/en\/publikace\/prispevky-ve-sborniku\/\" class=\"elementor-item menu-link\">P\u0159\u00edsp\u011bvky ve sborn\u00edku<\/a><\/li>\n<\/ul>\t\t\t<\/nav>\n\t\t\t\t\t<div class=\"elementor-menu-toggle\" role=\"button\" tabindex=\"0\" aria-label=\"Menu Toggle\" aria-expanded=\"false\">\n\t\t\t<i aria-hidden=\"true\" role=\"presentation\" class=\"elementor-menu-toggle__icon--open eicon-menu-bar\"><\/i><i aria-hidden=\"true\" role=\"presentation\" class=\"elementor-menu-toggle__icon--close eicon-close\"><\/i>\t\t<\/div>\n\t\t\t\t\t<nav class=\"elementor-nav-menu--dropdown elementor-nav-menu__container\" aria-hidden=\"true\">\n\t\t\t\t<ul id=\"menu-2-ab1cb00\" class=\"elementor-nav-menu sm-vertical\"><li class=\"menu-item menu-item-type-post_type menu-item-object-page menu-item-3108\"><a href=\"https:\/\/oushi.upol.cz\/en\/publikace\/abstrakt\/\" class=\"elementor-item menu-link\" tabindex=\"-1\">Abstract<\/a><\/li>\n<li class=\"menu-item menu-item-type-post_type menu-item-object-page menu-item-3107\"><a href=\"https:\/\/oushi.upol.cz\/en\/publikace\/certifikovana-metodika\/\" class=\"elementor-item menu-link\" tabindex=\"-1\">Certified methodology<\/a><\/li>\n<li class=\"menu-item menu-item-type-post_type menu-item-object-page menu-item-3106\"><a href=\"https:\/\/oushi.upol.cz\/en\/publikace\/clanky\/\" class=\"elementor-item menu-link\" tabindex=\"-1\">Articles<\/a><\/li>\n<li class=\"menu-item menu-item-type-post_type menu-item-object-page menu-item-3105\"><a href=\"https:\/\/oushi.upol.cz\/en\/publikace\/kapitola-v-knize\/\" class=\"elementor-item menu-link\" tabindex=\"-1\">Chapter in a book<\/a><\/li>\n<li class=\"menu-item menu-item-type-post_type menu-item-object-page menu-item-3104\"><a href=\"https:\/\/oushi.upol.cz\/en\/publikace\/monografie\/\" class=\"elementor-item menu-link\" tabindex=\"-1\">Monographs<\/a><\/li>\n<li class=\"menu-item menu-item-type-post_type menu-item-object-page menu-item-3103\"><a href=\"https:\/\/oushi.upol.cz\/en\/publikace\/nastroje\/\" class=\"elementor-item menu-link\" tabindex=\"-1\">Tools<\/a><\/li>\n<li class=\"menu-item menu-item-type-post_type menu-item-object-page menu-item-3102\"><a href=\"https:\/\/oushi.upol.cz\/en\/publikace\/postery\/\" class=\"elementor-item menu-link\" tabindex=\"-1\">Posters<\/a><\/li>\n<li class=\"menu-item menu-item-type-post_type menu-item-object-page menu-item-3109\"><a href=\"https:\/\/oushi.upol.cz\/en\/publikace\/prispevky-ve-sborniku\/\" class=\"elementor-item menu-link\" tabindex=\"-1\">P\u0159\u00edsp\u011bvky ve sborn\u00edku<\/a><\/li>\n<\/ul>\t\t\t<\/nav>\n\t\t\t\t\t\t<\/div>\n\t\t\t\t<\/div>\n\t\t\t\t\t<\/div>\n\t\t<\/div>\n\t\t\t\t<div class=\"elementor-column elementor-col-50 elementor-top-column elementor-element elementor-element-def9ed0\" data-id=\"def9ed0\" data-element_type=\"column\" data-e-type=\"column\">\n\t\t\t<div class=\"elementor-widget-wrap elementor-element-populated\">\n\t\t\t\t\t\t<div class=\"elementor-element elementor-element-64ae100 elementor-widget elementor-widget-html\" data-id=\"64ae100\" data-element_type=\"widget\" data-e-type=\"widget\" data-widget_type=\"html.default\">\n\t\t\t\t<div class=\"elementor-widget-container\">\n\t\t\t\t\t<table width=\"700\">\r\n<tbody>\r\n<tr>\r\n<td>Dotazn\u00edk Zdrav\u00ed a spokojenost (SF-8 Health Survey)<\/td>\r\n<td><a href=\"https:\/\/oushi.upol.cz\/wp-content\/uploads\/2018\/05\/Dotazn\u00edk-Zdrav\u00ed-a-spokojenost-SF-8-Health-Survey.pdf\"><img decoding=\"async\" class=\"alignnone size-full wp-image-1652\" src=\"https:\/\/oushi.upol.cz\/wp-content\/uploads\/2018\/04\/ikona-pdf-ai58.png\" alt=\"\" width=\"58\" height=\"58\" \/><\/a><\/td>\r\n<\/tr>\r\n<tr>\r\n<td>\u0160k\u00e1la ka\u017edodenn\u00ed spiritu\u00e1ln\u00ed zku\u0161enosti (DSES)<\/td>\r\n<td><a href=\"\/en\/DSES-P\u0159\u00edloha-dotazn\u00edk-percentilov\u00e9-tabulky.pdf\/\"><img decoding=\"async\" class=\"alignnone wp-image-1652 size-full\" src=\"https:\/\/oushi.upol.cz\/wp-content\/uploads\/2018\/04\/ikona-pdf-ai58.png\" alt=\"\" width=\"58\" height=\"58\" \/><\/a><\/td>\r\n<\/tr>\r\n<tr>\r\n<td>Dotazn\u00edk:\u00a0Pro\u017e\u00edv\u00e1n\u00ed bl\u00edzk\u00fdch vztah\u016f\u00a0(ECR-R-16)<\/td>\r\n<td><a href=\"https:\/\/oushi.upol.cz\/wp-content\/uploads\/2018\/08\/Dotazn\u00edk-Pro\u017e\u00edv\u00e1n\u00ed-bl\u00edzk\u00fdch-vztah\u016f-Experiences-in-Close-Relationships-Revised_-ECR-R.pdf\"><img decoding=\"async\" class=\"alignnone size-full wp-image-1652\" src=\"https:\/\/oushi.upol.cz\/wp-content\/uploads\/2018\/04\/ikona-pdf-ai58.png\" alt=\"\" width=\"58\" height=\"58\" \/><\/a><\/td>\r\n<\/tr>\r\n<tr>\r\n<td>Dotazn\u00edk \u017eivotn\u00edch stresor\u016f (LSC-R)<\/td>\r\n<td><a href=\"https:\/\/oushi.upol.cz\/wp-content\/uploads\/2018\/05\/Dotazn\u00edk-\u017eivotn\u00edch-stresor\u016f-Life-Stressor-Checklist-Revised_-LSC-R.pdf\"><img decoding=\"async\" class=\"alignnone size-full wp-image-1652\" src=\"https:\/\/oushi.upol.cz\/wp-content\/uploads\/2018\/04\/ikona-pdf-ai58.png\" alt=\"\" width=\"58\" height=\"58\" \/><\/a><\/td>\r\n<\/tr>\r\n<tr>\r\n<td>Stru\u010dn\u00fd invent\u00e1\u0159 p\u0159\u00edznak\u016f (Brief Symptom Inventory_ BSI-53)<\/td>\r\n<td><a href=\"https:\/\/oushi.upol.cz\/wp-content\/uploads\/2018\/05\/Stru\u010dn\u00fd-invent\u00e1\u0159-p\u0159\u00edznak\u016f-Brief-Symptom-Inventory_-BSI-53.pdf\"><img decoding=\"async\" class=\"alignnone size-full wp-image-1652\" src=\"https:\/\/oushi.upol.cz\/wp-content\/uploads\/2018\/04\/ikona-pdf-ai58.png\" alt=\"\" width=\"58\" height=\"58\" \/><\/a><\/td>\r\n<\/tr>\r\n<\/tbody>\r\n<\/table>\t\t\t\t<\/div>\n\t\t\t\t<\/div>\n\t\t\t\t\t<\/div>\n\t\t<\/div>\n\t\t\t\t\t<\/div>\n\t\t<\/section>\n\t\t\t\t<\/div>","protected":false},"excerpt":{"rendered":"<p>N\u00e1stroje Dotazn\u00edk Zdrav\u00ed a spokojenost (SF-8 Health Survey) \u0160k\u00e1la ka\u017edodenn\u00ed spiritu\u00e1ln\u00ed zku\u0161enosti (DSES) Dotazn\u00edk:\u00a0Pro\u017e\u00edv\u00e1n\u00ed bl\u00edzk\u00fdch vztah\u016f\u00a0(ECR-R-16) Dotazn\u00edk \u017eivotn\u00edch stresor\u016f (LSC-R) Stru\u010dn\u00fd invent\u00e1\u0159 p\u0159\u00edznak\u016f (Brief Symptom Inventory_ BSI-53)<\/p>","protected":false},"author":1,"featured_media":0,"parent":1529,"menu_order":0,"comment_status":"closed","ping_status":"closed","template":"","meta":{"site-sidebar-layout":"no-sidebar","site-content-layout":"page-builder","ast-global-header-display":"","ast-main-header-display":"","ast-hfb-above-header-display":"","ast-hfb-below-header-display":"","ast-hfb-mobile-header-display":"","site-post-title":"disabled","ast-breadcrumbs-content":"","ast-featured-img":"disabled","footer-sml-layout":"","theme-transparent-header-meta":"","adv-header-id-meta":"","stick-header-meta":"","header-above-stick-meta":"","header-main-stick-meta":"","header-below-stick-meta":"","footnotes":""},"class_list":["post-3016","page","type-page","status-publish","hentry"],"aioseo_notices":[],"_links":{"self":[{"href":"https:\/\/oushi.upol.cz\/en\/wp-json\/wp\/v2\/pages\/3016","targetHints":{"allow":["GET"]}}],"collection":[{"href":"https:\/\/oushi.upol.cz\/en\/wp-json\/wp\/v2\/pages"}],"about":[{"href":"https:\/\/oushi.upol.cz\/en\/wp-json\/wp\/v2\/types\/page"}],"author":[{"embeddable":true,"href":"https:\/\/oushi.upol.cz\/en\/wp-json\/wp\/v2\/users\/1"}],"replies":[{"embeddable":true,"href":"https:\/\/oushi.upol.cz\/en\/wp-json\/wp\/v2\/comments?post=3016"}],"version-history":[{"count":23,"href":"https:\/\/oushi.upol.cz\/en\/wp-json\/wp\/v2\/pages\/3016\/revisions"}],"predecessor-version":[{"id":7658,"href":"https:\/\/oushi.upol.cz\/en\/wp-json\/wp\/v2\/pages\/3016\/revisions\/7658"}],"up":[{"embeddable":true,"href":"https:\/\/oushi.upol.cz\/en\/wp-json\/wp\/v2\/pages\/1529"}],"wp:attachment":[{"href":"https:\/\/oushi.upol.cz\/en\/wp-json\/wp\/v2\/media?parent=3016"}],"curies":[{"name":"wp","href":"https:\/\/api.w.org\/{rel}","templated":true}]}}