{"id":2960,"date":"2022-06-27T00:27:20","date_gmt":"2022-06-26T22:27:20","guid":{"rendered":"http:\/\/upol.phsmart.eu\/?page_id=2960"},"modified":"2023-11-09T11:44:12","modified_gmt":"2023-11-09T10:44:12","slug":"kapitola-v-knize","status":"publish","type":"page","link":"https:\/\/oushi.upol.cz\/en\/publikace\/kapitola-v-knize\/","title":{"rendered":"Chapter in a book"},"content":{"rendered":"\t\t<div data-elementor-type=\"wp-page\" data-elementor-id=\"2960\" class=\"elementor elementor-2960\" data-elementor-post-type=\"page\">\n\t\t\t\t\t\t<section class=\"elementor-section elementor-top-section elementor-element elementor-element-02277d7 elementor-section-boxed elementor-section-height-default elementor-section-height-default\" data-id=\"02277d7\" data-element_type=\"section\" data-e-type=\"section\">\n\t\t\t\t\t\t<div class=\"elementor-container elementor-column-gap-default\">\n\t\t\t\t\t<div class=\"elementor-column elementor-col-100 elementor-top-column elementor-element elementor-element-9c11158\" data-id=\"9c11158\" data-element_type=\"column\" data-e-type=\"column\">\n\t\t\t<div class=\"elementor-widget-wrap elementor-element-populated\">\n\t\t\t\t\t\t<div class=\"elementor-element elementor-element-4f224ba elementor-widget elementor-widget-heading\" data-id=\"4f224ba\" data-element_type=\"widget\" data-e-type=\"widget\" data-widget_type=\"heading.default\">\n\t\t\t\t<div class=\"elementor-widget-container\">\n\t\t\t\t\t<h2 class=\"elementor-heading-title elementor-size-default\">Kapitola v knize<\/h2>\t\t\t\t<\/div>\n\t\t\t\t<\/div>\n\t\t\t\t\t<\/div>\n\t\t<\/div>\n\t\t\t\t\t<\/div>\n\t\t<\/section>\n\t\t\t\t<section class=\"elementor-section elementor-top-section elementor-element elementor-element-761153e elementor-section-boxed elementor-section-height-default elementor-section-height-default\" data-id=\"761153e\" data-element_type=\"section\" data-e-type=\"section\">\n\t\t\t\t\t\t<div class=\"elementor-container elementor-column-gap-default\">\n\t\t\t\t\t<div class=\"elementor-column elementor-col-50 elementor-top-column elementor-element elementor-element-20736f4\" data-id=\"20736f4\" data-element_type=\"column\" data-e-type=\"column\">\n\t\t\t<div class=\"elementor-widget-wrap elementor-element-populated\">\n\t\t\t\t\t\t<div class=\"elementor-element elementor-element-5a512a1 elementor-widget elementor-widget-table-of-contents\" data-id=\"5a512a1\" data-element_type=\"widget\" data-e-type=\"widget\" data-settings=\"{&quot;headings_by_tags&quot;:[&quot;h4&quot;],&quot;exclude_headings_by_selector&quot;:[],&quot;marker_view&quot;:&quot;bullets&quot;,&quot;min_height&quot;:{&quot;unit&quot;:&quot;px&quot;,&quot;size&quot;:0,&quot;sizes&quot;:[]},&quot;icon&quot;:{&quot;value&quot;:&quot;fas fa-circle&quot;,&quot;library&quot;:&quot;fa-solid&quot;},&quot;no_headings_message&quot;:&quot;No headings were found on this page.&quot;,&quot;hierarchical_view&quot;:&quot;yes&quot;,&quot;min_height_tablet&quot;:{&quot;unit&quot;:&quot;px&quot;,&quot;size&quot;:&quot;&quot;,&quot;sizes&quot;:[]},&quot;min_height_mobile&quot;:{&quot;unit&quot;:&quot;px&quot;,&quot;size&quot;:&quot;&quot;,&quot;sizes&quot;:[]}}\" data-widget_type=\"table-of-contents.default\">\n\t\t\t\t<div class=\"elementor-widget-container\">\n\t\t\t\t\t\t\t\t\t<div class=\"elementor-toc__header\">\n\t\t\t\t\t\t<h5 class=\"elementor-toc__header-title\">\n\t\t\t\tRok vyd\u00e1n\u00ed\t\t\t<\/h5>\n\t\t\t\t\t\t\t\t<\/div>\n\t\t\t\t<div id=\"elementor-toc__5a512a1\" class=\"elementor-toc__body\">\n\t\t\t<div class=\"elementor-toc__spinner-container\">\n\t\t\t\t<i class=\"elementor-toc__spinner eicon-animation-spin eicon-loading\" aria-hidden=\"true\"><\/i>\t\t\t<\/div>\n\t\t<\/div>\n\t\t\t\t\t\t<\/div>\n\t\t\t\t<\/div>\n\t\t\t\t<div class=\"elementor-element elementor-element-b78f5b9 elementor-nav-menu--dropdown-tablet elementor-nav-menu__text-align-aside elementor-nav-menu--toggle elementor-nav-menu--burger elementor-widget elementor-widget-nav-menu\" data-id=\"b78f5b9\" data-element_type=\"widget\" data-e-type=\"widget\" data-settings=\"{&quot;layout&quot;:&quot;vertical&quot;,&quot;submenu_icon&quot;:{&quot;value&quot;:&quot;&lt;i class=\\&quot;fas fa-caret-down\\&quot; aria-hidden=\\&quot;true\\&quot;&gt;&lt;\\\/i&gt;&quot;,&quot;library&quot;:&quot;fa-solid&quot;},&quot;toggle&quot;:&quot;burger&quot;}\" data-widget_type=\"nav-menu.default\">\n\t\t\t\t<div class=\"elementor-widget-container\">\n\t\t\t\t\t\t\t\t<nav aria-label=\"Menu\" class=\"elementor-nav-menu--main elementor-nav-menu__container elementor-nav-menu--layout-vertical e--pointer-background e--animation-fade\">\n\t\t\t\t<ul id=\"menu-1-b78f5b9\" class=\"elementor-nav-menu sm-vertical\"><li class=\"menu-item menu-item-type-post_type menu-item-object-page menu-item-3108\"><a href=\"https:\/\/oushi.upol.cz\/en\/publikace\/abstrakt\/\" class=\"elementor-item menu-link\">Abstrakt<\/a><\/li>\n<li class=\"menu-item menu-item-type-post_type menu-item-object-page menu-item-3107\"><a href=\"https:\/\/oushi.upol.cz\/en\/publikace\/certifikovana-metodika\/\" class=\"elementor-item menu-link\">Certifikovan\u00e1 metodika<\/a><\/li>\n<li class=\"menu-item menu-item-type-post_type menu-item-object-page menu-item-3106\"><a href=\"https:\/\/oushi.upol.cz\/en\/publikace\/clanky\/\" class=\"elementor-item menu-link\">\u010cl\u00e1nky<\/a><\/li>\n<li class=\"menu-item menu-item-type-post_type menu-item-object-page menu-item-3105\"><a href=\"https:\/\/oushi.upol.cz\/en\/publikace\/kapitola-v-knize\/\" class=\"elementor-item menu-link\">Kapitola v knize<\/a><\/li>\n<li class=\"menu-item menu-item-type-post_type menu-item-object-page menu-item-3104\"><a href=\"https:\/\/oushi.upol.cz\/en\/publikace\/monografie\/\" class=\"elementor-item menu-link\">Monografie<\/a><\/li>\n<li class=\"menu-item menu-item-type-post_type menu-item-object-page menu-item-3103\"><a href=\"https:\/\/oushi.upol.cz\/en\/publikace\/nastroje\/\" class=\"elementor-item menu-link\">N\u00e1stroje<\/a><\/li>\n<li class=\"menu-item menu-item-type-post_type menu-item-object-page menu-item-3102\"><a href=\"https:\/\/oushi.upol.cz\/en\/publikace\/postery\/\" class=\"elementor-item menu-link\">Postery<\/a><\/li>\n<li class=\"menu-item menu-item-type-post_type menu-item-object-page menu-item-3109\"><a href=\"https:\/\/oushi.upol.cz\/en\/publikace\/prispevky-ve-sborniku\/\" class=\"elementor-item menu-link\">P\u0159\u00edsp\u011bvky ve sborn\u00edku<\/a><\/li>\n<\/ul>\t\t\t<\/nav>\n\t\t\t\t\t<div class=\"elementor-menu-toggle\" role=\"button\" tabindex=\"0\" aria-label=\"Menu Toggle\" aria-expanded=\"false\">\n\t\t\t<i aria-hidden=\"true\" role=\"presentation\" class=\"elementor-menu-toggle__icon--open eicon-menu-bar\"><\/i><i aria-hidden=\"true\" role=\"presentation\" class=\"elementor-menu-toggle__icon--close eicon-close\"><\/i>\t\t<\/div>\n\t\t\t\t\t<nav class=\"elementor-nav-menu--dropdown elementor-nav-menu__container\" aria-hidden=\"true\">\n\t\t\t\t<ul id=\"menu-2-b78f5b9\" class=\"elementor-nav-menu sm-vertical\"><li class=\"menu-item menu-item-type-post_type menu-item-object-page menu-item-3108\"><a href=\"https:\/\/oushi.upol.cz\/en\/publikace\/abstrakt\/\" class=\"elementor-item menu-link\" tabindex=\"-1\">Abstrakt<\/a><\/li>\n<li class=\"menu-item menu-item-type-post_type menu-item-object-page menu-item-3107\"><a href=\"https:\/\/oushi.upol.cz\/en\/publikace\/certifikovana-metodika\/\" class=\"elementor-item menu-link\" tabindex=\"-1\">Certifikovan\u00e1 metodika<\/a><\/li>\n<li class=\"menu-item menu-item-type-post_type menu-item-object-page menu-item-3106\"><a href=\"https:\/\/oushi.upol.cz\/en\/publikace\/clanky\/\" class=\"elementor-item menu-link\" tabindex=\"-1\">\u010cl\u00e1nky<\/a><\/li>\n<li class=\"menu-item menu-item-type-post_type menu-item-object-page menu-item-3105\"><a href=\"https:\/\/oushi.upol.cz\/en\/publikace\/kapitola-v-knize\/\" class=\"elementor-item menu-link\" tabindex=\"-1\">Kapitola v knize<\/a><\/li>\n<li class=\"menu-item menu-item-type-post_type menu-item-object-page menu-item-3104\"><a href=\"https:\/\/oushi.upol.cz\/en\/publikace\/monografie\/\" class=\"elementor-item menu-link\" tabindex=\"-1\">Monografie<\/a><\/li>\n<li class=\"menu-item menu-item-type-post_type menu-item-object-page menu-item-3103\"><a href=\"https:\/\/oushi.upol.cz\/en\/publikace\/nastroje\/\" class=\"elementor-item menu-link\" tabindex=\"-1\">N\u00e1stroje<\/a><\/li>\n<li class=\"menu-item menu-item-type-post_type menu-item-object-page menu-item-3102\"><a href=\"https:\/\/oushi.upol.cz\/en\/publikace\/postery\/\" class=\"elementor-item menu-link\" tabindex=\"-1\">Postery<\/a><\/li>\n<li class=\"menu-item menu-item-type-post_type menu-item-object-page menu-item-3109\"><a href=\"https:\/\/oushi.upol.cz\/en\/publikace\/prispevky-ve-sborniku\/\" class=\"elementor-item menu-link\" tabindex=\"-1\">P\u0159\u00edsp\u011bvky ve sborn\u00edku<\/a><\/li>\n<\/ul>\t\t\t<\/nav>\n\t\t\t\t\t\t<\/div>\n\t\t\t\t<\/div>\n\t\t\t\t\t<\/div>\n\t\t<\/div>\n\t\t\t\t<div class=\"elementor-column elementor-col-50 elementor-top-column elementor-element elementor-element-def9ed0\" data-id=\"def9ed0\" data-element_type=\"column\" data-e-type=\"column\">\n\t\t\t<div class=\"elementor-widget-wrap elementor-element-populated\">\n\t\t\t\t\t\t<div class=\"elementor-element elementor-element-64ae100 elementor-widget elementor-widget-html\" data-id=\"64ae100\" data-element_type=\"widget\" data-e-type=\"widget\" data-widget_type=\"html.default\">\n\t\t\t\t<div class=\"elementor-widget-container\">\n\t\t\t\t\t\r\n<h4 id=\"KAP2018\">2018<\/h4>\r\n<table width=\"700\">\r\n<tbody>\r\n<tr>\r\n<td>SM\u00c9KAL, V. Psychologick\u00e9 a axiologick\u00e9 pramene etickej v\u00fdchovy. In <em>\u010clov\u011bk \u010dloveku \u2013 K prame\u0148om etickej v\u00fdchovy<\/em>. Trnava : Trnavsk\u00e1 univerzita, 2018, s. 104-117. ISBN 978-80-8082-978-0<\/td>\r\n<td><a href=\"https:\/\/oushi.upol.cz\/wp-content\/uploads\/2018\/04\/2017_Identity-Resources-for-Positive-Adaptation-of-Roma-Ethnic.pdf\"><img decoding=\"async\" class=\"alignnone size-full wp-image-1652\" src=\"https:\/\/oushi.upol.cz\/wp-content\/uploads\/2018\/04\/ikona-pdf-ai58.png\" alt=\"\" width=\"58\" height=\"58\" \/><\/a><\/td>\r\n<\/tr>\r\n<\/tbody>\r\n<\/table>\r\n\r\n<h4 id=\"KAP2017\">2017<\/h4>\r\n<table width=\"700\">\r\n<tbody>\r\n<tr>\r\n<td>DIMITROVA, R., MUSSO, P., ABUBAKAR, A., POL\u00c1\u010cKOV\u00c1 \u0160OLCOV\u00c1, I., STEFENEL, D., UKA, F., ZAHAJ, S., TAVEL, P., JORDANOV, V. Identity Resources for Positive Adaptation of Roma Ethnic Minority Youth in Albania, Bulgaria, the Czech Republic, Italy, Kosovo and Romania. In <em>Positive Youth Development in Global Contexts of Social and Economic Change<\/em>. London : Routledge, 2017, s. 183-198. ISBN 978-1-138-67081-5DOI 10.4324\/9781315307275<\/td>\r\n<td><a href=\"https:\/\/oushi.upol.cz\/wp-content\/uploads\/2018\/04\/2017_Identity-Resources-for-Positive-Adaptation-of-Roma-Ethnic.pdf\"><img decoding=\"async\" class=\"alignnone size-full wp-image-1652\" src=\"https:\/\/oushi.upol.cz\/wp-content\/uploads\/2018\/04\/ikona-pdf-ai58.png\" alt=\"\" width=\"58\" height=\"58\" \/><\/a><\/td>\r\n<\/tr>\r\n<\/tbody>\r\n<\/table>\r\n\r\n<h4 id=\"KAP2016\">2016<\/h4>\r\n<table width=\"700\">\r\n<tbody>\r\n<tr>\r\n<td>Ha\u0161to, J. (2016). Udava\u010dstvo ako t\u00e9ma do diskusie \u2026 aj pre psychiatra?. In <em>Udava\u010dstvo<\/em>. Bratislava : Kalligram, s. 322-338. ISBN 978-80-8101-920-3<\/td>\r\n<td><img decoding=\"async\" class=\"alignnone wp-image-1539 size-full\" src=\"https:\/\/oushi.upol.cz\/wp-content\/uploads\/2018\/04\/ikona-pdf-300x297-e1525942484980.png\" alt=\"\" width=\"110\" height=\"108\" \/><\/td>\r\n<\/tr>\r\n<tr>\r\n<td>Ha\u0161to, J. (2016) Ide o nov\u00fa gener\u00e1ciu. In <em>E\u0161te netla\u010dte. V\u0161etko \u010do potrebujete vedie\u0165 o roden\u00ed na Slovensku<\/em>. Bratislava : W PRESS a.s., s. 147-157. ISBN 978-80-89879-00-7<\/td><td><\/td>\r\n<\/tr>\r\n<tr>\r\n<td>Dvo\u0159\u00e1kov\u00e1, A. (2016). Tribal Family Structure. In <em>The World of the American West: A Daily Life Encyclopedia<\/em>. Santa Barbara, CA, U.S.A. : ABC-CLIO\/Greenwood, s. 209-213. ISBN 978-1-4408-2859-1<\/td>\r\n<td><a href=\"https:\/\/oushi.upol.cz\/wp-content\/uploads\/2017\/11\/2016_KAPITOLA-V-KNIZE_Tribal-Family-Structure.pdf\"><img decoding=\"async\" class=\"alignnone size-full wp-image-1652\" src=\"https:\/\/oushi.upol.cz\/wp-content\/uploads\/2018\/04\/ikona-pdf-ai58.png\" alt=\"\" width=\"58\" height=\"58\" \/><\/a><\/td>\r\n<\/tr>\r\n<tr>\r\n<td>Dvo\u0159\u00e1kov\u00e1, A. (2016). Forts: Northern Plains. In <em>The World of the American West: A Daily Life Encyclopedia<\/em>. Santa Barbara, CA, U.S.A. : ABC-CLIO\/Greenwood, s. 441-444. ISBN 978-1-4408-2859-1<\/td>\r\n<td><a href=\"https:\/\/oushi.upol.cz\/wp-content\/uploads\/2017\/11\/2016_KAPITOLA-V-KNIZE_Northern-Plains.pdf\"><img decoding=\"async\" class=\"alignnone size-full wp-image-1652\" src=\"https:\/\/oushi.upol.cz\/wp-content\/uploads\/2018\/04\/ikona-pdf-ai58.png\" alt=\"\" width=\"58\" height=\"58\" \/><\/a><\/td>\r\n<\/tr>\r\n<tr>\r\n<td>Dvo\u0159\u00e1kov\u00e1, A. (2016). Mountain Men. In <em>The World of the American West: A Daily Life Encyclopedia<\/em>. Santa Barbara, CA, U.S.A. : ABC-CLIO\/Greenwood , s. 301-304. ISBN 978-1-4408-2859-1<\/td>\r\n<td><a href=\"https:\/\/oushi.upol.cz\/wp-content\/uploads\/2017\/11\/2016_KAPITOLA-V-KNIZE_Mountain-Men.pdf\"><img decoding=\"async\" class=\"alignnone size-full wp-image-1652\" src=\"https:\/\/oushi.upol.cz\/wp-content\/uploads\/2018\/04\/ikona-pdf-ai58.png\" alt=\"\" width=\"58\" height=\"58\" \/><\/a><\/td>\r\n<\/tr>\r\n<\/tbody>\r\n<\/table>\r\n\r\n<h4 id=\"KAP2015\">2015<\/h4>\r\n<table width=\"700\">\r\n<tbody>\r\n<tr>\r\n<td>Hand, K., Carr, Sc., Maclachlan, M. (2015). Stepping up, by stepping out Sustaining humanitarian work psychology. In McWha-Hermann, I. Maynard, DC. O'Neill Berry, M. <em>Humanitarian Work Psychology and the Global Development Agenda Case studies and interventions<\/em>. London : Routledge, s. 171-175. ISBN 978-1-84872-368-9<\/td><td><\/td>\r\n<\/tr>\r\n<tr>\r\n<td>MacLachlan, M. (2015) Health, Empowerment &amp; Culture.\u00a0 In M. Murray (Ed.) (2nd Edition),\u00a0<em>Critical Health Psychology<\/em>.\u00a0 London: Sage.<\/td><td><\/td>\r\n<\/tr>\r\n<tr>\r\n<td>Maclachlan, M., Mannan, H., Mcveigh, J. (2015) Disability and Inclusive Health. In Iriarte, EG. McConkey, R. Gilligan, R. <em>Disability and Human Rights Global Perspectives<\/em>. London : Palgrave, 2015, s. 150-172. ISBN 978-1-137-39065-3<\/td><td><\/td>\r\n<\/tr>\r\n<tr>\r\n<td>Gun\u010daga, J., Zawadowski, W. (2015). Niektor\u00e9 aspekty pr\u00edspevku Jakuba Kresu pre rozvoj\u00a0matematick\u00e9ho myslenia. In Jakub Kresa. \u017divot a d\u00edlo v\u00fdznamn\u00e9ho \u010desk\u00e9ho matematika 17.\u00a0stolet\u00ed (pp. 121-135). Smr\u017eice: Obecn\u00ed \u00fa\u0159ar Smr\u017eice. BA -\u00a0<em>Obecn\u00e1 matematika. I.<\/em><\/td>\r\n<td><a class=\"download-link\" href=\"https:\/\/oushi.upol.cz\/wp-content\/uploads\/2017\/09\/2015_kapitola-v-knize_zivot-a-dilo-vyznamneho-ceskeho-matematika-17.-stoleti.pdf\"><img decoding=\"async\" class=\"alignnone wp-image-1539\" src=\"https:\/\/oushi.upol.cz\/wp-content\/uploads\/2018\/04\/ikona-pdf-300x297-e1525268714226.png\" alt=\"\" width=\"58\" height=\"57\" \/><\/a><\/td>\r\n<\/tr>\r\n<tr>\r\n<td>Ku\u0161ka, M., P\u016f\u017eov\u00e1, Z., &amp; Tavel, P. (2015). Aging in place: Revision of the concept? In M. Ku\u0161ka &amp; M. J. Jandl (Eds.),\u00a0<em>Current research in psychosocial arena<\/em>: Thinking about health, society and culture (pp. 87-95). Wien: Sigmund Freud PrivatUniversit\u00e4ts Verlag.<\/td>\r\n<td><a class=\"download-link\" href=\"https:\/\/oushi.upol.cz\/wp-content\/uploads\/2017\/09\/2015_aging-in-place.pdf\"><img decoding=\"async\" class=\"alignnone size-full wp-image-1652\" src=\"https:\/\/oushi.upol.cz\/wp-content\/uploads\/2018\/04\/ikona-pdf-ai58.png\" alt=\"\" width=\"58\" height=\"58\" \/><\/a><\/td>\r\n<\/tr>\r\n<tr>\r\n<td>Visnovsky. (2015). \u201ePragmatistyczna sztuka zycia. In: Malecki, W., Koczanowicz, L., ed.:\u00a0<em>Pragmatyzm wobec sztuki, etyki i polityki<\/em>. Krakow:\u00a0<em>Aureus<\/em>, 2015, 131-146<\/td><td><\/td>\r\n<\/tr>\r\n<tr>\r\n<td>Visnovsky. (2015). \u201eProlegomena to Pragmatist Conception of the Good Life.\u201c In: Krzystof Piotr Skowronski, ed.: Practicing Philosophy as Experiencing Life: Essays on\u00a0<em>American Pragmatism<\/em>. Leiden and Boston: Brill\/Rodopi 2015, 13-33.<\/td>\r\n<td><a class=\"download-link\" href=\"https:\/\/oushi.upol.cz\/wp-content\/uploads\/2017\/09\/2015_prolegomena_to_pragmatist.pdf\"><img decoding=\"async\" class=\"alignnone size-full wp-image-1652\" src=\"https:\/\/oushi.upol.cz\/wp-content\/uploads\/2018\/04\/ikona-pdf-ai58.png\" alt=\"\" width=\"58\" height=\"58\" \/><\/a><\/td>\r\n<\/tr>\r\n<\/tbody>\r\n<\/table>\r\n<div id=\"cms-component-div-16084\" class=\"component cms-background background-grey cms-padding component-htmltext\"><\/div>\r\n\t\t\t\t<\/div>\n\t\t\t\t<\/div>\n\t\t\t\t\t<\/div>\n\t\t<\/div>\n\t\t\t\t\t<\/div>\n\t\t<\/section>\n\t\t\t\t<\/div>\n\t\t","protected":false},"excerpt":{"rendered":"<p>Kapitola v knize Rok vyd\u00e1n\u00ed 2018 SM\u00c9KAL, V. Psychologick\u00e9 a axiologick\u00e9 pramene etickej v\u00fdchovy. In \u010clov\u011bk \u010dloveku \u2013 K prame\u0148om etickej v\u00fdchovy. Trnava : Trnavsk\u00e1 univerzita, 2018, s. 104-117. ISBN 978-80-8082-978-0 2017 DIMITROVA, R., MUSSO, P., ABUBAKAR, A., POL\u00c1\u010cKOV\u00c1 \u0160OLCOV\u00c1, I., STEFENEL, D., UKA, F., ZAHAJ, S., TAVEL, P., JORDANOV, V. Identity Resources for Positive &hellip;<\/p>\n<p class=\"read-more\"> <a class=\"\" href=\"https:\/\/oushi.upol.cz\/en\/publikace\/kapitola-v-knize\/\"> <span class=\"screen-reader-text\">Chapter in a book<\/span> Read More &raquo;<\/a><\/p>","protected":false},"author":1,"featured_media":0,"parent":1529,"menu_order":0,"comment_status":"closed","ping_status":"closed","template":"","meta":{"site-sidebar-layout":"no-sidebar","site-content-layout":"page-builder","ast-global-header-display":"","ast-main-header-display":"","ast-hfb-above-header-display":"","ast-hfb-below-header-display":"","ast-hfb-mobile-header-display":"","site-post-title":"disabled","ast-breadcrumbs-content":"","ast-featured-img":"disabled","footer-sml-layout":"","theme-transparent-header-meta":"","adv-header-id-meta":"","stick-header-meta":"","header-above-stick-meta":"","header-main-stick-meta":"","header-below-stick-meta":"","footnotes":""},"class_list":["post-2960","page","type-page","status-publish","hentry"],"aioseo_notices":[],"_links":{"self":[{"href":"https:\/\/oushi.upol.cz\/en\/wp-json\/wp\/v2\/pages\/2960","targetHints":{"allow":["GET"]}}],"collection":[{"href":"https:\/\/oushi.upol.cz\/en\/wp-json\/wp\/v2\/pages"}],"about":[{"href":"https:\/\/oushi.upol.cz\/en\/wp-json\/wp\/v2\/types\/page"}],"author":[{"embeddable":true,"href":"https:\/\/oushi.upol.cz\/en\/wp-json\/wp\/v2\/users\/1"}],"replies":[{"embeddable":true,"href":"https:\/\/oushi.upol.cz\/en\/wp-json\/wp\/v2\/comments?post=2960"}],"version-history":[{"count":38,"href":"https:\/\/oushi.upol.cz\/en\/wp-json\/wp\/v2\/pages\/2960\/revisions"}],"predecessor-version":[{"id":7652,"href":"https:\/\/oushi.upol.cz\/en\/wp-json\/wp\/v2\/pages\/2960\/revisions\/7652"}],"up":[{"embeddable":true,"href":"https:\/\/oushi.upol.cz\/en\/wp-json\/wp\/v2\/pages\/1529"}],"wp:attachment":[{"href":"https:\/\/oushi.upol.cz\/en\/wp-json\/wp\/v2\/media?parent=2960"}],"curies":[{"name":"wp","href":"https:\/\/api.w.org\/{rel}","templated":true}]}}