{"id":2919,"date":"2022-06-26T23:57:46","date_gmt":"2022-06-26T21:57:46","guid":{"rendered":"http:\/\/upol.phsmart.eu\/?page_id=2919"},"modified":"2023-11-09T11:43:21","modified_gmt":"2023-11-09T10:43:21","slug":"certifikovana-metodika","status":"publish","type":"page","link":"https:\/\/oushi.upol.cz\/en\/publikace\/certifikovana-metodika\/","title":{"rendered":"Certified methodology"},"content":{"rendered":"\t\t<div data-elementor-type=\"wp-page\" data-elementor-id=\"2919\" class=\"elementor elementor-2919\" data-elementor-post-type=\"page\">\n\t\t\t\t\t\t<section class=\"elementor-section elementor-top-section elementor-element elementor-element-2320be5 elementor-section-boxed elementor-section-height-default elementor-section-height-default\" data-id=\"2320be5\" data-element_type=\"section\" data-e-type=\"section\">\n\t\t\t\t\t\t<div class=\"elementor-container elementor-column-gap-default\">\n\t\t\t\t\t<div class=\"elementor-column elementor-col-100 elementor-top-column elementor-element elementor-element-db2f287\" data-id=\"db2f287\" data-element_type=\"column\" data-e-type=\"column\">\n\t\t\t<div class=\"elementor-widget-wrap elementor-element-populated\">\n\t\t\t\t\t\t<div class=\"elementor-element elementor-element-f3d6761 elementor-widget elementor-widget-heading\" data-id=\"f3d6761\" data-element_type=\"widget\" data-e-type=\"widget\" data-widget_type=\"heading.default\">\n\t\t\t\t<div class=\"elementor-widget-container\">\n\t\t\t\t\t<h2 class=\"elementor-heading-title elementor-size-default\">Cerifikovan\u00e1 metodika<\/h2>\t\t\t\t<\/div>\n\t\t\t\t<\/div>\n\t\t\t\t\t<\/div>\n\t\t<\/div>\n\t\t\t\t\t<\/div>\n\t\t<\/section>\n\t\t\t\t<section class=\"elementor-section elementor-top-section elementor-element elementor-element-3132680 elementor-section-boxed elementor-section-height-default elementor-section-height-default\" data-id=\"3132680\" data-element_type=\"section\" data-e-type=\"section\">\n\t\t\t\t\t\t<div class=\"elementor-container elementor-column-gap-default\">\n\t\t\t\t\t<div class=\"elementor-column elementor-col-50 elementor-top-column elementor-element elementor-element-36ddc94\" data-id=\"36ddc94\" data-element_type=\"column\" data-e-type=\"column\">\n\t\t\t<div class=\"elementor-widget-wrap elementor-element-populated\">\n\t\t\t\t\t\t<div class=\"elementor-element elementor-element-698798d elementor-widget elementor-widget-table-of-contents\" data-id=\"698798d\" data-element_type=\"widget\" data-e-type=\"widget\" data-settings=\"{&quot;headings_by_tags&quot;:[&quot;h4&quot;],&quot;exclude_headings_by_selector&quot;:[],&quot;marker_view&quot;:&quot;bullets&quot;,&quot;min_height&quot;:{&quot;unit&quot;:&quot;px&quot;,&quot;size&quot;:0,&quot;sizes&quot;:[]},&quot;icon&quot;:{&quot;value&quot;:&quot;fas fa-circle&quot;,&quot;library&quot;:&quot;fa-solid&quot;},&quot;no_headings_message&quot;:&quot;No headings were found on this page.&quot;,&quot;hierarchical_view&quot;:&quot;yes&quot;,&quot;min_height_tablet&quot;:{&quot;unit&quot;:&quot;px&quot;,&quot;size&quot;:&quot;&quot;,&quot;sizes&quot;:[]},&quot;min_height_mobile&quot;:{&quot;unit&quot;:&quot;px&quot;,&quot;size&quot;:&quot;&quot;,&quot;sizes&quot;:[]}}\" data-widget_type=\"table-of-contents.default\">\n\t\t\t\t<div class=\"elementor-widget-container\">\n\t\t\t\t\t\t\t\t\t<div class=\"elementor-toc__header\">\n\t\t\t\t\t\t<h5 class=\"elementor-toc__header-title\">\n\t\t\t\tRok vyd\u00e1n\u00ed\t\t\t<\/h5>\n\t\t\t\t\t\t\t\t<\/div>\n\t\t\t\t<div id=\"elementor-toc__698798d\" class=\"elementor-toc__body\">\n\t\t\t<div class=\"elementor-toc__spinner-container\">\n\t\t\t\t<i class=\"elementor-toc__spinner eicon-animation-spin eicon-loading\" aria-hidden=\"true\"><\/i>\t\t\t<\/div>\n\t\t<\/div>\n\t\t\t\t\t\t<\/div>\n\t\t\t\t<\/div>\n\t\t\t\t<div class=\"elementor-element elementor-element-2d57e8e elementor-nav-menu--dropdown-tablet elementor-nav-menu__text-align-aside elementor-nav-menu--toggle elementor-nav-menu--burger elementor-widget elementor-widget-nav-menu\" data-id=\"2d57e8e\" data-element_type=\"widget\" data-e-type=\"widget\" data-settings=\"{&quot;layout&quot;:&quot;vertical&quot;,&quot;submenu_icon&quot;:{&quot;value&quot;:&quot;&lt;i class=\\&quot;fas fa-caret-down\\&quot; aria-hidden=\\&quot;true\\&quot;&gt;&lt;\\\/i&gt;&quot;,&quot;library&quot;:&quot;fa-solid&quot;},&quot;toggle&quot;:&quot;burger&quot;}\" data-widget_type=\"nav-menu.default\">\n\t\t\t\t<div class=\"elementor-widget-container\">\n\t\t\t\t\t\t\t\t<nav aria-label=\"Menu\" class=\"elementor-nav-menu--main elementor-nav-menu__container elementor-nav-menu--layout-vertical e--pointer-background e--animation-fade\">\n\t\t\t\t<ul id=\"menu-1-2d57e8e\" class=\"elementor-nav-menu sm-vertical\"><li class=\"menu-item menu-item-type-post_type menu-item-object-page menu-item-3108\"><a href=\"https:\/\/oushi.upol.cz\/en\/publikace\/abstrakt\/\" class=\"elementor-item menu-link\">Abstrakt<\/a><\/li>\n<li class=\"menu-item menu-item-type-post_type menu-item-object-page menu-item-3107\"><a href=\"https:\/\/oushi.upol.cz\/en\/publikace\/certifikovana-metodika\/\" class=\"elementor-item menu-link\">Certifikovan\u00e1 metodika<\/a><\/li>\n<li class=\"menu-item menu-item-type-post_type menu-item-object-page menu-item-3106\"><a href=\"https:\/\/oushi.upol.cz\/en\/publikace\/clanky\/\" class=\"elementor-item menu-link\">\u010cl\u00e1nky<\/a><\/li>\n<li class=\"menu-item menu-item-type-post_type menu-item-object-page menu-item-3105\"><a href=\"https:\/\/oushi.upol.cz\/en\/publikace\/kapitola-v-knize\/\" class=\"elementor-item menu-link\">Kapitola v knize<\/a><\/li>\n<li class=\"menu-item menu-item-type-post_type menu-item-object-page menu-item-3104\"><a href=\"https:\/\/oushi.upol.cz\/en\/publikace\/monografie\/\" class=\"elementor-item menu-link\">Monografie<\/a><\/li>\n<li class=\"menu-item menu-item-type-post_type menu-item-object-page menu-item-3103\"><a href=\"https:\/\/oushi.upol.cz\/en\/publikace\/nastroje\/\" class=\"elementor-item menu-link\">N\u00e1stroje<\/a><\/li>\n<li class=\"menu-item menu-item-type-post_type menu-item-object-page menu-item-3102\"><a href=\"https:\/\/oushi.upol.cz\/en\/publikace\/postery\/\" class=\"elementor-item menu-link\">Postery<\/a><\/li>\n<li class=\"menu-item menu-item-type-post_type menu-item-object-page menu-item-3109\"><a href=\"https:\/\/oushi.upol.cz\/en\/publikace\/prispevky-ve-sborniku\/\" class=\"elementor-item menu-link\">P\u0159\u00edsp\u011bvky ve sborn\u00edku<\/a><\/li>\n<\/ul>\t\t\t<\/nav>\n\t\t\t\t\t<div class=\"elementor-menu-toggle\" role=\"button\" tabindex=\"0\" aria-label=\"Menu Toggle\" aria-expanded=\"false\">\n\t\t\t<i aria-hidden=\"true\" role=\"presentation\" class=\"elementor-menu-toggle__icon--open eicon-menu-bar\"><\/i><i aria-hidden=\"true\" role=\"presentation\" class=\"elementor-menu-toggle__icon--close eicon-close\"><\/i>\t\t<\/div>\n\t\t\t\t\t<nav class=\"elementor-nav-menu--dropdown elementor-nav-menu__container\" aria-hidden=\"true\">\n\t\t\t\t<ul id=\"menu-2-2d57e8e\" class=\"elementor-nav-menu sm-vertical\"><li class=\"menu-item menu-item-type-post_type menu-item-object-page menu-item-3108\"><a href=\"https:\/\/oushi.upol.cz\/en\/publikace\/abstrakt\/\" class=\"elementor-item menu-link\" tabindex=\"-1\">Abstrakt<\/a><\/li>\n<li class=\"menu-item menu-item-type-post_type menu-item-object-page menu-item-3107\"><a href=\"https:\/\/oushi.upol.cz\/en\/publikace\/certifikovana-metodika\/\" class=\"elementor-item menu-link\" tabindex=\"-1\">Certifikovan\u00e1 metodika<\/a><\/li>\n<li class=\"menu-item menu-item-type-post_type menu-item-object-page menu-item-3106\"><a href=\"https:\/\/oushi.upol.cz\/en\/publikace\/clanky\/\" class=\"elementor-item menu-link\" tabindex=\"-1\">\u010cl\u00e1nky<\/a><\/li>\n<li class=\"menu-item menu-item-type-post_type menu-item-object-page menu-item-3105\"><a href=\"https:\/\/oushi.upol.cz\/en\/publikace\/kapitola-v-knize\/\" class=\"elementor-item menu-link\" tabindex=\"-1\">Kapitola v knize<\/a><\/li>\n<li class=\"menu-item menu-item-type-post_type menu-item-object-page menu-item-3104\"><a href=\"https:\/\/oushi.upol.cz\/en\/publikace\/monografie\/\" class=\"elementor-item menu-link\" tabindex=\"-1\">Monografie<\/a><\/li>\n<li class=\"menu-item menu-item-type-post_type menu-item-object-page menu-item-3103\"><a href=\"https:\/\/oushi.upol.cz\/en\/publikace\/nastroje\/\" class=\"elementor-item menu-link\" tabindex=\"-1\">N\u00e1stroje<\/a><\/li>\n<li class=\"menu-item menu-item-type-post_type menu-item-object-page menu-item-3102\"><a href=\"https:\/\/oushi.upol.cz\/en\/publikace\/postery\/\" class=\"elementor-item menu-link\" tabindex=\"-1\">Postery<\/a><\/li>\n<li class=\"menu-item menu-item-type-post_type menu-item-object-page menu-item-3109\"><a href=\"https:\/\/oushi.upol.cz\/en\/publikace\/prispevky-ve-sborniku\/\" class=\"elementor-item menu-link\" tabindex=\"-1\">P\u0159\u00edsp\u011bvky ve sborn\u00edku<\/a><\/li>\n<\/ul>\t\t\t<\/nav>\n\t\t\t\t\t\t<\/div>\n\t\t\t\t<\/div>\n\t\t\t\t\t<\/div>\n\t\t<\/div>\n\t\t\t\t<div class=\"elementor-column elementor-col-50 elementor-top-column elementor-element elementor-element-def9ed0\" data-id=\"def9ed0\" data-element_type=\"column\" data-e-type=\"column\">\n\t\t\t<div class=\"elementor-widget-wrap elementor-element-populated\">\n\t\t\t\t\t\t<div class=\"elementor-element elementor-element-64ae100 elementor-widget elementor-widget-html\" data-id=\"64ae100\" data-element_type=\"widget\" data-e-type=\"widget\" data-widget_type=\"html.default\">\n\t\t\t\t<div class=\"elementor-widget-container\">\n\t\t\t\t\t<h4 id=\"abstrakt2019\">2015<\/h4>\r\n<table width=\"700\">\r\n<tbody>\r\n<tr>\r\n<td>Tavel, P., Kl\u016fzov\u00e1 Kr\u00e1\u010dmarov\u00e1, L., P\u016f\u017eov\u00e1, Z., Dubovsk\u00e1, E. (2015). Metodika DIPEx \u010cR.\u00a0Certifikovan\u00e1 metodika MPSV \u010d.j.: 2015\/70065-312.<\/td>\r\n<td><img decoding=\"async\" class=\"alignnone wp-image-1649 size-full\" src=\"https:\/\/oushi.upol.cz\/wp-content\/uploads\/2018\/04\/ikona-pdf-ai2.png\" alt=\"\" width=\"76\" height=\"75\" \/><\/td>\r\n<\/tr>\r\n\r\n<\/tbody>\r\n<\/table>\t\t\t\t<\/div>\n\t\t\t\t<\/div>\n\t\t\t\t\t<\/div>\n\t\t<\/div>\n\t\t\t\t\t<\/div>\n\t\t<\/section>\n\t\t\t\t<\/div>\n\t\t","protected":false},"excerpt":{"rendered":"<p>Cerifikovan\u00e1 metodika Rok vyd\u00e1n\u00ed 2015 Tavel, P., Kl\u016fzov\u00e1 Kr\u00e1\u010dmarov\u00e1, L., P\u016f\u017eov\u00e1, Z., Dubovsk\u00e1, E. (2015). Metodika DIPEx \u010cR.\u00a0Certifikovan\u00e1 metodika MPSV \u010d.j.: 2015\/70065-312.<\/p>","protected":false},"author":1,"featured_media":0,"parent":1529,"menu_order":0,"comment_status":"closed","ping_status":"closed","template":"","meta":{"site-sidebar-layout":"no-sidebar","site-content-layout":"page-builder","ast-global-header-display":"","ast-main-header-display":"","ast-hfb-above-header-display":"","ast-hfb-below-header-display":"","ast-hfb-mobile-header-display":"","site-post-title":"disabled","ast-breadcrumbs-content":"","ast-featured-img":"disabled","footer-sml-layout":"","theme-transparent-header-meta":"","adv-header-id-meta":"","stick-header-meta":"","header-above-stick-meta":"","header-main-stick-meta":"","header-below-stick-meta":"","footnotes":""},"class_list":["post-2919","page","type-page","status-publish","hentry"],"aioseo_notices":[],"_links":{"self":[{"href":"https:\/\/oushi.upol.cz\/en\/wp-json\/wp\/v2\/pages\/2919","targetHints":{"allow":["GET"]}}],"collection":[{"href":"https:\/\/oushi.upol.cz\/en\/wp-json\/wp\/v2\/pages"}],"about":[{"href":"https:\/\/oushi.upol.cz\/en\/wp-json\/wp\/v2\/types\/page"}],"author":[{"embeddable":true,"href":"https:\/\/oushi.upol.cz\/en\/wp-json\/wp\/v2\/users\/1"}],"replies":[{"embeddable":true,"href":"https:\/\/oushi.upol.cz\/en\/wp-json\/wp\/v2\/comments?post=2919"}],"version-history":[{"count":29,"href":"https:\/\/oushi.upol.cz\/en\/wp-json\/wp\/v2\/pages\/2919\/revisions"}],"predecessor-version":[{"id":7646,"href":"https:\/\/oushi.upol.cz\/en\/wp-json\/wp\/v2\/pages\/2919\/revisions\/7646"}],"up":[{"embeddable":true,"href":"https:\/\/oushi.upol.cz\/en\/wp-json\/wp\/v2\/pages\/1529"}],"wp:attachment":[{"href":"https:\/\/oushi.upol.cz\/en\/wp-json\/wp\/v2\/media?parent=2919"}],"curies":[{"name":"wp","href":"https:\/\/api.w.org\/{rel}","templated":true}]}}