{"id":2882,"date":"2022-06-26T19:39:01","date_gmt":"2022-06-26T17:39:01","guid":{"rendered":"http:\/\/upol.phsmart.eu\/?page_id=2882"},"modified":"2023-11-09T11:42:45","modified_gmt":"2023-11-09T10:42:45","slug":"abstrakt","status":"publish","type":"page","link":"https:\/\/oushi.upol.cz\/en\/publikace\/abstrakt\/","title":{"rendered":"Abstract"},"content":{"rendered":"\t\t<div data-elementor-type=\"wp-page\" data-elementor-id=\"2882\" class=\"elementor elementor-2882\" data-elementor-post-type=\"page\">\n\t\t\t\t\t\t<section class=\"elementor-section elementor-top-section elementor-element elementor-element-8874b24 elementor-section-boxed elementor-section-height-default elementor-section-height-default\" data-id=\"8874b24\" data-element_type=\"section\" data-e-type=\"section\">\n\t\t\t\t\t\t<div class=\"elementor-container elementor-column-gap-default\">\n\t\t\t\t\t<div class=\"elementor-column elementor-col-100 elementor-top-column elementor-element elementor-element-9152bb5\" data-id=\"9152bb5\" data-element_type=\"column\" data-e-type=\"column\">\n\t\t\t<div class=\"elementor-widget-wrap elementor-element-populated\">\n\t\t\t\t\t\t<div class=\"elementor-element elementor-element-5bf7ee8 elementor-widget elementor-widget-heading\" data-id=\"5bf7ee8\" data-element_type=\"widget\" data-e-type=\"widget\" data-widget_type=\"heading.default\">\n\t\t\t\t<div class=\"elementor-widget-container\">\n\t\t\t\t\t<h2 class=\"elementor-heading-title elementor-size-default\">Abstrakt<\/h2>\t\t\t\t<\/div>\n\t\t\t\t<\/div>\n\t\t\t\t\t<\/div>\n\t\t<\/div>\n\t\t\t\t\t<\/div>\n\t\t<\/section>\n\t\t\t\t<section class=\"elementor-section elementor-top-section elementor-element elementor-element-2863d34 elementor-section-boxed elementor-section-height-default elementor-section-height-default\" data-id=\"2863d34\" data-element_type=\"section\" data-e-type=\"section\">\n\t\t\t\t\t\t<div class=\"elementor-container elementor-column-gap-default\">\n\t\t\t\t\t<div class=\"elementor-column elementor-col-50 elementor-top-column elementor-element elementor-element-af009da\" data-id=\"af009da\" data-element_type=\"column\" data-e-type=\"column\">\n\t\t\t<div class=\"elementor-widget-wrap elementor-element-populated\">\n\t\t\t\t\t\t<div class=\"elementor-element elementor-element-e30dd2c elementor-widget elementor-widget-table-of-contents\" data-id=\"e30dd2c\" data-element_type=\"widget\" data-e-type=\"widget\" data-settings=\"{&quot;headings_by_tags&quot;:[&quot;h4&quot;],&quot;exclude_headings_by_selector&quot;:[],&quot;marker_view&quot;:&quot;bullets&quot;,&quot;min_height&quot;:{&quot;unit&quot;:&quot;px&quot;,&quot;size&quot;:0,&quot;sizes&quot;:[]},&quot;icon&quot;:{&quot;value&quot;:&quot;fas fa-circle&quot;,&quot;library&quot;:&quot;fa-solid&quot;},&quot;no_headings_message&quot;:&quot;No headings were found on this page.&quot;,&quot;hierarchical_view&quot;:&quot;yes&quot;,&quot;min_height_tablet&quot;:{&quot;unit&quot;:&quot;px&quot;,&quot;size&quot;:&quot;&quot;,&quot;sizes&quot;:[]},&quot;min_height_mobile&quot;:{&quot;unit&quot;:&quot;px&quot;,&quot;size&quot;:&quot;&quot;,&quot;sizes&quot;:[]}}\" data-widget_type=\"table-of-contents.default\">\n\t\t\t\t<div class=\"elementor-widget-container\">\n\t\t\t\t\t\t\t\t\t<div class=\"elementor-toc__header\">\n\t\t\t\t\t\t<h5 class=\"elementor-toc__header-title\">\n\t\t\t\tRok vyd\u00e1n\u00ed\t\t\t<\/h5>\n\t\t\t\t\t\t\t\t<\/div>\n\t\t\t\t<div id=\"elementor-toc__e30dd2c\" class=\"elementor-toc__body\">\n\t\t\t<div class=\"elementor-toc__spinner-container\">\n\t\t\t\t<i class=\"elementor-toc__spinner eicon-animation-spin eicon-loading\" aria-hidden=\"true\"><\/i>\t\t\t<\/div>\n\t\t<\/div>\n\t\t\t\t\t\t<\/div>\n\t\t\t\t<\/div>\n\t\t\t\t<div class=\"elementor-element elementor-element-3aad30e elementor-nav-menu--dropdown-tablet elementor-nav-menu__text-align-aside elementor-nav-menu--toggle elementor-nav-menu--burger elementor-widget elementor-widget-nav-menu\" data-id=\"3aad30e\" data-element_type=\"widget\" data-e-type=\"widget\" data-settings=\"{&quot;layout&quot;:&quot;vertical&quot;,&quot;submenu_icon&quot;:{&quot;value&quot;:&quot;&lt;i class=\\&quot;fas fa-caret-down\\&quot; aria-hidden=\\&quot;true\\&quot;&gt;&lt;\\\/i&gt;&quot;,&quot;library&quot;:&quot;fa-solid&quot;},&quot;toggle&quot;:&quot;burger&quot;}\" data-widget_type=\"nav-menu.default\">\n\t\t\t\t<div class=\"elementor-widget-container\">\n\t\t\t\t\t\t\t\t<nav aria-label=\"Menu\" class=\"elementor-nav-menu--main elementor-nav-menu__container elementor-nav-menu--layout-vertical e--pointer-background e--animation-fade\">\n\t\t\t\t<ul id=\"menu-1-3aad30e\" class=\"elementor-nav-menu sm-vertical\"><li class=\"menu-item menu-item-type-post_type menu-item-object-page menu-item-3108\"><a href=\"https:\/\/oushi.upol.cz\/en\/publikace\/abstrakt\/\" class=\"elementor-item menu-link\">Abstrakt<\/a><\/li>\n<li class=\"menu-item menu-item-type-post_type menu-item-object-page menu-item-3107\"><a href=\"https:\/\/oushi.upol.cz\/en\/publikace\/certifikovana-metodika\/\" class=\"elementor-item menu-link\">Certifikovan\u00e1 metodika<\/a><\/li>\n<li class=\"menu-item menu-item-type-post_type menu-item-object-page menu-item-3106\"><a href=\"https:\/\/oushi.upol.cz\/en\/publikace\/clanky\/\" class=\"elementor-item menu-link\">\u010cl\u00e1nky<\/a><\/li>\n<li class=\"menu-item menu-item-type-post_type menu-item-object-page menu-item-3105\"><a href=\"https:\/\/oushi.upol.cz\/en\/publikace\/kapitola-v-knize\/\" class=\"elementor-item menu-link\">Kapitola v knize<\/a><\/li>\n<li class=\"menu-item menu-item-type-post_type menu-item-object-page menu-item-3104\"><a href=\"https:\/\/oushi.upol.cz\/en\/publikace\/monografie\/\" class=\"elementor-item menu-link\">Monografie<\/a><\/li>\n<li class=\"menu-item menu-item-type-post_type menu-item-object-page menu-item-3103\"><a href=\"https:\/\/oushi.upol.cz\/en\/publikace\/nastroje\/\" class=\"elementor-item menu-link\">N\u00e1stroje<\/a><\/li>\n<li class=\"menu-item menu-item-type-post_type menu-item-object-page menu-item-3102\"><a href=\"https:\/\/oushi.upol.cz\/en\/publikace\/postery\/\" class=\"elementor-item menu-link\">Postery<\/a><\/li>\n<li class=\"menu-item menu-item-type-post_type menu-item-object-page menu-item-3109\"><a href=\"https:\/\/oushi.upol.cz\/en\/publikace\/prispevky-ve-sborniku\/\" class=\"elementor-item menu-link\">P\u0159\u00edsp\u011bvky ve sborn\u00edku<\/a><\/li>\n<\/ul>\t\t\t<\/nav>\n\t\t\t\t\t<div class=\"elementor-menu-toggle\" role=\"button\" tabindex=\"0\" aria-label=\"Menu Toggle\" aria-expanded=\"false\">\n\t\t\t<i aria-hidden=\"true\" role=\"presentation\" class=\"elementor-menu-toggle__icon--open eicon-menu-bar\"><\/i><i aria-hidden=\"true\" role=\"presentation\" class=\"elementor-menu-toggle__icon--close eicon-close\"><\/i>\t\t<\/div>\n\t\t\t\t\t<nav class=\"elementor-nav-menu--dropdown elementor-nav-menu__container\" aria-hidden=\"true\">\n\t\t\t\t<ul id=\"menu-2-3aad30e\" class=\"elementor-nav-menu sm-vertical\"><li class=\"menu-item menu-item-type-post_type menu-item-object-page menu-item-3108\"><a href=\"https:\/\/oushi.upol.cz\/en\/publikace\/abstrakt\/\" class=\"elementor-item menu-link\" tabindex=\"-1\">Abstrakt<\/a><\/li>\n<li class=\"menu-item menu-item-type-post_type menu-item-object-page menu-item-3107\"><a href=\"https:\/\/oushi.upol.cz\/en\/publikace\/certifikovana-metodika\/\" class=\"elementor-item menu-link\" tabindex=\"-1\">Certifikovan\u00e1 metodika<\/a><\/li>\n<li class=\"menu-item menu-item-type-post_type menu-item-object-page menu-item-3106\"><a href=\"https:\/\/oushi.upol.cz\/en\/publikace\/clanky\/\" class=\"elementor-item menu-link\" tabindex=\"-1\">\u010cl\u00e1nky<\/a><\/li>\n<li class=\"menu-item menu-item-type-post_type menu-item-object-page menu-item-3105\"><a href=\"https:\/\/oushi.upol.cz\/en\/publikace\/kapitola-v-knize\/\" class=\"elementor-item menu-link\" tabindex=\"-1\">Kapitola v knize<\/a><\/li>\n<li class=\"menu-item menu-item-type-post_type menu-item-object-page menu-item-3104\"><a href=\"https:\/\/oushi.upol.cz\/en\/publikace\/monografie\/\" class=\"elementor-item menu-link\" tabindex=\"-1\">Monografie<\/a><\/li>\n<li class=\"menu-item menu-item-type-post_type menu-item-object-page menu-item-3103\"><a href=\"https:\/\/oushi.upol.cz\/en\/publikace\/nastroje\/\" class=\"elementor-item menu-link\" tabindex=\"-1\">N\u00e1stroje<\/a><\/li>\n<li class=\"menu-item menu-item-type-post_type menu-item-object-page menu-item-3102\"><a href=\"https:\/\/oushi.upol.cz\/en\/publikace\/postery\/\" class=\"elementor-item menu-link\" tabindex=\"-1\">Postery<\/a><\/li>\n<li class=\"menu-item menu-item-type-post_type menu-item-object-page menu-item-3109\"><a href=\"https:\/\/oushi.upol.cz\/en\/publikace\/prispevky-ve-sborniku\/\" class=\"elementor-item menu-link\" tabindex=\"-1\">P\u0159\u00edsp\u011bvky ve sborn\u00edku<\/a><\/li>\n<\/ul>\t\t\t<\/nav>\n\t\t\t\t\t\t<\/div>\n\t\t\t\t<\/div>\n\t\t\t\t\t<\/div>\n\t\t<\/div>\n\t\t\t\t<div class=\"elementor-column elementor-col-50 elementor-top-column elementor-element elementor-element-def9ed0\" data-id=\"def9ed0\" data-element_type=\"column\" data-e-type=\"column\">\n\t\t\t<div class=\"elementor-widget-wrap elementor-element-populated\">\n\t\t\t\t\t\t<div class=\"elementor-element elementor-element-64ae100 elementor-widget elementor-widget-html\" data-id=\"64ae100\" data-element_type=\"widget\" data-e-type=\"widget\" data-widget_type=\"html.default\">\n\t\t\t\t<div class=\"elementor-widget-container\">\n\t\t\t\t\t<h4 id=\"abstrakt2019\">2019<\/h4>\r\n<table width=\"700\">\r\n<tbody>\r\n<tr>\r\n<td>\u0160KROTT, Z., MISTR\u00cdK, M., ANDERSEN, K., FRIIS, S., MAJERA, D., O\u017dDIAN, T., BARTKOVA, J., POUCKOVA, P., HAJD\u00daCH, M., CVEK, B., DESHAIES, R., B\u00c1RTEK, J. ALCOHOL-ABUSE DRUG DISULFIRAM TARGETS CANCER VIA P97 SEGREGASE ADAPTOR NPL4. <em>Prague onco journal<\/em>, 2019, s. 65.<\/td>\r\n<td><img decoding=\"async\" class=\"alignnone wp-image-1536 size-full\" src=\"https:\/\/oushi.upol.cz\/wp-content\/uploads\/2018\/04\/logo-pdf.jpg\" alt=\"\" width=\"91\" height=\"91\" \/><\/td>\r\n<\/tr>\r\n\r\n<\/tbody>\r\n<\/table>\r\n\r\n<h4 id=\"abstrakt2018\">2018<\/h4>\r\n<div id=\"cms-component-div-16084\" class=\"component cms-background background-grey cms-padding component-htmltext\">\r\n<table width=\"700\">\r\n<tbody>\r\n<tr>\r\n<td>MISTR\u00cdK, M., \u0160KROTT, Z., HAJD\u00daCH, M., FRIIS, S., D\u017dUB\u00c1K, P., GURSK\u00dd, J., MAJERA, D., O\u017dDIAN, T., V\u00c1CLAVKOV\u00c1, J., MICHALOV\u00c1, M., POUCKOVA, P., CVEK, B., ANDERSEN, KK., B\u00c1RTEK, J. Alcohol-aversion drug disulfiram targets cancer via p97 segregase adaptor NPL4. <em>CANCER RESEARCH<\/em>, 2018, ro\u010d. 78, \u010d. 13, s. nestr\u00e1nkov\u00e1no.<\/td>\r\n<td><img decoding=\"async\" class=\"alignnone wp-image-1536 size-full\" src=\"https:\/\/oushi.upol.cz\/wp-content\/uploads\/2018\/04\/logo-pdf.jpg\" alt=\"\" width=\"91\" height=\"91\" \/><a href=\"https:\/\/oushi.upol.cz\/wp-content\/uploads\/2018\/04\/2017_Participation-in-organized-leisure-time.pdf\"><img decoding=\"async\" class=\"alignnone wp-image-1539\" src=\"https:\/\/oushi.upol.cz\/wp-content\/uploads\/2018\/04\/ikona-pdf-300x297.png\" alt=\"\" width=\"58\" height=\"57\" \/><\/a><\/td>\r\n<\/tr>\r\n<tr>\r\n<td>\u0160KROTT, Z., MISTR\u00cdK, M., ANDERSEN, KK., FRIIS, S., MAJERA, D., O\u017dDIAN, T., B\u00c1RTKOV\u00c1, J., D\u017dUB\u00c1K, P., SEDL\u00c1\u010cEK, J., LI, J., HAJD\u00daCH, M., CVEK, B., DESHAIES, RJ., B\u00c1RTEK, J. Alcohol abuse drug disulfiram targets cancer via p97 segregate adaptor NPL4. <em>ABSTRACT BOOK XIV. DIAGNOSTIC, PREDICTIVE AND EXPERIMENTAL ONCOLOGY DAYS<\/em>, 2018, s. 23.<\/td>\r\n<td><a href=\"https:\/\/oushi.upol.cz\/wp-content\/uploads\/2018\/04\/2017_Do-family-environment-factor.pdf\"><img decoding=\"async\" class=\"alignnone size-full wp-image-1652\" src=\"https:\/\/oushi.upol.cz\/wp-content\/uploads\/2018\/04\/ikona-pdf-ai58.png\" alt=\"\" width=\"58\" height=\"58\" \/><\/a><\/td>\r\n<\/tr>\r\n<tr>\r\n<td>VORL\u00cd\u010cEK, M., SALONNA, F., BA\u010eURA, P., VOK\u00c1\u010cOV\u00c1, J., KOLAR\u010cIK, P., MIT\u00c1\u0160, J. When a Child's Mind is Creating a New Project: An Innovative Approach To Motivate Adolescents To Move. <em>Abstract book<\/em>, 2018, s. 80.<\/td>\r\n<td><a href=\"https:\/\/oushi.upol.cz\/wp-content\/uploads\/2018\/04\/2017_How-Well-Do-Health-Mediation.pdf\"><img decoding=\"async\" class=\"alignnone size-full wp-image-1652\" src=\"https:\/\/oushi.upol.cz\/wp-content\/uploads\/2018\/04\/ikona-pdf-ai58.png\" alt=\"\" width=\"58\" height=\"58\" \/><\/a><\/td>\r\n<\/tr>\r\n<\/tbody>\r\n<\/table>\r\n<\/div>\r\n<div id=\"cms-component-div-16084\" class=\"component cms-background background-grey cms-padding component-htmltext\"><\/div>\t\t\t\t<\/div>\n\t\t\t\t<\/div>\n\t\t\t\t\t<\/div>\n\t\t<\/div>\n\t\t\t\t\t<\/div>\n\t\t<\/section>\n\t\t\t\t<\/div>\n\t\t","protected":false},"excerpt":{"rendered":"<p>Abstrakt Rok vyd\u00e1n\u00ed 2019 \u0160KROTT, Z., MISTR\u00cdK, M., ANDERSEN, K., FRIIS, S., MAJERA, D., O\u017dDIAN, T., BARTKOVA, J., POUCKOVA, P., HAJD\u00daCH, M., CVEK, B., DESHAIES, R., B\u00c1RTEK, J. ALCOHOL-ABUSE DRUG DISULFIRAM TARGETS CANCER VIA P97 SEGREGASE ADAPTOR NPL4. Prague onco journal, 2019, s. 65. 2018 MISTR\u00cdK, M., \u0160KROTT, Z., HAJD\u00daCH, M., FRIIS, S., D\u017dUB\u00c1K, P., &hellip;<\/p>\n<p class=\"read-more\"> <a class=\"\" href=\"https:\/\/oushi.upol.cz\/en\/publikace\/abstrakt\/\"> <span class=\"screen-reader-text\">Abstract<\/span> Read More &raquo;<\/a><\/p>","protected":false},"author":1,"featured_media":0,"parent":1529,"menu_order":0,"comment_status":"closed","ping_status":"closed","template":"","meta":{"site-sidebar-layout":"no-sidebar","site-content-layout":"page-builder","ast-global-header-display":"","ast-main-header-display":"","ast-hfb-above-header-display":"","ast-hfb-below-header-display":"","ast-hfb-mobile-header-display":"","site-post-title":"disabled","ast-breadcrumbs-content":"","ast-featured-img":"disabled","footer-sml-layout":"","theme-transparent-header-meta":"","adv-header-id-meta":"","stick-header-meta":"","header-above-stick-meta":"","header-main-stick-meta":"","header-below-stick-meta":"","footnotes":""},"class_list":["post-2882","page","type-page","status-publish","hentry"],"aioseo_notices":[],"_links":{"self":[{"href":"https:\/\/oushi.upol.cz\/en\/wp-json\/wp\/v2\/pages\/2882","targetHints":{"allow":["GET"]}}],"collection":[{"href":"https:\/\/oushi.upol.cz\/en\/wp-json\/wp\/v2\/pages"}],"about":[{"href":"https:\/\/oushi.upol.cz\/en\/wp-json\/wp\/v2\/types\/page"}],"author":[{"embeddable":true,"href":"https:\/\/oushi.upol.cz\/en\/wp-json\/wp\/v2\/users\/1"}],"replies":[{"embeddable":true,"href":"https:\/\/oushi.upol.cz\/en\/wp-json\/wp\/v2\/comments?post=2882"}],"version-history":[{"count":59,"href":"https:\/\/oushi.upol.cz\/en\/wp-json\/wp\/v2\/pages\/2882\/revisions"}],"predecessor-version":[{"id":7640,"href":"https:\/\/oushi.upol.cz\/en\/wp-json\/wp\/v2\/pages\/2882\/revisions\/7640"}],"up":[{"embeddable":true,"href":"https:\/\/oushi.upol.cz\/en\/wp-json\/wp\/v2\/pages\/1529"}],"wp:attachment":[{"href":"https:\/\/oushi.upol.cz\/en\/wp-json\/wp\/v2\/media?parent=2882"}],"curies":[{"name":"wp","href":"https:\/\/api.w.org\/{rel}","templated":true}]}}