{"id":2675,"date":"2022-06-23T12:23:24","date_gmt":"2022-06-23T10:23:24","guid":{"rendered":"http:\/\/upol.phsmart.eu\/?page_id=2675"},"modified":"2025-05-26T15:58:56","modified_gmt":"2025-05-26T13:58:56","slug":"aktuality-2","status":"publish","type":"page","link":"https:\/\/oushi.upol.cz\/en\/aktuality-2\/","title":{"rendered":"Latest News"},"content":{"rendered":"<div data-elementor-type=\"wp-page\" data-elementor-id=\"2675\" class=\"elementor elementor-2675\" data-elementor-post-type=\"page\">\n\t\t\t\t\t\t<section class=\"elementor-section elementor-top-section elementor-element elementor-element-7ab5489 elementor-section-boxed elementor-section-height-default elementor-section-height-default\" data-id=\"7ab5489\" data-element_type=\"section\" data-e-type=\"section\" data-settings=\"{&quot;background_background&quot;:&quot;classic&quot;}\">\n\t\t\t\t\t\t<div class=\"elementor-container elementor-column-gap-no\">\n\t\t\t\t\t<div class=\"elementor-column elementor-col-100 elementor-top-column elementor-element elementor-element-946802c\" data-id=\"946802c\" data-element_type=\"column\" data-e-type=\"column\">\n\t\t\t<div class=\"elementor-widget-wrap elementor-element-populated\">\n\t\t\t\t\t\t<section class=\"elementor-section elementor-inner-section elementor-element elementor-element-8abd90c elementor-section-boxed elementor-section-height-default elementor-section-height-default\" data-id=\"8abd90c\" data-element_type=\"section\" data-e-type=\"section\">\n\t\t\t\t\t\t<div class=\"elementor-container elementor-column-gap-no\">\n\t\t\t\t\t<div class=\"elementor-column elementor-col-100 elementor-inner-column elementor-element elementor-element-919ff31\" data-id=\"919ff31\" data-element_type=\"column\" data-e-type=\"column\">\n\t\t\t<div class=\"elementor-widget-wrap elementor-element-populated\">\n\t\t\t\t\t\t<div class=\"elementor-element elementor-element-bc40cb4 elementor-widget elementor-widget-heading\" data-id=\"bc40cb4\" data-element_type=\"widget\" data-e-type=\"widget\" data-widget_type=\"heading.default\">\n\t\t\t\t<div class=\"elementor-widget-container\">\n\t\t\t\t\t<h2 class=\"elementor-heading-title elementor-size-default\">Co je u n\u00e1s nov\u00e9ho?<\/h2>\t\t\t\t<\/div>\n\t\t\t\t<\/div>\n\t\t\t\t\t<\/div>\n\t\t<\/div>\n\t\t\t\t\t<\/div>\n\t\t<\/section>\n\t\t\t\t\t<\/div>\n\t\t<\/div>\n\t\t\t\t\t<\/div>\n\t\t<\/section>\n\t\t\t\t<section class=\"elementor-section elementor-top-section elementor-element elementor-element-85acefc elementor-section-boxed elementor-section-height-default elementor-section-height-default\" data-id=\"85acefc\" data-element_type=\"section\" data-e-type=\"section\">\n\t\t\t\t\t\t<div class=\"elementor-container elementor-column-gap-default\">\n\t\t\t\t\t<div class=\"elementor-column elementor-col-100 elementor-top-column elementor-element elementor-element-07e3f6b\" data-id=\"07e3f6b\" data-element_type=\"column\" data-e-type=\"column\">\n\t\t\t<div class=\"elementor-widget-wrap elementor-element-populated\">\n\t\t\t\t\t\t<div class=\"elementor-element elementor-element-85dc3a4 elementor-grid-3 elementor-grid-tablet-2 elementor-grid-mobile-1 elementor-posts--thumbnail-top elementor-widget elementor-widget-posts\" data-id=\"85dc3a4\" data-element_type=\"widget\" data-e-type=\"widget\" data-settings=\"{&quot;classic_columns&quot;:&quot;3&quot;,&quot;classic_columns_tablet&quot;:&quot;2&quot;,&quot;classic_columns_mobile&quot;:&quot;1&quot;,&quot;classic_row_gap&quot;:{&quot;unit&quot;:&quot;px&quot;,&quot;size&quot;:35,&quot;sizes&quot;:[]},&quot;classic_row_gap_tablet&quot;:{&quot;unit&quot;:&quot;px&quot;,&quot;size&quot;:&quot;&quot;,&quot;sizes&quot;:[]},&quot;classic_row_gap_mobile&quot;:{&quot;unit&quot;:&quot;px&quot;,&quot;size&quot;:&quot;&quot;,&quot;sizes&quot;:[]}}\" data-widget_type=\"posts.classic\">\n\t\t\t\t<div class=\"elementor-widget-container\">\n\t\t\t\t\t\t\t<div class=\"elementor-posts-container elementor-posts elementor-posts--skin-classic elementor-grid\" role=\"list\">\n\t\t\t\t<article class=\"elementor-post elementor-grid-item post-8716 post type-post status-publish format-standard hentry category-aktuality category-nezarazene\" role=\"listitem\">\n\t\t\t\t<div class=\"elementor-post__text\">\n\t\t\t\t<h3 class=\"elementor-post__title\">\n\t\t\t<a href=\"https:\/\/oushi.upol.cz\/en\/2025\/11\/03\/velmi-spatne-pohadky-v-soutezi-social-impact-award-ziskaly-cenu-verejnosti\/\" >\n\t\t\t\tVelmi \u0161patn\u00e9 poh\u00e1dky v sout\u011b\u017ei Social Impact Award z\u00edskaly Cenu ve\u0159ejnosti\t\t\t<\/a>\n\t\t<\/h3>\n\t\t\t\t<div class=\"elementor-post__meta-data\">\n\t\t\t\t\t<span class=\"elementor-post-date\">\n\t\t\t3. 11. 2025\t\t<\/span>\n\t\t\t\t<span class=\"elementor-post-avatar\">\n\t\t\tNo Comments\t\t<\/span>\n\t\t\t\t<\/div>\n\t\t\t\t<div class=\"elementor-post__excerpt\">\n\t\t\t<p>Sout\u011b\u017e mlad\u00fdch soci\u00e1ln\u00edch inov\u00e1tor\u016f Social Impact Award zn\u00e1 sv\u00e9 leto\u0161n\u00ed v\u00edt\u011bze. Je mezi nimi i doktorandka Cyrilometod\u011bjsk\u00e9 teologick\u00e9 fakulty UP a dvojn\u00e1sobn\u00e1 stipendistka\u00a0Nada\u010dn\u00edho fondu UP\u00a0Marta<\/p>\n\t\t<\/div>\n\t\t\n\t\t<a class=\"elementor-post__read-more\" href=\"https:\/\/oushi.upol.cz\/en\/2025\/11\/03\/velmi-spatne-pohadky-v-soutezi-social-impact-award-ziskaly-cenu-verejnosti\/\" aria-label=\"Read more about Velmi \u0161patn\u00e9 poh\u00e1dky v sout\u011b\u017ei Social Impact Award z\u00edskaly Cenu ve\u0159ejnosti\" tabindex=\"-1\" >\n\t\t\tRead More \u00bb\t\t<\/a>\n\n\t\t\t\t<\/div>\n\t\t\t\t<\/article>\n\t\t\t\t<article class=\"elementor-post elementor-grid-item post-8704 post type-post status-publish format-standard hentry category-aktuality\" role=\"listitem\">\n\t\t\t\t<div class=\"elementor-post__text\">\n\t\t\t\t<h3 class=\"elementor-post__title\">\n\t\t\t<a href=\"https:\/\/oushi.upol.cz\/en\/2025\/11\/03\/studie-hbsc-pribyva-obeznich-deti-dusevni-zdravi-souvisi-s-vnimanim-vlastniho-tela\/\" >\n\t\t\t\tStudie HBSC: P\u0159ib\u00fdv\u00e1 ob\u00e9zn\u00edch d\u011bt\u00ed, du\u0161evn\u00ed zdrav\u00ed souvis\u00ed s vn\u00edm\u00e1n\u00edm vlastn\u00edho t\u011bla\t\t\t<\/a>\n\t\t<\/h3>\n\t\t\t\t<div class=\"elementor-post__meta-data\">\n\t\t\t\t\t<span class=\"elementor-post-date\">\n\t\t\t3. 11. 2025\t\t<\/span>\n\t\t\t\t<span class=\"elementor-post-avatar\">\n\t\t\tNo Comments\t\t<\/span>\n\t\t\t\t<\/div>\n\t\t\t\t<div class=\"elementor-post__excerpt\">\n\t\t\t<p>V\u00edce ne\u017e p\u011btina \u010desk\u00fdch dosp\u00edvaj\u00edc\u00edch m\u00e1 nadv\u00e1hu nebo obezitu a&nbsp;jejich po\u010det neust\u00e1le roste. Ukazuj\u00ed to nejnov\u011bj\u0161\u00ed data z mezin\u00e1rodn\u00ed studie HBSC (Health Behaviour in School-aged<\/p>\n\t\t<\/div>\n\t\t\n\t\t<a class=\"elementor-post__read-more\" href=\"https:\/\/oushi.upol.cz\/en\/2025\/11\/03\/studie-hbsc-pribyva-obeznich-deti-dusevni-zdravi-souvisi-s-vnimanim-vlastniho-tela\/\" aria-label=\"Read more about Studie HBSC: P\u0159ib\u00fdv\u00e1 ob\u00e9zn\u00edch d\u011bt\u00ed, du\u0161evn\u00ed zdrav\u00ed souvis\u00ed s vn\u00edm\u00e1n\u00edm vlastn\u00edho t\u011bla\" tabindex=\"-1\" >\n\t\t\tRead More \u00bb\t\t<\/a>\n\n\t\t\t\t<\/div>\n\t\t\t\t<\/article>\n\t\t\t\t<article class=\"elementor-post elementor-grid-item post-8693 post type-post status-publish format-standard hentry category-aktuality\" role=\"listitem\">\n\t\t\t\t<div class=\"elementor-post__text\">\n\t\t\t\t<h3 class=\"elementor-post__title\">\n\t\t\t<a href=\"https:\/\/oushi.upol.cz\/en\/2025\/11\/03\/nenasilny-workshop-teologicka-fakulta-nabizi-novy-kurz-zamereny-na-komunikaci\/\" >\n\t\t\t\tNen\u00e1siln\u00fd workshop: teologick\u00e1 fakulta nab\u00edz\u00ed nov\u00fd kurz zam\u011b\u0159en\u00fd na komunikaci\t\t\t<\/a>\n\t\t<\/h3>\n\t\t\t\t<div class=\"elementor-post__meta-data\">\n\t\t\t\t\t<span class=\"elementor-post-date\">\n\t\t\t3. 11. 2025\t\t<\/span>\n\t\t\t\t<span class=\"elementor-post-avatar\">\n\t\t\tNo Comments\t\t<\/span>\n\t\t\t\t<\/div>\n\t\t\t\t<div class=\"elementor-post__excerpt\">\n\t\t\t<p>Cyrilometod\u011bjsk\u00e1 teologick\u00e1 fakulta UP otev\u00edr\u00e1 v r\u00e1mci celo\u017eivotn\u00edho vzd\u011bl\u00e1v\u00e1n\u00ed nov\u00fd kurz s\u00a0n\u00e1zvem\u00a0Nen\u00e1siln\u00fd workshop. Ur\u010den je z\u00e1jemc\u016fm, kte\u0159\u00ed se cht\u011bj\u00ed sezn\u00e1mit se z\u00e1kladn\u00edmi s principy a<\/p>\n\t\t<\/div>\n\t\t\n\t\t<a class=\"elementor-post__read-more\" href=\"https:\/\/oushi.upol.cz\/en\/2025\/11\/03\/nenasilny-workshop-teologicka-fakulta-nabizi-novy-kurz-zamereny-na-komunikaci\/\" aria-label=\"Read more about Nen\u00e1siln\u00fd workshop: teologick\u00e1 fakulta nab\u00edz\u00ed nov\u00fd kurz zam\u011b\u0159en\u00fd na komunikaci\" tabindex=\"-1\" >\n\t\t\tRead More \u00bb\t\t<\/a>\n\n\t\t\t\t<\/div>\n\t\t\t\t<\/article>\n\t\t\t\t<article class=\"elementor-post elementor-grid-item post-8428 post type-post status-publish format-standard hentry category-aktuality\" role=\"listitem\">\n\t\t\t\t<div class=\"elementor-post__text\">\n\t\t\t\t<h3 class=\"elementor-post__title\">\n\t\t\t<a href=\"https:\/\/oushi.upol.cz\/en\/2025\/08\/26\/prof-jan-smarda-je-dobre-si-uvedomit-ze-cas-je-omezeny-a-neodkladat-plneni-snu\/\" >\n\t\t\t\tProf. Jan \u0160marda: Je dobr\u00e9 si uv\u011bdomit, \u017ee \u010das je omezen\u00fd a neodkl\u00e1dat pln\u011bn\u00ed sn\u016f\t\t\t<\/a>\n\t\t<\/h3>\n\t\t\t\t<div class=\"elementor-post__meta-data\">\n\t\t\t\t\t<span class=\"elementor-post-date\">\n\t\t\t26. 8. 2025\t\t<\/span>\n\t\t\t\t<span class=\"elementor-post-avatar\">\n\t\t\tNo Comments\t\t<\/span>\n\t\t\t\t<\/div>\n\t\t\t\t<div class=\"elementor-post__excerpt\">\n\t\t\t<p>\u279b Jak a pro\u010d se bu\u0148ky v\u00a0lidsk\u00e9m t\u011ble obm\u011b\u0148uj\u00ed?\u279b Jak\u00e1 je bun\u011b\u010dn\u00e1 filozofie \u017eivota?\u279b Jak prof. \u0160marda vn\u00edm\u00e1 fakt, \u017ee p\u0159edn\u00e1\u0161\u00ed podle knihy sv\u00e9 zesnul\u00e9<\/p>\n\t\t<\/div>\n\t\t\n\t\t<a class=\"elementor-post__read-more\" href=\"https:\/\/oushi.upol.cz\/en\/2025\/08\/26\/prof-jan-smarda-je-dobre-si-uvedomit-ze-cas-je-omezeny-a-neodkladat-plneni-snu\/\" aria-label=\"Read more about Prof. Jan \u0160marda: Je dobr\u00e9 si uv\u011bdomit, \u017ee \u010das je omezen\u00fd a neodkl\u00e1dat pln\u011bn\u00ed sn\u016f\" tabindex=\"-1\" >\n\t\t\tRead More \u00bb\t\t<\/a>\n\n\t\t\t\t<\/div>\n\t\t\t\t<\/article>\n\t\t\t\t<article class=\"elementor-post elementor-grid-item post-8416 post type-post status-publish format-standard hentry category-aktuality\" role=\"listitem\">\n\t\t\t\t<div class=\"elementor-post__text\">\n\t\t\t\t<h3 class=\"elementor-post__title\">\n\t\t\t<a href=\"https:\/\/oushi.upol.cz\/en\/2025\/07\/16\/spiritualita-a-zdravi-klara-malinakova-v-dokumentu-ceske-televize\/\" >\n\t\t\t\tSpiritualita a zdrav\u00ed: Dr. Kl\u00e1ra Mali\u0148\u00e1kov\u00e1 v dokumentu \u010cesk\u00e9 televize\t\t\t<\/a>\n\t\t<\/h3>\n\t\t\t\t<div class=\"elementor-post__meta-data\">\n\t\t\t\t\t<span class=\"elementor-post-date\">\n\t\t\t16. 7. 2025\t\t<\/span>\n\t\t\t\t<span class=\"elementor-post-avatar\">\n\t\t\tNo Comments\t\t<\/span>\n\t\t\t\t<\/div>\n\t\t\t\t<div class=\"elementor-post__excerpt\">\n\t\t\t<p>M\u016f\u017ee v\u00edra ovliv\u0148ovat zdrav\u00ed? A jakou roli hraje duchovn\u00ed rozm\u011br v p\u00e9\u010di o \u010dlov\u011bka jako celek \u2013 tedy t\u011blesn\u011b, psychicky i duchovn\u011b? T\u011bmto ot\u00e1zk\u00e1m se<\/p>\n\t\t<\/div>\n\t\t\n\t\t<a class=\"elementor-post__read-more\" href=\"https:\/\/oushi.upol.cz\/en\/2025\/07\/16\/spiritualita-a-zdravi-klara-malinakova-v-dokumentu-ceske-televize\/\" aria-label=\"Read more about Spiritualita a zdrav\u00ed: Dr. Kl\u00e1ra Mali\u0148\u00e1kov\u00e1 v dokumentu \u010cesk\u00e9 televize\" tabindex=\"-1\" >\n\t\t\tRead More \u00bb\t\t<\/a>\n\n\t\t\t\t<\/div>\n\t\t\t\t<\/article>\n\t\t\t\t<article class=\"elementor-post elementor-grid-item post-8327 post type-post status-publish format-standard hentry category-aktuality category-nezarazene\" role=\"listitem\">\n\t\t\t\t<div class=\"elementor-post__text\">\n\t\t\t\t<h3 class=\"elementor-post__title\">\n\t\t\t<a href=\"https:\/\/oushi.upol.cz\/en\/2025\/06\/02\/vzacny_dvojity_doktorat_zidkova_novak\/\" >\n\t\t\t\tVz\u00e1cn\u00fd dvojit\u00fd doktor\u00e1t z\u00edskali na\u0161i kolegov\u00e9 Radka \u017d\u00eddkov\u00e1 a Luk\u00e1\u0161 Nov\u00e1k v Nizozemsku\t\t\t<\/a>\n\t\t<\/h3>\n\t\t\t\t<div class=\"elementor-post__meta-data\">\n\t\t\t\t\t<span class=\"elementor-post-date\">\n\t\t\t2. 6. 2025\t\t<\/span>\n\t\t\t\t<span class=\"elementor-post-avatar\">\n\t\t\tNo Comments\t\t<\/span>\n\t\t\t\t<\/div>\n\t\t\t\t<div class=\"elementor-post__excerpt\">\n\t\t\t<p>Radka \u017d\u00eddkov\u00e1 a Luk\u00e1\u0161 Nov\u00e1k, studenti CMTF UP, \u00fasp\u011b\u0161n\u011b ukon\u010dili Double Degree in Public Health, doktorsk\u00e9 studium pod dvoj\u00edm veden\u00edm diserta\u010dn\u00ed pr\u00e1ce (zn\u00e1m\u00e9 pod francouzsk\u00fdm<\/p>\n\t\t<\/div>\n\t\t\n\t\t<a class=\"elementor-post__read-more\" href=\"https:\/\/oushi.upol.cz\/en\/2025\/06\/02\/vzacny_dvojity_doktorat_zidkova_novak\/\" aria-label=\"Read more about Vz\u00e1cn\u00fd dvojit\u00fd doktor\u00e1t z\u00edskali na\u0161i kolegov\u00e9 Radka \u017d\u00eddkov\u00e1 a Luk\u00e1\u0161 Nov\u00e1k v Nizozemsku\" tabindex=\"-1\" >\n\t\t\tRead More \u00bb\t\t<\/a>\n\n\t\t\t\t<\/div>\n\t\t\t\t<\/article>\n\t\t\t\t<\/div>\n\t\t\n\t\t\t\t\t\t<\/div>\n\t\t\t\t<\/div>\n\t\t\t\t\t<\/div>\n\t\t<\/div>\n\t\t\t\t\t<\/div>\n\t\t<\/section>\n\t\t\t\t<\/div>","protected":false},"excerpt":{"rendered":"<p>Co je u n\u00e1s nov\u00e9ho?<\/p>","protected":false},"author":1,"featured_media":0,"parent":0,"menu_order":0,"comment_status":"closed","ping_status":"closed","template":"","meta":{"site-sidebar-layout":"no-sidebar","site-content-layout":"page-builder","ast-global-header-display":"","ast-main-header-display":"","ast-hfb-above-header-display":"","ast-hfb-below-header-display":"","ast-hfb-mobile-header-display":"","site-post-title":"disabled","ast-breadcrumbs-content":"","ast-featured-img":"disabled","footer-sml-layout":"","theme-transparent-header-meta":"","adv-header-id-meta":"","stick-header-meta":"","header-above-stick-meta":"","header-main-stick-meta":"","header-below-stick-meta":"","footnotes":""},"class_list":["post-2675","page","type-page","status-publish","hentry"],"aioseo_notices":[],"_links":{"self":[{"href":"https:\/\/oushi.upol.cz\/en\/wp-json\/wp\/v2\/pages\/2675","targetHints":{"allow":["GET"]}}],"collection":[{"href":"https:\/\/oushi.upol.cz\/en\/wp-json\/wp\/v2\/pages"}],"about":[{"href":"https:\/\/oushi.upol.cz\/en\/wp-json\/wp\/v2\/types\/page"}],"author":[{"embeddable":true,"href":"https:\/\/oushi.upol.cz\/en\/wp-json\/wp\/v2\/users\/1"}],"replies":[{"embeddable":true,"href":"https:\/\/oushi.upol.cz\/en\/wp-json\/wp\/v2\/comments?post=2675"}],"version-history":[{"count":51,"href":"https:\/\/oushi.upol.cz\/en\/wp-json\/wp\/v2\/pages\/2675\/revisions"}],"predecessor-version":[{"id":8320,"href":"https:\/\/oushi.upol.cz\/en\/wp-json\/wp\/v2\/pages\/2675\/revisions\/8320"}],"wp:attachment":[{"href":"https:\/\/oushi.upol.cz\/en\/wp-json\/wp\/v2\/media?parent=2675"}],"curies":[{"name":"wp","href":"https:\/\/api.w.org\/{rel}","templated":true}]}}