{"id":2114,"date":"2022-06-10T11:56:29","date_gmt":"2022-06-10T09:56:29","guid":{"rendered":"http:\/\/upol.phsmart.eu\/?page_id=2114"},"modified":"2023-11-18T19:32:41","modified_gmt":"2023-11-18T18:32:41","slug":"rigorozni-rizeni","status":"publish","type":"page","link":"https:\/\/oushi.upol.cz\/en\/vzdelavani\/rigorozni-rizeni\/","title":{"rendered":"Rigorous proceedings"},"content":{"rendered":"\t\t<div data-elementor-type=\"wp-page\" data-elementor-id=\"2114\" class=\"elementor elementor-2114\" data-elementor-post-type=\"page\">\n\t\t\t\t\t\t<section class=\"elementor-section elementor-top-section elementor-element elementor-element-90d86ad elementor-section-height-min-height elementor-section-boxed elementor-section-height-default elementor-section-items-middle elementor-invisible\" data-id=\"90d86ad\" data-element_type=\"section\" data-e-type=\"section\" data-settings=\"{&quot;background_background&quot;:&quot;classic&quot;,&quot;animation&quot;:&quot;fadeIn&quot;,&quot;background_motion_fx_motion_fx_scrolling&quot;:&quot;yes&quot;,&quot;background_motion_fx_devices&quot;:[&quot;desktop&quot;,&quot;tablet&quot;,&quot;mobile&quot;]}\">\n\t\t\t\t\t\t\t<div class=\"elementor-background-overlay\"><\/div>\n\t\t\t\t\t\t\t<div class=\"elementor-container elementor-column-gap-no\">\n\t\t\t\t\t<div class=\"elementor-column elementor-col-50 elementor-top-column elementor-element elementor-element-002d46b\" data-id=\"002d46b\" data-element_type=\"column\" data-e-type=\"column\">\n\t\t\t<div class=\"elementor-widget-wrap elementor-element-populated\">\n\t\t\t\t\t\t<div class=\"elementor-element elementor-element-ce798de elementor-widget elementor-widget-heading\" data-id=\"ce798de\" data-element_type=\"widget\" data-e-type=\"widget\" data-widget_type=\"heading.default\">\n\t\t\t\t<div class=\"elementor-widget-container\">\n\t\t\t\t\t<h1 class=\"elementor-heading-title elementor-size-default\">Rigor\u00f3zn\u00ed<br>\u0159\u00edzen\u00ed<\/h1>\t\t\t\t<\/div>\n\t\t\t\t<\/div>\n\t\t\t\t\t<\/div>\n\t\t<\/div>\n\t\t\t\t<div class=\"elementor-column elementor-col-50 elementor-top-column elementor-element elementor-element-822b246\" data-id=\"822b246\" data-element_type=\"column\" data-e-type=\"column\">\n\t\t\t<div class=\"elementor-widget-wrap elementor-element-populated\">\n\t\t\t\t\t\t\t<\/div>\n\t\t<\/div>\n\t\t\t\t\t<\/div>\n\t\t<\/section>\n\t\t\t\t<section class=\"elementor-section elementor-top-section elementor-element elementor-element-f3e81d8 elementor-section-boxed elementor-section-height-default elementor-section-height-default\" data-id=\"f3e81d8\" data-element_type=\"section\" data-e-type=\"section\">\n\t\t\t\t\t\t<div class=\"elementor-container elementor-column-gap-default\">\n\t\t\t\t\t<div class=\"elementor-column elementor-col-100 elementor-top-column elementor-element elementor-element-bf6efe8\" data-id=\"bf6efe8\" data-element_type=\"column\" data-e-type=\"column\" data-settings=\"{&quot;background_background&quot;:&quot;classic&quot;}\">\n\t\t\t<div class=\"elementor-widget-wrap elementor-element-populated\">\n\t\t\t\t\t\t<div class=\"elementor-element elementor-element-3549b8f elementor-widget elementor-widget-menu-anchor\" data-id=\"3549b8f\" data-element_type=\"widget\" data-e-type=\"widget\" data-widget_type=\"menu-anchor.default\">\n\t\t\t\t<div class=\"elementor-widget-container\">\n\t\t\t\t\t\t\t<div class=\"elementor-menu-anchor\" id=\"individualni\"><\/div>\n\t\t\t\t\t\t<\/div>\n\t\t\t\t<\/div>\n\t\t\t\t<div class=\"elementor-element elementor-element-a664cce elementor-position-inline-start elementor-view-default elementor-mobile-position-block-start elementor-widget elementor-widget-icon-box\" data-id=\"a664cce\" data-element_type=\"widget\" data-e-type=\"widget\" data-widget_type=\"icon-box.default\">\n\t\t\t\t<div class=\"elementor-widget-container\">\n\t\t\t\t\t\t\t<div class=\"elementor-icon-box-wrapper\">\n\n\t\t\t\t\t\t<div class=\"elementor-icon-box-icon\">\n\t\t\t\t<span  class=\"elementor-icon\">\n\t\t\t\t<i aria-hidden=\"true\" class=\"fas fa-tasks\"><\/i>\t\t\t\t<\/span>\n\t\t\t<\/div>\n\t\t\t\n\t\t\t\t\t\t<div class=\"elementor-icon-box-content\">\n\n\t\t\t\t\t\t\t\t\t<h3 class=\"elementor-icon-box-title\">\n\t\t\t\t\t\t<span  >\n\t\t\t\t\t\t\tSt\u00e1tn\u00ed rigor\u00f3zn\u00ed zkou\u0161ka\t\t\t\t\t\t<\/span>\n\t\t\t\t\t<\/h3>\n\t\t\t\t\n\t\t\t\t\n\t\t\t<\/div>\n\t\t\t\n\t\t<\/div>\n\t\t\t\t\t\t<\/div>\n\t\t\t\t<\/div>\n\t\t\t\t<div class=\"elementor-element elementor-element-9847146 elementor-widget elementor-widget-text-editor\" data-id=\"9847146\" data-element_type=\"widget\" data-e-type=\"widget\" data-widget_type=\"text-editor.default\">\n\t\t\t\t<div class=\"elementor-widget-container\">\n\t\t\t\t\t\t\t\t\t<p>St\u00e1tn\u00ed rigor\u00f3zn\u00ed zkou\u0161ku v oboru Aplikovan\u00e1 psychoterapie a inovace v soci\u00e1ln\u00ed pr\u00e1ci m\u016f\u017eete slo\u017eit, pokud jste absolvovali magistersk\u00e9 studijn\u00ed obory z oblasti soci\u00e1ln\u00ed pr\u00e1ce nebo psychologie. Sou\u010d\u00e1st\u00ed zkou\u0161ky je obhajoba rigor\u00f3zn\u00ed pr\u00e1ce, kter\u00e1 mus\u00ed obsahovat origin\u00e1ln\u00ed zpracov\u00e1n\u00ed problematiky dan\u00e9ho oboru nebo p\u016fvodn\u00ed v\u00fdsledky na \u00farovni, kter\u00e1 odpov\u00edd\u00e1 publika\u010dn\u00edmu standardu oboru. Za obh\u00e1jen\u00ed rigor\u00f3zn\u00ed pr\u00e1ce z\u00edsk\u00e1te diplom a akademick\u00fd titul PhDr. uv\u00e1d\u011bn\u00fd p\u0159ed jm\u00e9nem.<\/p>\t\t\t\t\t\t\t\t<\/div>\n\t\t\t\t<\/div>\n\t\t\t\t<div class=\"elementor-element elementor-element-e4c5668 elementor-align-right elementor-widget elementor-widget-button\" data-id=\"e4c5668\" data-element_type=\"widget\" data-e-type=\"widget\" data-widget_type=\"button.default\">\n\t\t\t\t<div class=\"elementor-widget-container\">\n\t\t\t\t\t\t\t\t\t<div class=\"elementor-button-wrapper\">\n\t\t\t\t\t<a class=\"elementor-button elementor-button-link elementor-size-sm\" href=\"https:\/\/www.cmtf.upol.cz\/studujte-u-nas\/rigorozni-rizeni\/\" target=\"_blank\">\n\t\t\t\t\t\t<span class=\"elementor-button-content-wrapper\">\n\t\t\t\t\t\t\t\t\t<span class=\"elementor-button-text\">dokumenty a p\u0159edpisy<\/span>\n\t\t\t\t\t<\/span>\n\t\t\t\t\t<\/a>\n\t\t\t\t<\/div>\n\t\t\t\t\t\t\t\t<\/div>\n\t\t\t\t<\/div>\n\t\t\t\t\t<\/div>\n\t\t<\/div>\n\t\t\t\t\t<\/div>\n\t\t<\/section>\n\t\t\t\t<\/div>\n\t\t","protected":false},"excerpt":{"rendered":"<p>Rigor\u00f3zn\u00ed\u0159\u00edzen\u00ed St\u00e1tn\u00ed rigor\u00f3zn\u00ed zkou\u0161ka St\u00e1tn\u00ed rigor\u00f3zn\u00ed zkou\u0161ku v oboru Aplikovan\u00e1 psychoterapie a inovace v soci\u00e1ln\u00ed pr\u00e1ci m\u016f\u017eete slo\u017eit, pokud jste absolvovali magistersk\u00e9 studijn\u00ed obory z oblasti soci\u00e1ln\u00ed pr\u00e1ce nebo psychologie. Sou\u010d\u00e1st\u00ed zkou\u0161ky je obhajoba rigor\u00f3zn\u00ed pr\u00e1ce, kter\u00e1 mus\u00ed obsahovat origin\u00e1ln\u00ed zpracov\u00e1n\u00ed problematiky dan\u00e9ho oboru nebo p\u016fvodn\u00ed v\u00fdsledky na \u00farovni, kter\u00e1 odpov\u00edd\u00e1 publika\u010dn\u00edmu standardu oboru. Za &hellip;<\/p>\n<p class=\"read-more\"> <a class=\"\" href=\"https:\/\/oushi.upol.cz\/en\/vzdelavani\/rigorozni-rizeni\/\"> <span class=\"screen-reader-text\">Rigorous proceedings<\/span> Read More &raquo;<\/a><\/p>","protected":false},"author":1,"featured_media":0,"parent":1485,"menu_order":0,"comment_status":"closed","ping_status":"closed","template":"","meta":{"site-sidebar-layout":"no-sidebar","site-content-layout":"page-builder","ast-global-header-display":"","ast-main-header-display":"","ast-hfb-above-header-display":"","ast-hfb-below-header-display":"","ast-hfb-mobile-header-display":"","site-post-title":"disabled","ast-breadcrumbs-content":"","ast-featured-img":"disabled","footer-sml-layout":"","theme-transparent-header-meta":"","adv-header-id-meta":"","stick-header-meta":"","header-above-stick-meta":"","header-main-stick-meta":"","header-below-stick-meta":"","footnotes":""},"class_list":["post-2114","page","type-page","status-publish","hentry"],"aioseo_notices":[],"_links":{"self":[{"href":"https:\/\/oushi.upol.cz\/en\/wp-json\/wp\/v2\/pages\/2114","targetHints":{"allow":["GET"]}}],"collection":[{"href":"https:\/\/oushi.upol.cz\/en\/wp-json\/wp\/v2\/pages"}],"about":[{"href":"https:\/\/oushi.upol.cz\/en\/wp-json\/wp\/v2\/types\/page"}],"author":[{"embeddable":true,"href":"https:\/\/oushi.upol.cz\/en\/wp-json\/wp\/v2\/users\/1"}],"replies":[{"embeddable":true,"href":"https:\/\/oushi.upol.cz\/en\/wp-json\/wp\/v2\/comments?post=2114"}],"version-history":[{"count":92,"href":"https:\/\/oushi.upol.cz\/en\/wp-json\/wp\/v2\/pages\/2114\/revisions"}],"predecessor-version":[{"id":7773,"href":"https:\/\/oushi.upol.cz\/en\/wp-json\/wp\/v2\/pages\/2114\/revisions\/7773"}],"up":[{"embeddable":true,"href":"https:\/\/oushi.upol.cz\/en\/wp-json\/wp\/v2\/pages\/1485"}],"wp:attachment":[{"href":"https:\/\/oushi.upol.cz\/en\/wp-json\/wp\/v2\/media?parent=2114"}],"curies":[{"name":"wp","href":"https:\/\/api.w.org\/{rel}","templated":true}]}}