{"id":2111,"date":"2022-06-10T11:47:36","date_gmt":"2022-06-10T09:47:36","guid":{"rendered":"http:\/\/upol.phsmart.eu\/?page_id=2111"},"modified":"2023-11-18T19:29:09","modified_gmt":"2023-11-18T18:29:09","slug":"magisterske-studium","status":"publish","type":"page","link":"https:\/\/oushi.upol.cz\/en\/vzdelavani\/magisterske-studium\/","title":{"rendered":"Follow-up master's degree program"},"content":{"rendered":"\t\t<div data-elementor-type=\"wp-page\" data-elementor-id=\"2111\" class=\"elementor elementor-2111\" data-elementor-post-type=\"page\">\n\t\t\t\t\t\t<section class=\"elementor-section elementor-top-section elementor-element elementor-element-cfbad1e elementor-section-height-min-height elementor-section-boxed elementor-section-height-default elementor-section-items-middle elementor-invisible\" data-id=\"cfbad1e\" data-element_type=\"section\" data-e-type=\"section\" data-settings=\"{&quot;background_background&quot;:&quot;classic&quot;,&quot;animation&quot;:&quot;fadeIn&quot;,&quot;background_motion_fx_motion_fx_scrolling&quot;:&quot;yes&quot;,&quot;background_motion_fx_devices&quot;:[&quot;desktop&quot;,&quot;tablet&quot;,&quot;mobile&quot;]}\">\n\t\t\t\t\t\t\t<div class=\"elementor-background-overlay\"><\/div>\n\t\t\t\t\t\t\t<div class=\"elementor-container elementor-column-gap-no\">\n\t\t\t\t\t<div class=\"elementor-column elementor-col-50 elementor-top-column elementor-element elementor-element-241e7df\" data-id=\"241e7df\" data-element_type=\"column\" data-e-type=\"column\">\n\t\t\t<div class=\"elementor-widget-wrap elementor-element-populated\">\n\t\t\t\t\t\t<div class=\"elementor-element elementor-element-11211e4 elementor-widget elementor-widget-heading\" data-id=\"11211e4\" data-element_type=\"widget\" data-e-type=\"widget\" data-widget_type=\"heading.default\">\n\t\t\t\t<div class=\"elementor-widget-container\">\n\t\t\t\t\t<h1 class=\"elementor-heading-title elementor-size-default\">Navazuj\u00edc\u00ed<br>magistersk\u00e9<br>studium<\/h1>\t\t\t\t<\/div>\n\t\t\t\t<\/div>\n\t\t\t\t\t<\/div>\n\t\t<\/div>\n\t\t\t\t<div class=\"elementor-column elementor-col-50 elementor-top-column elementor-element elementor-element-1273708\" data-id=\"1273708\" data-element_type=\"column\" data-e-type=\"column\">\n\t\t\t<div class=\"elementor-widget-wrap\">\n\t\t\t\t\t\t\t<\/div>\n\t\t<\/div>\n\t\t\t\t\t<\/div>\n\t\t<\/section>\n\t\t\t\t<section class=\"elementor-section elementor-top-section elementor-element elementor-element-d47fad6 elementor-section-boxed elementor-section-height-default elementor-section-height-default\" data-id=\"d47fad6\" data-element_type=\"section\" data-e-type=\"section\">\n\t\t\t\t\t\t<div class=\"elementor-container elementor-column-gap-default\">\n\t\t\t\t\t<div class=\"elementor-column elementor-col-100 elementor-top-column elementor-element elementor-element-ff1bf75\" data-id=\"ff1bf75\" data-element_type=\"column\" data-e-type=\"column\" data-settings=\"{&quot;background_background&quot;:&quot;classic&quot;}\">\n\t\t\t<div class=\"elementor-widget-wrap elementor-element-populated\">\n\t\t\t\t\t\t<div class=\"elementor-element elementor-element-aaad190 elementor-widget elementor-widget-menu-anchor\" data-id=\"aaad190\" data-element_type=\"widget\" data-e-type=\"widget\" data-widget_type=\"menu-anchor.default\">\n\t\t\t\t<div class=\"elementor-widget-container\">\n\t\t\t\t\t\t\t<div class=\"elementor-menu-anchor\" id=\"individualni\"><\/div>\n\t\t\t\t\t\t<\/div>\n\t\t\t\t<\/div>\n\t\t\t\t<div class=\"elementor-element elementor-element-acbf6c2 elementor-position-inline-start elementor-view-default elementor-mobile-position-block-start elementor-widget elementor-widget-icon-box\" data-id=\"acbf6c2\" data-element_type=\"widget\" data-e-type=\"widget\" data-widget_type=\"icon-box.default\">\n\t\t\t\t<div class=\"elementor-widget-container\">\n\t\t\t\t\t\t\t<div class=\"elementor-icon-box-wrapper\">\n\n\t\t\t\t\t\t<div class=\"elementor-icon-box-icon\">\n\t\t\t\t<span  class=\"elementor-icon\">\n\t\t\t\t<i aria-hidden=\"true\" class=\"fas fa-people-arrows\"><\/i>\t\t\t\t<\/span>\n\t\t\t<\/div>\n\t\t\t\n\t\t\t\t\t\t<div class=\"elementor-icon-box-content\">\n\n\t\t\t\t\t\t\t\t\t<h3 class=\"elementor-icon-box-title\">\n\t\t\t\t\t\t<span  >\n\t\t\t\t\t\t\tAplikovan\u00e1 psychoterapie a inovace v soci\u00e1ln\u00ed pr\u00e1ci\t\t\t\t\t\t<\/span>\n\t\t\t\t\t<\/h3>\n\t\t\t\t\n\t\t\t\t\n\t\t\t<\/div>\n\t\t\t\n\t\t<\/div>\n\t\t\t\t\t\t<\/div>\n\t\t\t\t<\/div>\n\t\t\t\t<div class=\"elementor-element elementor-element-67a9b60 elementor-widget elementor-widget-heading\" data-id=\"67a9b60\" data-element_type=\"widget\" data-e-type=\"widget\" data-widget_type=\"heading.default\">\n\t\t\t\t<div class=\"elementor-widget-container\">\n\t\t\t\t\t<span class=\"elementor-heading-title elementor-size-default\">Univerzita Palack\u00e9ho nab\u00edz\u00ed nov\u00fd studijn\u00ed program na pomez\u00ed soci\u00e1ln\u00ed pr\u00e1ce a psychoterapie. P\u0159in\u00e1\u0161\u00ed do \u010desk\u00e9ho prost\u0159ed\u00ed n\u011bco zcela nov\u00e9ho. Reaguje na prob\u00edhaj\u00edc\u00ed zm\u011bnu v psychiatrick\u00e9 p\u00e9\u010di, kter\u00e1 je inspirovan\u00e1 sou\u010dasn\u00fdm trendem ze zahrani\u010d\u00ed. Jde o zm\u011bnu p\u0159\u00edstupu k \u010dlov\u011bku: stav\u00ed na jeho jedine\u010dnosti a snaze pomoci mu v jeho dom\u00e1c\u00edm prost\u0159ed\u00ed. M\u00e1\u0161 mo\u017enost st\u00e1t se sou\u010d\u00e1st\u00ed odborn\u00e9ho t\u00fdmu \u2013 soci\u00e1ln\u00edm pracovn\u00edkem nov\u00e9 generace.\n<\/span>\t\t\t\t<\/div>\n\t\t\t\t<\/div>\n\t\t\t\t<div class=\"elementor-element elementor-element-0526862 elementor-align-right elementor-widget elementor-widget-button\" data-id=\"0526862\" data-element_type=\"widget\" data-e-type=\"widget\" data-widget_type=\"button.default\">\n\t\t\t\t<div class=\"elementor-widget-container\">\n\t\t\t\t\t\t\t\t\t<div class=\"elementor-button-wrapper\">\n\t\t\t\t\t<a class=\"elementor-button elementor-button-link elementor-size-sm\" href=\"https:\/\/www.inovacevpsychiatrii.cz\/\" target=\"_blank\">\n\t\t\t\t\t\t<span class=\"elementor-button-content-wrapper\">\n\t\t\t\t\t\t\t\t\t<span class=\"elementor-button-text\">v\u00edce info<\/span>\n\t\t\t\t\t<\/span>\n\t\t\t\t\t<\/a>\n\t\t\t\t<\/div>\n\t\t\t\t\t\t\t\t<\/div>\n\t\t\t\t<\/div>\n\t\t\t\t\t<\/div>\n\t\t<\/div>\n\t\t\t\t\t<\/div>\n\t\t<\/section>\n\t\t\t\t<\/div>\n\t\t","protected":false},"excerpt":{"rendered":"<p>Navazuj\u00edc\u00edmagistersk\u00e9studium Aplikovan\u00e1 psychoterapie a inovace v soci\u00e1ln\u00ed pr\u00e1ci Univerzita Palack\u00e9ho nab\u00edz\u00ed nov\u00fd studijn\u00ed program na pomez\u00ed soci\u00e1ln\u00ed pr\u00e1ce a psychoterapie. P\u0159in\u00e1\u0161\u00ed do \u010desk\u00e9ho prost\u0159ed\u00ed n\u011bco zcela nov\u00e9ho. Reaguje na prob\u00edhaj\u00edc\u00ed zm\u011bnu v psychiatrick\u00e9 p\u00e9\u010di, kter\u00e1 je inspirovan\u00e1 sou\u010dasn\u00fdm trendem ze zahrani\u010d\u00ed. Jde o zm\u011bnu p\u0159\u00edstupu k \u010dlov\u011bku: stav\u00ed na jeho jedine\u010dnosti a snaze pomoci mu &hellip;<\/p>\n<p class=\"read-more\"> <a class=\"\" href=\"https:\/\/oushi.upol.cz\/en\/vzdelavani\/magisterske-studium\/\"> <span class=\"screen-reader-text\">Follow-up master's degree program<\/span> Read More &raquo;<\/a><\/p>","protected":false},"author":1,"featured_media":0,"parent":1485,"menu_order":0,"comment_status":"closed","ping_status":"closed","template":"","meta":{"site-sidebar-layout":"no-sidebar","site-content-layout":"page-builder","ast-global-header-display":"","ast-main-header-display":"","ast-hfb-above-header-display":"","ast-hfb-below-header-display":"","ast-hfb-mobile-header-display":"","site-post-title":"disabled","ast-breadcrumbs-content":"","ast-featured-img":"disabled","footer-sml-layout":"","theme-transparent-header-meta":"","adv-header-id-meta":"","stick-header-meta":"","header-above-stick-meta":"","header-main-stick-meta":"","header-below-stick-meta":"","footnotes":""},"class_list":["post-2111","page","type-page","status-publish","hentry"],"aioseo_notices":[],"_links":{"self":[{"href":"https:\/\/oushi.upol.cz\/en\/wp-json\/wp\/v2\/pages\/2111","targetHints":{"allow":["GET"]}}],"collection":[{"href":"https:\/\/oushi.upol.cz\/en\/wp-json\/wp\/v2\/pages"}],"about":[{"href":"https:\/\/oushi.upol.cz\/en\/wp-json\/wp\/v2\/types\/page"}],"author":[{"embeddable":true,"href":"https:\/\/oushi.upol.cz\/en\/wp-json\/wp\/v2\/users\/1"}],"replies":[{"embeddable":true,"href":"https:\/\/oushi.upol.cz\/en\/wp-json\/wp\/v2\/comments?post=2111"}],"version-history":[{"count":98,"href":"https:\/\/oushi.upol.cz\/en\/wp-json\/wp\/v2\/pages\/2111\/revisions"}],"predecessor-version":[{"id":7761,"href":"https:\/\/oushi.upol.cz\/en\/wp-json\/wp\/v2\/pages\/2111\/revisions\/7761"}],"up":[{"embeddable":true,"href":"https:\/\/oushi.upol.cz\/en\/wp-json\/wp\/v2\/pages\/1485"}],"wp:attachment":[{"href":"https:\/\/oushi.upol.cz\/en\/wp-json\/wp\/v2\/media?parent=2111"}],"curies":[{"name":"wp","href":"https:\/\/api.w.org\/{rel}","templated":true}]}}