{"id":1618,"date":"2022-04-11T23:45:28","date_gmt":"2022-04-11T21:45:28","guid":{"rendered":"http:\/\/upol.phsmart.eu\/?page_id=1618"},"modified":"2023-11-18T19:29:27","modified_gmt":"2023-11-18T18:29:27","slug":"doktorske-studium","status":"publish","type":"page","link":"https:\/\/oushi.upol.cz\/en\/vzdelavani\/doktorske-studium\/","title":{"rendered":"Doctoral program"},"content":{"rendered":"\t\t<div data-elementor-type=\"wp-page\" data-elementor-id=\"1618\" class=\"elementor elementor-1618\" data-elementor-post-type=\"page\">\n\t\t\t\t\t\t<section class=\"elementor-section elementor-top-section elementor-element elementor-element-518d879 elementor-section-height-min-height elementor-section-boxed elementor-section-height-default elementor-section-items-middle elementor-invisible\" data-id=\"518d879\" data-element_type=\"section\" data-e-type=\"section\" data-settings=\"{&quot;background_background&quot;:&quot;classic&quot;,&quot;animation&quot;:&quot;fadeIn&quot;,&quot;background_motion_fx_motion_fx_scrolling&quot;:&quot;yes&quot;,&quot;background_motion_fx_devices&quot;:[&quot;desktop&quot;,&quot;tablet&quot;,&quot;mobile&quot;]}\">\n\t\t\t\t\t\t\t<div class=\"elementor-background-overlay\"><\/div>\n\t\t\t\t\t\t\t<div class=\"elementor-container elementor-column-gap-no\">\n\t\t\t\t\t<div class=\"elementor-column elementor-col-50 elementor-top-column elementor-element elementor-element-bf1f6cc\" data-id=\"bf1f6cc\" data-element_type=\"column\" data-e-type=\"column\">\n\t\t\t<div class=\"elementor-widget-wrap\">\n\t\t\t\t\t\t\t<\/div>\n\t\t<\/div>\n\t\t\t\t<div class=\"elementor-column elementor-col-50 elementor-top-column elementor-element elementor-element-6a34370\" data-id=\"6a34370\" data-element_type=\"column\" data-e-type=\"column\">\n\t\t\t<div class=\"elementor-widget-wrap elementor-element-populated\">\n\t\t\t\t\t\t<div class=\"elementor-element elementor-element-b02e271 elementor-widget elementor-widget-heading\" data-id=\"b02e271\" data-element_type=\"widget\" data-e-type=\"widget\" data-widget_type=\"heading.default\">\n\t\t\t\t<div class=\"elementor-widget-container\">\n\t\t\t\t\t<h1 class=\"elementor-heading-title elementor-size-default\">Doktorsk\u00e9<br>studium<\/h1>\t\t\t\t<\/div>\n\t\t\t\t<\/div>\n\t\t\t\t\t<\/div>\n\t\t<\/div>\n\t\t\t\t\t<\/div>\n\t\t<\/section>\n\t\t\t\t<section class=\"elementor-section elementor-top-section elementor-element elementor-element-9690023 elementor-section-boxed elementor-section-height-default elementor-section-height-default\" data-id=\"9690023\" data-element_type=\"section\" data-e-type=\"section\" data-settings=\"{&quot;background_background&quot;:&quot;slideshow&quot;,&quot;background_slideshow_gallery&quot;:[],&quot;background_slideshow_loop&quot;:&quot;yes&quot;,&quot;background_slideshow_slide_duration&quot;:5000,&quot;background_slideshow_slide_transition&quot;:&quot;fade&quot;,&quot;background_slideshow_transition_duration&quot;:500}\">\n\t\t\t\t\t\t<div class=\"elementor-container elementor-column-gap-default\">\n\t\t\t\t\t<div class=\"elementor-column elementor-col-100 elementor-top-column elementor-element elementor-element-f1deb23\" data-id=\"f1deb23\" data-element_type=\"column\" data-e-type=\"column\">\n\t\t\t<div class=\"elementor-widget-wrap elementor-element-populated\">\n\t\t\t\t\t\t<div class=\"elementor-element elementor-element-8ca42fd elementor-widget elementor-widget-heading\" data-id=\"8ca42fd\" data-element_type=\"widget\" data-e-type=\"widget\" data-widget_type=\"heading.default\">\n\t\t\t\t<div class=\"elementor-widget-container\">\n\t\t\t\t\t<h2 class=\"elementor-heading-title elementor-size-default\">Realizujeme jedine\u010dn\u00fd program doktorsk\u00e9ho studia, kter\u00fd je zalo\u017een\u00fd na interdisciplin\u00e1rn\u00edm p\u0159\u00edstupu ke zdrav\u00ed a nemoci.<\/h2>\t\t\t\t<\/div>\n\t\t\t\t<\/div>\n\t\t\t\t<div class=\"elementor-element elementor-element-100756d elementor-widget elementor-widget-text-editor\" data-id=\"100756d\" data-element_type=\"widget\" data-e-type=\"widget\" data-widget_type=\"text-editor.default\">\n\t\t\t\t<div class=\"elementor-widget-container\">\n\t\t\t\t\t\t\t\t\t<p>Toto postgradu\u00e1ln\u00ed studium je zam\u011b\u0159en\u00e9 na v\u00fdzkum a m\u016f\u017eete je studovat v\u00a0\u010desk\u00e9m nebo anglick\u00e9m jazyce. \u00dasp\u011b\u0161n\u00ed absolventi z\u00edskaj\u00ed po slo\u017een\u00ed st\u00e1tn\u00ed doktorsk\u00e9 zkou\u0161ky a obh\u00e1jen\u00ed dizerta\u010dn\u00ed pr\u00e1ce titul Ph.D.<\/p>\t\t\t\t\t\t\t\t<\/div>\n\t\t\t\t<\/div>\n\t\t\t\t\t<\/div>\n\t\t<\/div>\n\t\t\t\t\t<\/div>\n\t\t<\/section>\n\t\t\t\t<section class=\"elementor-section elementor-top-section elementor-element elementor-element-0cd249f elementor-section-boxed elementor-section-height-default elementor-section-height-default\" data-id=\"0cd249f\" data-element_type=\"section\" data-e-type=\"section\">\n\t\t\t\t\t\t<div class=\"elementor-container elementor-column-gap-default\">\n\t\t\t\t\t<div class=\"elementor-column elementor-col-100 elementor-top-column elementor-element elementor-element-1794b4b\" data-id=\"1794b4b\" data-element_type=\"column\" data-e-type=\"column\" data-settings=\"{&quot;background_background&quot;:&quot;classic&quot;}\">\n\t\t\t<div class=\"elementor-widget-wrap elementor-element-populated\">\n\t\t\t\t\t\t<div class=\"elementor-element elementor-element-465575d elementor-position-inline-start elementor-view-default elementor-mobile-position-block-start elementor-widget elementor-widget-icon-box\" data-id=\"465575d\" data-element_type=\"widget\" data-e-type=\"widget\" data-widget_type=\"icon-box.default\">\n\t\t\t\t<div class=\"elementor-widget-container\">\n\t\t\t\t\t\t\t<div class=\"elementor-icon-box-wrapper\">\n\n\t\t\t\t\t\t<div class=\"elementor-icon-box-icon\">\n\t\t\t\t<span  class=\"elementor-icon\">\n\t\t\t\t<i aria-hidden=\"true\" class=\"fas fa-heartbeat\"><\/i>\t\t\t\t<\/span>\n\t\t\t<\/div>\n\t\t\t\n\t\t\t\t\t\t<div class=\"elementor-icon-box-content\">\n\n\t\t\t\t\t\t\t\t\t<h3 class=\"elementor-icon-box-title\">\n\t\t\t\t\t\t<span  >\n\t\t\t\t\t\t\tSoci\u00e1ln\u00ed a spiritu\u00e1ln\u00ed determinanty zdrav\u00ed\t\t\t\t\t\t<\/span>\n\t\t\t\t\t<\/h3>\n\t\t\t\t\n\t\t\t\t\n\t\t\t<\/div>\n\t\t\t\n\t\t<\/div>\n\t\t\t\t\t\t<\/div>\n\t\t\t\t<\/div>\n\t\t\t\t<div class=\"elementor-element elementor-element-1f6749e elementor-widget elementor-widget-text-editor\" data-id=\"1f6749e\" data-element_type=\"widget\" data-e-type=\"widget\" data-widget_type=\"text-editor.default\">\n\t\t\t\t<div class=\"elementor-widget-container\">\n\t\t\t\t\t\t\t\t\t\u010cty\u0159let\u00fd doktorsk\u00fd studijn\u00ed program zam\u011b\u0159en\u00fd na v\u00fdzkum v oblasti zkoum\u00e1n\u00ed soci\u00e1ln\u00edch a spiritu\u00e1ln\u00edch aspekt\u016f zdrav\u00ed. <br>Vych\u00e1z\u00ed z\u00a0bio-psycho-socio-spiritu\u00e1ln\u00edho modelu zdrav\u00ed a je mo\u017en\u00e9 jej studovat prezen\u010dn\u011b \u010di kombinovan\u011b.\t\t\t\t\t\t\t\t<\/div>\n\t\t\t\t<\/div>\n\t\t\t\t<div class=\"elementor-element elementor-element-c9d67b2 elementor-align-right elementor-widget elementor-widget-button\" data-id=\"c9d67b2\" data-element_type=\"widget\" data-e-type=\"widget\" data-no-translation=\"\" data-widget_type=\"button.default\">\n\t\t\t\t<div class=\"elementor-widget-container\">\n\t\t\t\t\t<style>.elementor-element-c9d67b2{display:none !important}<\/style>\t\t\t\t<\/div>\n\t\t\t\t<\/div>\n\t\t\t\t<div class=\"elementor-element elementor-element-c105a8b elementor-align-right elementor-widget elementor-widget-button\" data-id=\"c105a8b\" data-element_type=\"widget\" data-e-type=\"widget\" data-widget_type=\"button.default\">\n\t\t\t\t<div class=\"elementor-widget-container\">\n\t\t\t\t\t\t\t\t\t<div class=\"elementor-button-wrapper\">\n\t\t\t\t\t<a class=\"elementor-button elementor-button-link elementor-size-sm\" href=\"https:\/\/www.socialhealth.cz\/\" target=\"_blank\">\n\t\t\t\t\t\t<span class=\"elementor-button-content-wrapper\">\n\t\t\t\t\t\t\t\t\t<span class=\"elementor-button-text\">v\u00edce info<\/span>\n\t\t\t\t\t<\/span>\n\t\t\t\t\t<\/a>\n\t\t\t\t<\/div>\n\t\t\t\t\t\t\t\t<\/div>\n\t\t\t\t<\/div>\n\t\t\t\t\t<\/div>\n\t\t<\/div>\n\t\t\t\t\t<\/div>\n\t\t<\/section>\n\t\t\t\t<\/div>\n\t\t","protected":false},"excerpt":{"rendered":"<p>Doktorsk\u00e9studium Realizujeme jedine\u010dn\u00fd program doktorsk\u00e9ho studia, kter\u00fd je zalo\u017een\u00fd na interdisciplin\u00e1rn\u00edm p\u0159\u00edstupu ke zdrav\u00ed a nemoci. Toto postgradu\u00e1ln\u00ed studium je zam\u011b\u0159en\u00e9 na v\u00fdzkum a m\u016f\u017eete je studovat v\u00a0\u010desk\u00e9m nebo anglick\u00e9m jazyce. \u00dasp\u011b\u0161n\u00ed absolventi z\u00edskaj\u00ed po slo\u017een\u00ed st\u00e1tn\u00ed doktorsk\u00e9 zkou\u0161ky a obh\u00e1jen\u00ed dizerta\u010dn\u00ed pr\u00e1ce titul Ph.D. Soci\u00e1ln\u00ed a spiritu\u00e1ln\u00ed determinanty zdrav\u00ed \u010cty\u0159let\u00fd doktorsk\u00fd studijn\u00ed program zam\u011b\u0159en\u00fd &hellip;<\/p>\n<p class=\"read-more\"> <a class=\"\" href=\"https:\/\/oushi.upol.cz\/en\/vzdelavani\/doktorske-studium\/\"> <span class=\"screen-reader-text\">Doctoral program<\/span> Read More &raquo;<\/a><\/p>","protected":false},"author":1,"featured_media":0,"parent":1485,"menu_order":0,"comment_status":"closed","ping_status":"closed","template":"","meta":{"site-sidebar-layout":"no-sidebar","site-content-layout":"page-builder","ast-global-header-display":"","ast-main-header-display":"","ast-hfb-above-header-display":"","ast-hfb-below-header-display":"","ast-hfb-mobile-header-display":"","site-post-title":"disabled","ast-breadcrumbs-content":"","ast-featured-img":"disabled","footer-sml-layout":"","theme-transparent-header-meta":"","adv-header-id-meta":"","stick-header-meta":"","header-above-stick-meta":"","header-main-stick-meta":"","header-below-stick-meta":"","footnotes":""},"class_list":["post-1618","page","type-page","status-publish","hentry"],"aioseo_notices":[],"_links":{"self":[{"href":"https:\/\/oushi.upol.cz\/en\/wp-json\/wp\/v2\/pages\/1618","targetHints":{"allow":["GET"]}}],"collection":[{"href":"https:\/\/oushi.upol.cz\/en\/wp-json\/wp\/v2\/pages"}],"about":[{"href":"https:\/\/oushi.upol.cz\/en\/wp-json\/wp\/v2\/types\/page"}],"author":[{"embeddable":true,"href":"https:\/\/oushi.upol.cz\/en\/wp-json\/wp\/v2\/users\/1"}],"replies":[{"embeddable":true,"href":"https:\/\/oushi.upol.cz\/en\/wp-json\/wp\/v2\/comments?post=1618"}],"version-history":[{"count":169,"href":"https:\/\/oushi.upol.cz\/en\/wp-json\/wp\/v2\/pages\/1618\/revisions"}],"predecessor-version":[{"id":7764,"href":"https:\/\/oushi.upol.cz\/en\/wp-json\/wp\/v2\/pages\/1618\/revisions\/7764"}],"up":[{"embeddable":true,"href":"https:\/\/oushi.upol.cz\/en\/wp-json\/wp\/v2\/pages\/1485"}],"wp:attachment":[{"href":"https:\/\/oushi.upol.cz\/en\/wp-json\/wp\/v2\/media?parent=1618"}],"curies":[{"name":"wp","href":"https:\/\/api.w.org\/{rel}","templated":true}]}}